{"id":58,"date":"2015-12-02T10:36:36","date_gmt":"2015-12-02T09:36:36","guid":{"rendered":"http:\/\/www.efj.press\/christellepuga\/?page_id=58"},"modified":"2015-12-02T15:58:04","modified_gmt":"2015-12-02T14:58:04","slug":"personnes-contactees","status":"publish","type":"page","link":"http:\/\/www.efj.press\/christellepuga\/grande-enquete\/personnes-contactees\/","title":{"rendered":"Personnes contact\u00e9es"},"content":{"rendered":"<p style=\"text-align: center;\"><em>Liste non exhaustive<\/em><\/p>\n<p style=\"text-align: left;\">\u00a0 \u00a0 \u00a0 <em>\u00a0<strong>Lanceurs d&rsquo;alerte :<\/strong><\/em><\/p>\n<ul>\n<li><strong>Women&rsquo;s Voices For The Earth<\/strong>, organisation qui lutte pour \u00ab\u00a0d\u00e9sintoxifier\u00a0\u00bb les produits d&rsquo;hygi\u00e8ne f\u00e9minine. \u00a0(Interlocuteur principal, <strong>Alexandra Scranton<\/strong>, directrice des recherches et des sciences)<\/li>\n<li><strong>M\u00e9lanie Doerflinger<\/strong>, cr\u00e9atrice de la p\u00e9tition \u00ab\u00a0Rendre visible la composition des tampons et serviettes hygi\u00e9niques\u00a0\u00bb<\/li>\n<li><strong>Meghan Telpner<\/strong>, nutritionniste, auteur de \u00ab\u00a0Tampax tampons : toxic stick of death\u00a0\u00bb<\/li>\n<li><strong>G\u00e9raldine Feuillien<\/strong>, auteur du blog, la fille du capitaine, r\u00e9dactrice de l&rsquo;article \u00ab\u00a0Tampax : arme de d\u00e9population massive\u00a0\u00bb (traduction fran\u00e7aise du rapport de Meghan Telpner<\/li>\n<li><strong>Claire Severac<\/strong>, auteur du livre \u00ab\u00a0Complot mondiale contre la Sant\u00e9\u00a0\u00bb<\/li>\n<li><strong>Bernard Tailliez<\/strong>, directeur des recherches du Laboratoire Analytika<\/li>\n<li><strong>Lauren Wasser<\/strong>, mannequin victime du SCT<\/li>\n<\/ul>\n<p>&nbsp;<\/p>\n<p><em><strong>\u00a0 \u00a0 \u00a0 M\u00e9decins \/ Sp\u00e9cialistes<\/strong><\/em><\/p>\n<ul>\n<li><strong>Thierry Harvey<\/strong>, gyn\u00e9cologue \u00e0 la maternit\u00e9 des Diaconesses<\/li>\n<li><strong>Institut Pasteur<\/strong>, unit\u00e9 des staphylocoques<\/li>\n<li><strong>Centre national de r\u00e9f\u00e9rence des staphylocoques<\/strong><\/li>\n<li><strong>Centre anti-poison de Paris<\/strong><\/li>\n<li><strong>Centre des maladies infectieuses<\/strong><\/li>\n<li><strong>OMS<\/strong><\/li>\n<\/ul>\n<p>&nbsp;<\/p>\n<p><em><strong>\u00a0 \u00a0 \u00a0 Associations\u00a0<\/strong><\/em><\/p>\n<ul>\n<li><strong>Association ADSF<\/strong>, association pour le d\u00e9veloppement de la sant\u00e9 des femmes<\/li>\n<li><strong>60 millions de consommateurs<\/strong><\/li>\n<\/ul>\n<p>&nbsp;<\/p>\n<p><em><strong>\u00a0 \u00a0 \u00a0 Blog sur les alternatives (cup, tampon bio)<\/strong><\/em><\/p>\n<ul>\n<li>\u00a0<strong>Les anglais ont d\u00e9barqu\u00e9s<\/strong>, pro-cup<\/li>\n<\/ul>\n<p>&nbsp;<\/p>\n<p><em><strong>\u00a0 \u00a0 \u00a0Industries du tampon<\/strong><\/em><\/p>\n<ul>\n<li><strong>Tampax<\/strong> (Procter&amp;Gamble)<\/li>\n<li><strong>Nett<\/strong> (Johnson&amp;Johnson)<\/li>\n<\/ul>\n<p>&nbsp;<\/p>\n","protected":false},"excerpt":{"rendered":"<p>Liste non exhaustive \u00a0 \u00a0 \u00a0 \u00a0Lanceurs d&rsquo;alerte : Women&rsquo;s Voices For The Earth, organisation qui lutte pour \u00ab\u00a0d\u00e9sintoxifier\u00a0\u00bb les produits d&rsquo;hygi\u00e8ne f\u00e9minine. \u00a0(Interlocuteur principal, Alexandra Scranton, directrice des recherches et des sciences) M\u00e9lanie Doerflinger, cr\u00e9atrice de la p\u00e9tition \u00ab\u00a0Rendre visible la composition des tampons et serviettes hygi\u00e9niques\u00a0\u00bb Meghan Telpner, nutritionniste, auteur de \u00ab\u00a0Tampax tampons &hellip; <a href=\"http:\/\/www.efj.press\/christellepuga\/grande-enquete\/personnes-contactees\/\" class=\"more-link\">Continuer la lecture de <span class=\"screen-reader-text\">Personnes contact\u00e9es<\/span>  <span class=\"meta-nav\">&rarr;<\/span><\/a><\/p>\n","protected":false},"author":25,"featured_media":0,"parent":47,"menu_order":0,"comment_status":"closed","ping_status":"closed","template":"","meta":{"footnotes":""},"_links":{"self":[{"href":"http:\/\/www.efj.press\/christellepuga\/wp-json\/wp\/v2\/pages\/58"}],"collection":[{"href":"http:\/\/www.efj.press\/christellepuga\/wp-json\/wp\/v2\/pages"}],"about":[{"href":"http:\/\/www.efj.press\/christellepuga\/wp-json\/wp\/v2\/types\/page"}],"author":[{"embeddable":true,"href":"http:\/\/www.efj.press\/christellepuga\/wp-json\/wp\/v2\/users\/25"}],"replies":[{"embeddable":true,"href":"http:\/\/www.efj.press\/christellepuga\/wp-json\/wp\/v2\/comments?post=58"}],"version-history":[{"count":7,"href":"http:\/\/www.efj.press\/christellepuga\/wp-json\/wp\/v2\/pages\/58\/revisions"}],"predecessor-version":[{"id":92,"href":"http:\/\/www.efj.press\/christellepuga\/wp-json\/wp\/v2\/pages\/58\/revisions\/92"}],"up":[{"embeddable":true,"href":"http:\/\/www.efj.press\/christellepuga\/wp-json\/wp\/v2\/pages\/47"}],"wp:attachment":[{"href":"http:\/\/www.efj.press\/christellepuga\/wp-json\/wp\/v2\/media?parent=58"}],"curies":[{"name":"wp","href":"https:\/\/api.w.org\/{rel}","templated":true}]}}