{"id":54,"date":"2015-12-02T10:31:54","date_gmt":"2015-12-02T09:31:54","guid":{"rendered":"http:\/\/www.efj.press\/christellepuga\/?page_id=54"},"modified":"2015-12-02T16:01:04","modified_gmt":"2015-12-02T15:01:04","slug":"pourquoi-ce-sujet","status":"publish","type":"page","link":"http:\/\/www.efj.press\/christellepuga\/grande-enquete\/pourquoi-ce-sujet\/","title":{"rendered":"Pourquoi ce sujet ?"},"content":{"rendered":"<p><strong>Syndrome du Choc Toxique<\/strong>. Derri\u00e8re ce nom quelque peu barbare, se cache de sombres histoires. Des faits-divers dans les journaux, des t\u00e9moignages sur des forums racontant le d\u00e9c\u00e8s soudain de jeunes filles utilisant des tampons.<\/p>\n<p>Rumeurs ou faits av\u00e9r\u00e9s, depuis plusieurs ann\u00e9es, je me posais la question quant \u00e0 la v\u00e9racit\u00e9 de ces \u00e9v\u00e8nements. Des doutes qui m&rsquo;amenait \u00e0 me m\u00e9fier des tampons, pourtant aux apparences inoffensives. Mais ma connaissance limit\u00e9e \u00e0 ce sujet et le manque de preuves flagrantes m&#8217;emp\u00eachaient d&rsquo;en sortir quelque chose de concret.<strong>\u00a0<\/strong><\/p>\n<p>La donne change en juin 2015. <a href=\"http:\/\/www.metronews.fr\/info\/lauren-wasser-la-mannequin-qui-a-perdu-sa-jambe-a-cause-d-un-tampon-hygienique\/mofv!0zXESthts62\/\" target=\"_blank\">J&rsquo;apprends dans les m\u00e9dias<\/a> qu&rsquo;une jeune mannequin, Lauren Wasser, se bat contre l&rsquo;industrie du tampon. Sa vie a bascul\u00e9e <strong>apr\u00e8s avoir perdue sa jambe pour un tampon<\/strong>. Elle explique qu&rsquo;elle a d\u00e9velopp\u00e9 le choc toxique de mani\u00e8re foudroyante malgr\u00e9 le respect des pr\u00e9cautions conseill\u00e9es (ne pas porter de tampons plus de 8h, \u00e9viter d&rsquo;en porter la nuit, etc). Cette histoire m&rsquo;interpelle et mes doutes se confirment.<\/p>\n<figure id=\"attachment_76\" aria-describedby=\"caption-attachment-76\" style=\"width: 300px\" class=\"wp-caption aligncenter\"><a href=\"http:\/\/www.efj.press\/christellepuga\/wp-content\/uploads\/sites\/23\/2015\/12\/Lauren-Wasser-Amputation-Tampons.jpg\"><img loading=\"lazy\" decoding=\"async\" class=\"size-medium wp-image-76\" src=\"http:\/\/www.efj.press\/christellepuga\/wp-content\/uploads\/sites\/23\/2015\/12\/Lauren-Wasser-Amputation-Tampons-300x161.jpg\" alt=\"La mannequin Lauren Wasser\" width=\"300\" height=\"161\" srcset=\"http:\/\/www.efj.press\/christellepuga\/wp-content\/uploads\/sites\/23\/2015\/12\/Lauren-Wasser-Amputation-Tampons-300x161.jpg 300w, http:\/\/www.efj.press\/christellepuga\/wp-content\/uploads\/sites\/23\/2015\/12\/Lauren-Wasser-Amputation-Tampons.jpg 861w\" sizes=\"(max-width: 300px) 100vw, 300px\" \/><\/a><figcaption id=\"caption-attachment-76\" class=\"wp-caption-text\">La mannequin Lauren Wasser<\/figcaption><\/figure>\n<p style=\"text-align: left;\">Je d\u00e9couvre alors un autre article qui cl\u00f4t mes doutes.<strong>\u00a0<\/strong><\/p>\n<p>Sur son blog, la r\u00e9alisatrice Ovidie poste <a href=\"http:\/\/www.metronews.fr\/blog\/ovidie\/2015\/07\/01\/syndrome-du-choc-toxique-40-ans-de-lutte-contre-les-tampons\/\" target=\"_blank\">un article retra\u00e7ant <strong>40 ans de lutte contre les tampons<\/strong><\/a>. Les vagues de victimes du SCT ne datent pas d&rsquo;hier (elles datent m\u00eame des ann\u00e9es 70\/80), et une remise en cause existe vraiment quant \u00e0 la composition des tampons.<\/p>\n<p><strong>\u00a0<\/strong>D&rsquo;ailleurs, parlons de composition. En France, <strong>aucune bo\u00eete de tampons ne contient de liste exacte des composants <\/strong>(voir<a href=\"http:\/\/www.labo-analytika.com\/documents\/20151120_Tampons_hygiene_feminine_intime_Rapport_analytique_preliminaire_150820_AnAlytikA.pdf\" target=\"_blank\"> \u00e0 la fin du rapport <\/a>du laboratoire Analytika, des photos de bo\u00eetes de tampons). Une \u00e9tudiante fran\u00e7aise en a m\u00eame fait son combat : imposer \u00e0 Tampax d&rsquo;ajouter sur leur emballage, cette fameuse liste.<\/p>\n<p>La r\u00e9ponse des concern\u00e9s est surprenante : d&rsquo;apr\u00e8s la loi, ils ne sont pas oblig\u00e9s de le mentionner car leur produit est class\u00e9 dans la cat\u00e9gorie du papier\/mouchoir. Pire, selon leurs dires, ils n&rsquo;auraient pas la place sur les bo\u00eetes pour le faire.<\/p>\n<p>Face \u00e0 ces r\u00e9ponses aberrantes, le sujet de mon enqu\u00eate est d\u00e9sormais clair : d\u00e9couvrir ce qui se cache derri\u00e8re tout cela.<\/p>\n","protected":false},"excerpt":{"rendered":"<p>Syndrome du Choc Toxique. Derri\u00e8re ce nom quelque peu barbare, se cache de sombres histoires. Des faits-divers dans les journaux, des t\u00e9moignages sur des forums racontant le d\u00e9c\u00e8s soudain de jeunes filles utilisant des tampons. Rumeurs ou faits av\u00e9r\u00e9s, depuis plusieurs ann\u00e9es, je me posais la question quant \u00e0 la v\u00e9racit\u00e9 de ces \u00e9v\u00e8nements. Des &hellip; <a href=\"http:\/\/www.efj.press\/christellepuga\/grande-enquete\/pourquoi-ce-sujet\/\" class=\"more-link\">Continuer la lecture de <span class=\"screen-reader-text\">Pourquoi ce sujet ?<\/span>  <span class=\"meta-nav\">&rarr;<\/span><\/a><\/p>\n","protected":false},"author":25,"featured_media":0,"parent":47,"menu_order":0,"comment_status":"closed","ping_status":"closed","template":"","meta":{"footnotes":""},"_links":{"self":[{"href":"http:\/\/www.efj.press\/christellepuga\/wp-json\/wp\/v2\/pages\/54"}],"collection":[{"href":"http:\/\/www.efj.press\/christellepuga\/wp-json\/wp\/v2\/pages"}],"about":[{"href":"http:\/\/www.efj.press\/christellepuga\/wp-json\/wp\/v2\/types\/page"}],"author":[{"embeddable":true,"href":"http:\/\/www.efj.press\/christellepuga\/wp-json\/wp\/v2\/users\/25"}],"replies":[{"embeddable":true,"href":"http:\/\/www.efj.press\/christellepuga\/wp-json\/wp\/v2\/comments?post=54"}],"version-history":[{"count":7,"href":"http:\/\/www.efj.press\/christellepuga\/wp-json\/wp\/v2\/pages\/54\/revisions"}],"predecessor-version":[{"id":94,"href":"http:\/\/www.efj.press\/christellepuga\/wp-json\/wp\/v2\/pages\/54\/revisions\/94"}],"up":[{"embeddable":true,"href":"http:\/\/www.efj.press\/christellepuga\/wp-json\/wp\/v2\/pages\/47"}],"wp:attachment":[{"href":"http:\/\/www.efj.press\/christellepuga\/wp-json\/wp\/v2\/media?parent=54"}],"curies":[{"name":"wp","href":"https:\/\/api.w.org\/{rel}","templated":true}]}}