{"id":47,"date":"2015-12-02T10:19:35","date_gmt":"2015-12-02T09:19:35","guid":{"rendered":"http:\/\/www.efj.press\/christellepuga\/?page_id=47"},"modified":"2015-12-02T14:02:17","modified_gmt":"2015-12-02T13:02:17","slug":"grande-enquete","status":"publish","type":"page","link":"http:\/\/www.efj.press\/christellepuga\/","title":{"rendered":"Grande enqu\u00eate"},"content":{"rendered":"<p><strong>TAMPONS, DANGEREUX POUR LA SANTE ?<\/strong><\/p>\n<p>En moyenne, une femme portera 11 500 tampons dans sa vie. Mais quand est-il de l&rsquo;impact sur son corps ?<\/p>\n<p>Les industries concern\u00e9es ne sont pas transparentes quant \u00e0 la composition de ces produits.<br \/>\nCe qui a pouss\u00e9 des chercheurs \u00e0 remettre en question les tampons et \u00e0 d\u00e9couvrir les composants toxiques qu&rsquo;ils cachent.<\/p>\n<p>Une enqu\u00eate r\u00e9alis\u00e9e par Christelle Puga et Camille Monier.<\/p>\n<p><iframe loading=\"lazy\" src=\"https:\/\/www.youtube.com\/embed\/VCqxx3FpQxw\" width=\"560\" height=\"315\" frameborder=\"0\" allowfullscreen=\"allowfullscreen\"><\/iframe><\/p>\n","protected":false},"excerpt":{"rendered":"<p>TAMPONS, DANGEREUX POUR LA SANTE ? En moyenne, une femme portera 11 500 tampons dans sa vie. Mais quand est-il de l&rsquo;impact sur son corps ? Les industries concern\u00e9es ne sont pas transparentes quant \u00e0 la composition de ces produits. Ce qui a pouss\u00e9 des chercheurs \u00e0 remettre en question les tampons et \u00e0 d\u00e9couvrir &hellip; <a href=\"http:\/\/www.efj.press\/christellepuga\/\" class=\"more-link\">Continuer la lecture de <span class=\"screen-reader-text\">Grande enqu\u00eate<\/span>  <span class=\"meta-nav\">&rarr;<\/span><\/a><\/p>\n","protected":false},"author":25,"featured_media":0,"parent":0,"menu_order":0,"comment_status":"closed","ping_status":"closed","template":"","meta":{"footnotes":""},"_links":{"self":[{"href":"http:\/\/www.efj.press\/christellepuga\/wp-json\/wp\/v2\/pages\/47"}],"collection":[{"href":"http:\/\/www.efj.press\/christellepuga\/wp-json\/wp\/v2\/pages"}],"about":[{"href":"http:\/\/www.efj.press\/christellepuga\/wp-json\/wp\/v2\/types\/page"}],"author":[{"embeddable":true,"href":"http:\/\/www.efj.press\/christellepuga\/wp-json\/wp\/v2\/users\/25"}],"replies":[{"embeddable":true,"href":"http:\/\/www.efj.press\/christellepuga\/wp-json\/wp\/v2\/comments?post=47"}],"version-history":[{"count":8,"href":"http:\/\/www.efj.press\/christellepuga\/wp-json\/wp\/v2\/pages\/47\/revisions"}],"predecessor-version":[{"id":82,"href":"http:\/\/www.efj.press\/christellepuga\/wp-json\/wp\/v2\/pages\/47\/revisions\/82"}],"wp:attachment":[{"href":"http:\/\/www.efj.press\/christellepuga\/wp-json\/wp\/v2\/media?parent=47"}],"curies":[{"name":"wp","href":"https:\/\/api.w.org\/{rel}","templated":true}]}}