{"id":33,"date":"2016-11-30T13:53:59","date_gmt":"2016-11-30T12:53:59","guid":{"rendered":"http:\/\/www.efj.press\/cassandradecarvalho\/?page_id=33"},"modified":"2016-11-30T15:20:26","modified_gmt":"2016-11-30T14:20:26","slug":"travaux-mojo","status":"publish","type":"page","link":"http:\/\/www.efj.press\/cassandradecarvalho\/travaux-mojo\/","title":{"rendered":"MOJO"},"content":{"rendered":"<p>Voici ma page concernant mes travaux Mojo.<\/p>\n<p>Le Mojo, journalisme mobile, est une m\u00e9thode permettant de produire des sujets enti\u00e8rement tourn\u00e9s avec son smartphone.<\/p>\n<p>Notre smartphone devient alors un v\u00e9ritable outil de travail car \u00ab\u00a0the best camera is the camera you have with you\u00a0\u00bb<\/p>\n<p>Bon visionnage !<\/p>\n<p><iframe loading=\"lazy\" width=\"474\" height=\"267\" src=\"https:\/\/www.youtube.com\/embed\/s_3XhWc70YM?feature=oembed\" frameborder=\"0\" allowfullscreen><\/iframe><\/p>\n<p>Vid\u00e9o film\u00e9e avec un iPhone 6 et mont\u00e9e avec iMovie<\/p>\n<p>&nbsp;<\/p>\n<p><iframe loading=\"lazy\" width=\"474\" height=\"267\" src=\"https:\/\/www.youtube.com\/embed\/L-sNmx1HsX8?feature=oembed\" frameborder=\"0\" allowfullscreen><\/iframe><\/p>\n<p>Vid\u00e9o film\u00e9e avec un iPhone 6 et mont\u00e9e avec iMovie<\/p>\n","protected":false},"excerpt":{"rendered":"<p>Voici ma page concernant mes travaux Mojo. Le Mojo, journalisme mobile, est une m\u00e9thode permettant de produire des sujets enti\u00e8rement tourn\u00e9s avec son smartphone. Notre smartphone devient alors un v\u00e9ritable outil de travail car \u00ab\u00a0the best camera is the camera you have with you\u00a0\u00bb Bon visionnage ! Vid\u00e9o film\u00e9e avec un iPhone 6 et mont\u00e9e &hellip; <a href=\"http:\/\/www.efj.press\/cassandradecarvalho\/travaux-mojo\/\" class=\"more-link\">Continuer la lecture de <span class=\"screen-reader-text\">MOJO<\/span>  <span class=\"meta-nav\">&rarr;<\/span><\/a><\/p>\n","protected":false},"author":126,"featured_media":62,"parent":0,"menu_order":0,"comment_status":"closed","ping_status":"closed","template":"","meta":{"footnotes":""},"_links":{"self":[{"href":"http:\/\/www.efj.press\/cassandradecarvalho\/wp-json\/wp\/v2\/pages\/33"}],"collection":[{"href":"http:\/\/www.efj.press\/cassandradecarvalho\/wp-json\/wp\/v2\/pages"}],"about":[{"href":"http:\/\/www.efj.press\/cassandradecarvalho\/wp-json\/wp\/v2\/types\/page"}],"author":[{"embeddable":true,"href":"http:\/\/www.efj.press\/cassandradecarvalho\/wp-json\/wp\/v2\/users\/126"}],"replies":[{"embeddable":true,"href":"http:\/\/www.efj.press\/cassandradecarvalho\/wp-json\/wp\/v2\/comments?post=33"}],"version-history":[{"count":7,"href":"http:\/\/www.efj.press\/cassandradecarvalho\/wp-json\/wp\/v2\/pages\/33\/revisions"}],"predecessor-version":[{"id":81,"href":"http:\/\/www.efj.press\/cassandradecarvalho\/wp-json\/wp\/v2\/pages\/33\/revisions\/81"}],"wp:featuredmedia":[{"embeddable":true,"href":"http:\/\/www.efj.press\/cassandradecarvalho\/wp-json\/wp\/v2\/media\/62"}],"wp:attachment":[{"href":"http:\/\/www.efj.press\/cassandradecarvalho\/wp-json\/wp\/v2\/media?parent=33"}],"curies":[{"name":"wp","href":"https:\/\/api.w.org\/{rel}","templated":true}]}}