{"id":31,"date":"2016-11-16T16:10:18","date_gmt":"2016-11-16T15:10:18","guid":{"rendered":"http:\/\/www.efj.press\/cassandradecarvalho\/?page_id=31"},"modified":"2018-03-31T22:13:10","modified_gmt":"2018-03-31T21:13:10","slug":"page-daccueil","status":"publish","type":"page","link":"http:\/\/www.efj.press\/cassandradecarvalho\/","title":{"rendered":"Bienvenue \u00e0 tous sur mon blog !"},"content":{"rendered":"<p>&nbsp;<\/p>\n<p><img loading=\"lazy\" decoding=\"async\" class=\"alignnone size-medium wp-image-184 aligncenter\" src=\"http:\/\/www.efj.press\/cassandradecarvalho\/wp-content\/uploads\/sites\/145\/2016\/11\/IMG_8439-300x225.jpg\" alt=\"img_8439\" width=\"300\" height=\"225\" srcset=\"http:\/\/www.efj.press\/cassandradecarvalho\/wp-content\/uploads\/sites\/145\/2016\/11\/IMG_8439-300x225.jpg 300w, http:\/\/www.efj.press\/cassandradecarvalho\/wp-content\/uploads\/sites\/145\/2016\/11\/IMG_8439.jpg 640w\" sizes=\"(max-width: 300px) 100vw, 300px\" \/><\/p>\n<p style=\"text-align: center\"><strong>Je m&rsquo;appelle Cassandra De Carvalho, j&rsquo;ai 20 ans et je suis actuellement en deuxi\u00e8me\u00a0ann\u00e9e \u00e0 l&rsquo;EFJ Paris.<\/strong><\/p>\n<p style=\"text-align: center\"><strong>Sur mon blog, vous\u00a0trouverez une partie de mes\u00a0r\u00e9alisations scolaires ainsi que personnelles (articles, vid\u00e9os mojo, reportages, projets&#8230;)<\/strong><\/p>\n<p style=\"text-align: center\"><strong>Je vous invite \u00e9galement \u00e0 me suivre sur les r\u00e9seaux sociaux !<\/strong><a href=\"https:\/\/www.youtube.com\/channel\/UC-MlaumUOjNU9K4USi9CAdw\"><strong>\u00a0<\/strong><img loading=\"lazy\" decoding=\"async\" class=\"alignnone wp-image-75\" src=\"http:\/\/www.efj.press\/cassandradecarvalho\/wp-content\/uploads\/sites\/145\/2016\/11\/ytb-logo.png\" alt=\"\" width=\"184\" height=\"184\" srcset=\"http:\/\/www.efj.press\/cassandradecarvalho\/wp-content\/uploads\/sites\/145\/2016\/11\/ytb-logo.png 225w, http:\/\/www.efj.press\/cassandradecarvalho\/wp-content\/uploads\/sites\/145\/2016\/11\/ytb-logo-150x150.png 150w\" sizes=\"(max-width: 184px) 100vw, 184px\" \/><\/a> <a href=\"https:\/\/www.facebook.com\/profile.php?id=100004339486350\"><img loading=\"lazy\" decoding=\"async\" class=\"alignnone wp-image-79\" src=\"http:\/\/www.efj.press\/cassandradecarvalho\/wp-content\/uploads\/sites\/145\/2016\/11\/fb-logo.png\" alt=\"\" width=\"128\" height=\"128\" srcset=\"http:\/\/www.efj.press\/cassandradecarvalho\/wp-content\/uploads\/sites\/145\/2016\/11\/fb-logo.png 225w, http:\/\/www.efj.press\/cassandradecarvalho\/wp-content\/uploads\/sites\/145\/2016\/11\/fb-logo-150x150.png 150w\" sizes=\"(max-width: 128px) 100vw, 128px\" \/><\/a><a href=\"https:\/\/twitter.com\/efj_cassandra\"><img loading=\"lazy\" decoding=\"async\" class=\"alignnone wp-image-78\" src=\"http:\/\/www.efj.press\/cassandradecarvalho\/wp-content\/uploads\/sites\/145\/2016\/11\/logo-twitter-1.png\" alt=\"logo-twitter\" width=\"168\" height=\"168\" srcset=\"http:\/\/www.efj.press\/cassandradecarvalho\/wp-content\/uploads\/sites\/145\/2016\/11\/logo-twitter-1.png 225w, http:\/\/www.efj.press\/cassandradecarvalho\/wp-content\/uploads\/sites\/145\/2016\/11\/logo-twitter-1-150x150.png 150w\" sizes=\"(max-width: 168px) 100vw, 168px\" \/><\/a><a href=\"https:\/\/www.linkedin.com\/profile\/preview?locale=fr_FR&amp;trk=prof-0-sb-preview-primary-button\"><img loading=\"lazy\" decoding=\"async\" class=\"alignnone wp-image-116\" src=\"http:\/\/www.efj.press\/cassandradecarvalho\/wp-content\/uploads\/sites\/145\/2016\/11\/link.png\" alt=\"link\" width=\"141\" height=\"141\" srcset=\"http:\/\/www.efj.press\/cassandradecarvalho\/wp-content\/uploads\/sites\/145\/2016\/11\/link.png 300w, http:\/\/www.efj.press\/cassandradecarvalho\/wp-content\/uploads\/sites\/145\/2016\/11\/link-150x150.png 150w\" sizes=\"(max-width: 141px) 100vw, 141px\" \/><\/a><\/p>\n<p>&nbsp;<\/p>\n<p>&nbsp;<\/p>\n<p style=\"text-align: center\"><strong>Bonne lecture.<\/strong><\/p>\n<p>&nbsp;<\/p>\n","protected":false},"excerpt":{"rendered":"<p>&nbsp; Je m&rsquo;appelle Cassandra De Carvalho, j&rsquo;ai 20 ans et je suis actuellement en deuxi\u00e8me\u00a0ann\u00e9e \u00e0 l&rsquo;EFJ Paris. Sur mon blog, vous\u00a0trouverez une partie de mes\u00a0r\u00e9alisations scolaires ainsi que personnelles (articles, vid\u00e9os mojo, reportages, projets&#8230;) Je vous invite \u00e9galement \u00e0 me suivre sur les r\u00e9seaux sociaux !\u00a0 &nbsp; &nbsp; Bonne lecture. &nbsp;<\/p>\n","protected":false},"author":126,"featured_media":0,"parent":0,"menu_order":0,"comment_status":"closed","ping_status":"closed","template":"","meta":{"footnotes":""},"_links":{"self":[{"href":"http:\/\/www.efj.press\/cassandradecarvalho\/wp-json\/wp\/v2\/pages\/31"}],"collection":[{"href":"http:\/\/www.efj.press\/cassandradecarvalho\/wp-json\/wp\/v2\/pages"}],"about":[{"href":"http:\/\/www.efj.press\/cassandradecarvalho\/wp-json\/wp\/v2\/types\/page"}],"author":[{"embeddable":true,"href":"http:\/\/www.efj.press\/cassandradecarvalho\/wp-json\/wp\/v2\/users\/126"}],"replies":[{"embeddable":true,"href":"http:\/\/www.efj.press\/cassandradecarvalho\/wp-json\/wp\/v2\/comments?post=31"}],"version-history":[{"count":20,"href":"http:\/\/www.efj.press\/cassandradecarvalho\/wp-json\/wp\/v2\/pages\/31\/revisions"}],"predecessor-version":[{"id":185,"href":"http:\/\/www.efj.press\/cassandradecarvalho\/wp-json\/wp\/v2\/pages\/31\/revisions\/185"}],"wp:attachment":[{"href":"http:\/\/www.efj.press\/cassandradecarvalho\/wp-json\/wp\/v2\/media?parent=31"}],"curies":[{"name":"wp","href":"https:\/\/api.w.org\/{rel}","templated":true}]}}