{"id":101,"date":"2016-12-05T23:46:15","date_gmt":"2016-12-05T22:46:15","guid":{"rendered":"http:\/\/www.efj.press\/cassandradecarvalho\/?page_id=101"},"modified":"2017-09-12T18:33:59","modified_gmt":"2017-09-12T17:33:59","slug":"curriculum-vitae","status":"publish","type":"page","link":"http:\/\/www.efj.press\/cassandradecarvalho\/curriculum-vitae\/","title":{"rendered":"Curriculum Vitae"},"content":{"rendered":"<p style=\"text-align: center\"><em>Cassandra De Carvalho<\/em><\/p>\n<ul>\n<li>Date de naissance : 13\/02\/1998<\/li>\n<li>88 rue du petit sol<\/li>\n<li>95800 Cergy<\/li>\n<li>T\u00e9l\u00e9phone portable : 06 11 26 15 75\/ Fixe : 01 30 31 57 25<\/li>\n<li>Mail : cassandra.decarvalho@gmail.com<\/li>\n<\/ul>\n<p style=\"text-align: center\"><strong><em>Comp\u00e9tences<\/em><\/strong><\/p>\n<ul>\n<li>Anglais : couramment (lu, parl\u00e9, \u00e9crit)<\/li>\n<li>Espagnol : niveau secondaire (lu, parl\u00e9, \u00e9crit)<\/li>\n<li>Maitrise des r\u00e9seaux sociaux : Facebook, Twitter, Instagram, Snapchat, Youtube<\/li>\n<li>Techniques de base r\u00e9dactionnelles<\/li>\n<li>MOJO (Mobile Journalisme)<\/li>\n<li>Montage vid\u00e9o : iMovie, Quik, Videoshop<\/li>\n<\/ul>\n<p style=\"text-align: center\"><em><strong>Formations<\/strong><\/em><\/p>\n<ul>\n<li>Mai &#8211; Juin 2017 : Stage de deux mois au sein du pureplayer <em>Les \u00c9claireuses<\/em>\u00a0: \u00e9criture d&rsquo;articles et community management<\/li>\n<li>2016-2017 : Premi\u00e8re ann\u00e9e \u00e0 l&rsquo;EFJ, l&rsquo;Ecole Fran\u00e7aise de Journalisme\u00a0&#8211; Levallois-Perret<\/li>\n<li>2016 : Obtention du baccalaur\u00e9at litt\u00e9raire section europ\u00e9enne anglais mention tr\u00e8s bien &#8211; Lyc\u00e9e Camille Pissarro Pontoise<\/li>\n<li>2014 : Obtention du Certificat Cambridge English Language Assessment &#8211; Lyc\u00e9e Camille Pissarro Pontoise<\/li>\n<li>2013 : Obtention du Brevet des Coll\u00e8ges mention bien &#8211; Coll\u00e8ge Le Parc Saint Ouen L&rsquo;Aum\u00f4ne<\/li>\n<\/ul>\n<p style=\"text-align: center\"><em><strong>Exp\u00e9riences professionnelles <\/strong><\/em><\/p>\n<ul>\n<li>Stage d&rsquo;observation du 17 au 21 d\u00e9cembre 2012 : Radio RGB &#8211; Cergy Pontoise<\/li>\n<li>Septembre 2016 : Employ\u00e9e commerciale Carrefour Market &#8211; Puiseux Pontoise<\/li>\n<\/ul>\n<p style=\"text-align: center\"><strong><em>Centres d&rsquo;int\u00e9r\u00eats<\/em> <\/strong><\/p>\n<p>12 ans de danse : \u00e9veil, classique, modern, orientale<\/p>\n<p>Voyages : France, Angleterre, Espagne, Portugal, Malte, Tunisie, Corse, Cuba<\/p>\n<p>&nbsp;<\/p>\n<p>&nbsp;<\/p>\n<p>&nbsp;<\/p>\n<p>&nbsp;<\/p>\n<p>&nbsp;<\/p>\n","protected":false},"excerpt":{"rendered":"<p>Cassandra De Carvalho Date de naissance : 13\/02\/1998 88 rue du petit sol 95800 Cergy T\u00e9l\u00e9phone portable : 06 11 26 15 75\/ Fixe : 01 30 31 57 25 Mail : cassandra.decarvalho@gmail.com Comp\u00e9tences Anglais : couramment (lu, parl\u00e9, \u00e9crit) Espagnol : niveau secondaire (lu, parl\u00e9, \u00e9crit) Maitrise des r\u00e9seaux sociaux : Facebook, Twitter, Instagram, &hellip; <a href=\"http:\/\/www.efj.press\/cassandradecarvalho\/curriculum-vitae\/\" class=\"more-link\">Continuer la lecture de <span class=\"screen-reader-text\">Curriculum Vitae<\/span>  <span class=\"meta-nav\">&rarr;<\/span><\/a><\/p>\n","protected":false},"author":126,"featured_media":0,"parent":0,"menu_order":0,"comment_status":"closed","ping_status":"closed","template":"","meta":{"footnotes":""},"_links":{"self":[{"href":"http:\/\/www.efj.press\/cassandradecarvalho\/wp-json\/wp\/v2\/pages\/101"}],"collection":[{"href":"http:\/\/www.efj.press\/cassandradecarvalho\/wp-json\/wp\/v2\/pages"}],"about":[{"href":"http:\/\/www.efj.press\/cassandradecarvalho\/wp-json\/wp\/v2\/types\/page"}],"author":[{"embeddable":true,"href":"http:\/\/www.efj.press\/cassandradecarvalho\/wp-json\/wp\/v2\/users\/126"}],"replies":[{"embeddable":true,"href":"http:\/\/www.efj.press\/cassandradecarvalho\/wp-json\/wp\/v2\/comments?post=101"}],"version-history":[{"count":6,"href":"http:\/\/www.efj.press\/cassandradecarvalho\/wp-json\/wp\/v2\/pages\/101\/revisions"}],"predecessor-version":[{"id":164,"href":"http:\/\/www.efj.press\/cassandradecarvalho\/wp-json\/wp\/v2\/pages\/101\/revisions\/164"}],"wp:attachment":[{"href":"http:\/\/www.efj.press\/cassandradecarvalho\/wp-json\/wp\/v2\/media?parent=101"}],"curies":[{"name":"wp","href":"https:\/\/api.w.org\/{rel}","templated":true}]}}