{"id":244,"date":"2017-01-29T16:56:38","date_gmt":"2017-01-29T15:56:38","guid":{"rendered":"http:\/\/www.efj.press\/camillesanchez\/?page_id=244"},"modified":"2017-01-29T16:56:38","modified_gmt":"2017-01-29T15:56:38","slug":"le-lancement-tres-calme-de-la-collection-kenzo-pour-hm","status":"publish","type":"page","link":"http:\/\/www.efj.press\/camillesanchez\/travaux-personnels\/souspage\/le-lancement-tres-calme-de-la-collection-kenzo-pour-hm\/","title":{"rendered":"Le lancement tr\u00e8s calme de la collection Kenzo pour H&amp;M"},"content":{"rendered":"<p><strong>Jeudi matin, la collection capsule Kenzo pour H&amp;M est arriv\u00e9e dans cinq magasins parisiens. Alors qu\u2019on s\u2019attendait \u00e0 une foule hyst\u00e9rique et importante faisant d\u00e9j\u00e0 la queue peu de temps avant l\u2019ouverture de l\u2019un d\u2019entre eux, la file d\u2019attente \u00e9tait plut\u00f4t menue.<\/strong><\/p>\n<p>C\u2019est l\u2019\u00e9v\u00e9nement annuel tant attendu par les fans et qui arrive d\u00e9but Novembre\u00a0: la collection capsule d\u2019un cr\u00e9ateur pour H&amp;M. Apr\u00e8s avoir fait plusieurs cartons avec des v\u00eatements sign\u00e9s Karl Lagerfeld en 2004, Isabel Marant en 2014, et Balmain en 2015\u00a0; le g\u00e9ant su\u00e9dois avait d\u00e9cid\u00e9 de s\u2019associer avec le duo de la marque Kenzo\u00a0: Humberto Leon et Carol Lim.<\/p>\n<p>Si d\u2019ordinaire les collections des cr\u00e9ateurs sont tr\u00e8s pris\u00e9es par les clients, l\u2019accueil semble \u00eatre plus mitig\u00e9 pour cette nouvelle collection capsule. D\u2019habitude, les acheteurs passent une bonne partie de la nuit devant le magasin pour pouvoir \u00eatre les premiers \u00e0 acheter les v\u00eatements. Et au petit matin, avant l\u2019ouverture des grilles, la queue fait d\u00e9j\u00e0 plusieurs centaines de m\u00e8tres. Pour rappel, la collection de Balmain l\u2019ann\u00e9e derni\u00e8re avait tourn\u00e9 aux cr\u00eapages de chignon, obligeant m\u00eame la police \u00e0 intervenir.<\/p>\n<p>Le dispositif mis en place cette ann\u00e9e voulait \u00e9viter la reproduction de ces faits. Devant le magasin, deux policiers et une dizaine d\u2019hommes aux gilets jaunes indiquant \u00ab\u00a0SECURITE\u00a0\u00bb contr\u00f4laient le bon d\u00e9roulement de la file d\u2019attente, parqu\u00e9e derri\u00e8re des barri\u00e8res.<\/p>\n<p>Ils \u00e9taient une petite vingtaine \u00e0 attendre \u00e0 7h devant le H&amp;M<a href=\"#_ftn1\" name=\"_ftnref1\">[1]<\/a> des Galeries Lafayette. Les deux degr\u00e9s affich\u00e9s au thermom\u00e8tre ne les avaient pas d\u00e9motiv\u00e9s. <em>\u00ab\u00a0C\u2019est notre rendez-vous annuel\u00a0\u00bb<\/em> a indiqu\u00e9 Gabriel, un \u00e9tudiant bien emmitoufl\u00e9 dans sa doudoune rouge et sa grande \u00e9charpe en laine. Avec ses deux amies, H\u00e9l\u00e8ne et Amandine, ils sont arriv\u00e9s \u00e0 4h du matin et font partis des 15 premiers \u00e0 entrer. <em>\u00ab\u00a0On a des bracelets de couleurs pour savoir dans quel groupe on est\u00a0\u00bb<\/em>. Leur couleur \u00e0 eux, synonyme des premiers, le rouge.<\/p>\n<p>7h40, les trois amis continuent d\u2019attendre m\u00eame si l\u2019excitation commence \u00e0 se faire sentir. <em>\u00ab\u00a0Je n\u2019ai rien achet\u00e9 depuis un mois. J\u2019ai fait des \u00e9conomies expr\u00e8s pour l\u2019\u00e9v\u00e9nement et je suis content les prix sont accessibles cette ann\u00e9e \u00bb<\/em> explique Gabriel. Cette ann\u00e9e, et \u00e0 la diff\u00e9rence de l\u2019ann\u00e9e pass\u00e9e, les pi\u00e8ces de la collaboration sont pour une grande majorit\u00e9 \u00e0 des prix certes \u00e9lev\u00e9s pour du H&amp;M mais tr\u00e8s abordables pour du Kenzo. Il faut compter pour l\u2019occasion 60\u20ac pour le sweat avec le tigre, lorsqu\u2019on le trouve avec un motif diff\u00e9rent dans la boutique officielle pour 180\u20ac.<\/p>\n<p>Quand on leur demande s\u2019ils se sont fix\u00e9 un budget, la somme peut para\u00eetre assez \u00e9lev\u00e9e pour du H&amp;M <em>\u00ab\u00a0Entre 200\u20ac et 500\u20ac, mais je vais fonctionner au coup de c\u0153ur donc je peux un petit peu d\u00e9passer la somme\u00a0\u00bb<\/em> nous dit Gabriel. Ses amies s\u2019empressent d\u2019ajouter que la collection leur permet <em>\u00ab\u00a0d\u2019avoir des pi\u00e8ces exclusives qui ne vont pas \u00eatre port\u00e9es par tout le monde, et c\u2019est parfois le prix \u00e0 payer pour pouvoir se diff\u00e9rencier\u00a0\u00bb<\/em>.<\/p>\n<p>Ces pi\u00e8ces pour le moins originales ont re\u00e7u un accueil assez mitig\u00e9 et surtout sur les r\u00e9seaux sociaux. On pouvait lire des commentaires sur Twitter comme <em>\u00ab Je viens de tomber sur des photos de la collection H&amp;M x Kenzo j\u2019ai, \u00e0 moiti\u00e9, perdu la vue \u2026 c\u2019est aussi douloureux que du Desigual.\u00a0\u00bb<\/em> Cela explique pourquoi l\u2019ambiance \u00e9tait plut\u00f4t calme hier matin.<\/p>\n<p>Lorsque les grilles ouvrent \u00e0 8h, nos trois jeunes rentrent vite au chaud pour faire leurs emplettes. Pendant ce temps-l\u00e0, on remarque que cet \u00e9v\u00e9nement n\u2019attire pas que des jeunes. Un peu plus loin dans la queue, un couple attend son tour avec des bouteilles d\u2019eau \u00e0 la main. <em>\u00ab\u00a0Le staff de H&amp;M nous apporte encore le petit-d\u00e9jeuner\u00a0! \u00c7a c\u2019est gentil\u00a0\u00bb<\/em>, commente ce p\u00e8re de famille \u00e0 sa compagne. En effet plusieurs membres du personnel s\u2019approchent de nouveau des clients, avec un panier compos\u00e9 de mini viennoiseries et de bouteilles d\u2019eau aux motifs de la marque Kenzo.<\/p>\n<p>On retrouve nos trois jeunes \u00e0 la sortie, 20 minutes apr\u00e8s, avec aux bras 2 ou 3 sacs bariol\u00e9s. Amandine, jeune m\u00e8re de famille, se veut rassurante <em>\u00ab\u00a0J\u2019ai achet\u00e9 plusieurs choses pour mon mari et mon fils, je sais qu\u2019ils vont adorer et puis c\u2019est bient\u00f4t No\u00ebl. Je sais que mon mari va me dire que je suis folle.\u00a0\u00bb<\/em> A ses c\u00f4t\u00e9s, Gabriel avoue avoir largement d\u00e9pass\u00e9 son budget. <em>\u00ab\u00a0J\u2019en ai eu pour 800\u20ac\u00a0\u00bb<\/em> et reconna\u00eet \u00eatre <em>\u00ab\u00a0fou lors de ce type de collection capsule. C\u2019est impressionnant ce que \u00e7a m\u2019am\u00e8ne \u00e0 faire.\u00a0\u00bb<\/em><\/p>\n<p>Malgr\u00e9 leurs grosses d\u00e9penses qui vont changer la couleur de leur compte en banque, ils ont pu acheter les pi\u00e8ces qu\u2019ils avaient auparavant rep\u00e9r\u00e9es sur Internet. D\u2019autres regrettent de ne pas avoir pris une pi\u00e8ce et s\u2019interrogent \u00e0 savoir s\u2019ils vont y retourner ou pas. Il leur faudra refaire la queue et patienter au moins 1h pour pouvoir rentrer \u00e0 nouveau dans la boutique, et esp\u00e9rer que le v\u00eatement ne soit pas d\u00e9j\u00e0 parti.<\/p>\n<p>Ces all\u00e9es de magasins presque d\u00e9sertes seraient-elles signe d\u2019\u00e9chec pour cette collection capsule\u00a0? Rien n\u2019est s\u00fbr quand on sait que le site a mis les internautes sur liste d\u2019attente au vu du grand nombre de connexions.<\/p>\n<p style=\"text-align: right\">\n<p><a href=\"#_ftnref1\" name=\"_ftn1\">[1]<\/a> H&amp;M, 3 Rue de Lafayette, Paris 9<sup>\u00e8me<\/sup><\/p>\n<p>&nbsp;<\/p>\n<p style=\"text-align: right\">Camille Sanchez<\/p>\n","protected":false},"excerpt":{"rendered":"<p>Jeudi matin, la collection capsule Kenzo pour H&amp;M est arriv\u00e9e dans cinq magasins parisiens. Alors qu\u2019on s\u2019attendait \u00e0 une foule hyst\u00e9rique et importante faisant d\u00e9j\u00e0 la queue peu de temps avant l\u2019ouverture de l\u2019un d\u2019entre eux, la file d\u2019attente \u00e9tait plut\u00f4t menue. C\u2019est l\u2019\u00e9v\u00e9nement annuel tant attendu par les fans et qui arrive d\u00e9but Novembre\u00a0: &hellip; <a href=\"http:\/\/www.efj.press\/camillesanchez\/travaux-personnels\/souspage\/le-lancement-tres-calme-de-la-collection-kenzo-pour-hm\/\" class=\"more-link\">Continuer la lecture de <span class=\"screen-reader-text\">Le lancement tr\u00e8s calme de la collection Kenzo pour H&amp;M<\/span>  <span class=\"meta-nav\">&rarr;<\/span><\/a><\/p>\n","protected":false},"author":113,"featured_media":245,"parent":165,"menu_order":0,"comment_status":"closed","ping_status":"closed","template":"","meta":{"footnotes":""},"_links":{"self":[{"href":"http:\/\/www.efj.press\/camillesanchez\/wp-json\/wp\/v2\/pages\/244"}],"collection":[{"href":"http:\/\/www.efj.press\/camillesanchez\/wp-json\/wp\/v2\/pages"}],"about":[{"href":"http:\/\/www.efj.press\/camillesanchez\/wp-json\/wp\/v2\/types\/page"}],"author":[{"embeddable":true,"href":"http:\/\/www.efj.press\/camillesanchez\/wp-json\/wp\/v2\/users\/113"}],"replies":[{"embeddable":true,"href":"http:\/\/www.efj.press\/camillesanchez\/wp-json\/wp\/v2\/comments?post=244"}],"version-history":[{"count":1,"href":"http:\/\/www.efj.press\/camillesanchez\/wp-json\/wp\/v2\/pages\/244\/revisions"}],"predecessor-version":[{"id":246,"href":"http:\/\/www.efj.press\/camillesanchez\/wp-json\/wp\/v2\/pages\/244\/revisions\/246"}],"up":[{"embeddable":true,"href":"http:\/\/www.efj.press\/camillesanchez\/wp-json\/wp\/v2\/pages\/165"}],"wp:featuredmedia":[{"embeddable":true,"href":"http:\/\/www.efj.press\/camillesanchez\/wp-json\/wp\/v2\/media\/245"}],"wp:attachment":[{"href":"http:\/\/www.efj.press\/camillesanchez\/wp-json\/wp\/v2\/media?parent=244"}],"curies":[{"name":"wp","href":"https:\/\/api.w.org\/{rel}","templated":true}]}}