{"id":237,"date":"2017-01-29T16:52:37","date_gmt":"2017-01-29T15:52:37","guid":{"rendered":"http:\/\/www.efj.press\/camillesanchez\/?page_id=237"},"modified":"2017-01-29T16:52:37","modified_gmt":"2017-01-29T15:52:37","slug":"agresion-de-periodistas-franceses-el-1-de-mayo","status":"publish","type":"page","link":"http:\/\/www.efj.press\/camillesanchez\/erasmus-universite-carlos-iii-madrid\/agresion-de-periodistas-franceses-el-1-de-mayo\/","title":{"rendered":"\u00ab\u00a0Agresi\u00f3n de periodistas franceses el 1 de mayo\u00a0\u00bb"},"content":{"rendered":"<p>El viernes pasado hubo en Paris, adem\u00e1s del desfile de sindicatos y de trabajadores para el d\u00eda del trabajo, el desfile del Frente Nacional, el partido franc\u00e9s de extrema derecha. Muchas personas estaban aqu\u00ed: militantes, personalidades del partido pero tambi\u00e9n periodistas.<\/p>\n<p>Entre esos periodistas se encontraban un equipo del programa <strong><em>Le Petit Journal<\/em><\/strong> de la cadena de televisi\u00f3n <em>Canal+<\/em> y otro del programa <em>C\u00e0Vous <\/em>de la cadena <em>France 5<\/em>.<\/p>\n<p>Esos dos equipos fueron agredidos por militantes antes de ser evacuados por el servicio del orden del partido.<\/p>\n<p>Para m\u00ed, estudiante francesa en Madrid, cuando he le\u00eddo la noticia fue muy enfadada porque fueron golpeados sin ning\u00fan motivo y no tolero la violencia. Adem\u00e1s la profesi\u00f3n de periodista es muy importante para un pa\u00eds y como estudio periodismo, no puedo aceptar acto como tal.<\/p>\n<p>&nbsp;<\/p>\n<p><strong><u>La descripci\u00f3n de los acontecimientos<\/u><\/strong><\/p>\n<p>El equipo de <strong><em>C\u00e0Vous<\/em><\/strong> \u201c<em>est\u00e1 bien, pero la agresi\u00f3n fue violenta y chocante<\/em>\u201d ha indicado en Twitter la presentadora del programa, explicando adem\u00e1s que lo que ha pasado va a ser tratado durante su programa de esta noche.<\/p>\n<p><img loading=\"lazy\" decoding=\"async\" class=\"size-medium wp-image-238 aligncenter\" src=\"http:\/\/www.efj.press\/camillesanchez\/wp-content\/uploads\/sites\/132\/2017\/01\/Sans-titre-1-300x123.jpg\" alt=\"sans-titre\" width=\"300\" height=\"123\" srcset=\"http:\/\/www.efj.press\/camillesanchez\/wp-content\/uploads\/sites\/132\/2017\/01\/Sans-titre-1-300x123.jpg 300w, http:\/\/www.efj.press\/camillesanchez\/wp-content\/uploads\/sites\/132\/2017\/01\/Sans-titre-1.jpg 542w\" sizes=\"(max-width: 300px) 100vw, 300px\" \/><\/p>\n<p>Un portavoz de <em>Canal+<\/em> ha explicado que el <strong>equipo del programa<\/strong> <strong><em>Le Petit Journal<\/em><\/strong> compuesta de <strong>3 personas<\/strong> (un cameraman, un periodista y un ingeniero de sonido), <strong>fue<\/strong> \u201c<em>cercada por varios militantes despu\u00e9s una entrevista de Bruno Gollnisch<\/em>\u201d (miembro del partido y diputado europeo), y <strong>golpeada por esos militantes<\/strong>. Todav\u00eda seg\u00fan el portavoz, las personas \u201c<em>est\u00e1n bien<\/em>\u201d. El presentador Yann Barthes, ha explicado la situaci\u00f3n esta ma\u00f1ana en la radio <em>France Inter<\/em> y que <strong>nunca hab\u00eda pasado esto durante<\/strong> sus <strong>10 a\u00f1os<\/strong> como presentador del programa. Ha a\u00f1adido que hablar\u00e1 con m\u00e1s detalles esta noche en su programa.<\/p>\n<p>Durante su entrevista, Yann Barthes precis\u00f3 que el equipo no llevaba signo mostrando que pertenec\u00edan al programa. \u201c<strong><em>Significa que podr\u00eda ser cualquier otro periodista, usted tambi\u00e9n<\/em><\/strong>\u201d dice al periodista que le preguntaba sobre los acontecimientos.<\/p>\n<p>Entonces, \u00bfque se ha producido para que militantes golpean los periodistas?<\/p>\n<p>El equipo deb\u00eda ser acredito en la zona de las personalidades pol\u00edticas pero no obtuvo la acreditaci\u00f3n, lo que nos permite comprender porque estaban con los militantes. Rodearon esas personalidades pero a una de ellas no le gustaba. Bruno Gollnisch ha intentado tomar el micro con un paragua y ha golpeado la camera.<\/p>\n<p><img loading=\"lazy\" decoding=\"async\" class=\"size-medium wp-image-239 aligncenter\" src=\"http:\/\/www.efj.press\/camillesanchez\/wp-content\/uploads\/sites\/132\/2017\/01\/4626216_3_8fe5_le-depute-europeen-du-fn-bruno-gollnisch_80488f49a6f50680f12a44a30029e13e-300x150.jpg\" alt=\"4626216_3_8fe5_le-depute-europeen-du-fn-bruno-gollnisch_80488f49a6f50680f12a44a30029e13e\" width=\"300\" height=\"150\" srcset=\"http:\/\/www.efj.press\/camillesanchez\/wp-content\/uploads\/sites\/132\/2017\/01\/4626216_3_8fe5_le-depute-europeen-du-fn-bruno-gollnisch_80488f49a6f50680f12a44a30029e13e-300x150.jpg 300w, http:\/\/www.efj.press\/camillesanchez\/wp-content\/uploads\/sites\/132\/2017\/01\/4626216_3_8fe5_le-depute-europeen-du-fn-bruno-gollnisch_80488f49a6f50680f12a44a30029e13e.jpg 534w\" sizes=\"(max-width: 300px) 100vw, 300px\" \/><\/p>\n<p style=\"text-align: center\"><em>Capture d&rsquo;\u00e9cran de l&rsquo;altercation film\u00e9e\u00a0<\/em><\/p>\n<p>Como lo explico el presentador, \u201c<strong><em>en ning\u00fan momento esas personalidades pidieron encender el micro o la camera<\/em><\/strong>\u201d. Despu\u00e9s, el servicio del orden del partido pidi\u00f3 a Gollnisch calmarse y ha evacuado el equipo. \u201c<strong><em>En los 30 metros que separan la zona de las personalidades y el cord\u00f3n de seguridad, mi equipo fue sacudido el polvo por militantes.<\/em><\/strong>\u201d Ha a\u00f1adido que los 3 hombres quer\u00edan denunciar.<\/p>\n<p><em>Le Petit Journal<\/em> es un programa de Infotainment (una mezcla de humor e informaci\u00f3n) de 30 minutos, difundido del lunes al viernes, que descifra la actualidad. Para ustedes que no conocen, lo comparo con el programa de la <em>Sexta<\/em>, <strong><em>El Intermedio<\/em><\/strong>.<\/p>\n<p><img loading=\"lazy\" decoding=\"async\" class=\"size-medium wp-image-240 aligncenter\" src=\"http:\/\/www.efj.press\/camillesanchez\/wp-content\/uploads\/sites\/132\/2017\/01\/El-intermedio-vs-Le-Petit-Journal-272x300.jpg\" alt=\"el-intermedio-vs-le-petit-journal\" width=\"272\" height=\"300\" srcset=\"http:\/\/www.efj.press\/camillesanchez\/wp-content\/uploads\/sites\/132\/2017\/01\/El-intermedio-vs-Le-Petit-Journal-272x300.jpg 272w, http:\/\/www.efj.press\/camillesanchez\/wp-content\/uploads\/sites\/132\/2017\/01\/El-intermedio-vs-Le-Petit-Journal.jpg 534w\" sizes=\"(max-width: 272px) 100vw, 272px\" \/><\/p>\n<p>&nbsp;<\/p>\n<p><strong><u>Entonces \u00bfQu\u00e9 significan estos acontecimientos?<\/u><\/strong><\/p>\n<p>De mi punto de vista significa que varias <strong>personas tienen un problema con las libertades de expresi\u00f3n y de la prensa <\/strong>que son pilares de una democracia. Sin consideraciones pol\u00edticas porque un periodista debe ser neutra, a partidos muy extremos no le gustan los periodistas porque relatan lo que se pasa y sobre todo critican todos los partidos, es decir ellos tambi\u00e9n.<\/p>\n<p>Despu\u00e9s esos golpes, miembros del Frente Nacional han dicho que los militantes \u201c<em>deber\u00edan golpear m\u00e1s fuerte<\/em>\u201d. Otras personas an\u00f3nimas en Twitter han escribido que <em>\u201c\u00a1\u00a1Le est\u00e1 bien empleados!!\u201d<\/em> y otras insultas contra esas 3 personas.<\/p>\n<p>\u00bfQu\u00e9 significa esto? \u00bfQue un trabajador no puede hacer su trabajo libre o si quiere hacerlo va a ser maltratado por personas que est\u00e1n en contra?<\/p>\n<p>Eso no es la democracia. Seg\u00fan la <strong><em>Real Academia Espa\u00f1ola<\/em><\/strong>, la definici\u00f3n de la <strong>libertad de expresi\u00f3n es \u201c<em>el derecho a manifestar y difundir libremente el propio pensamiento<\/em><\/strong><em>.<\/em>\u201d Y cuando miramos en la definici\u00f3n de la <strong>libertad de la prensa<\/strong> en <em>Wikipedia<\/em>, es \u201c<em>la existencia de garant\u00edas con las que los ciudadanos tengan el derecho de organizarse para la edici\u00f3n de medios de comunicaci\u00f3n cuyos contenidos no est\u00e9n controlados ni censurados por los poderes del estado. Y <strong>todo hombre o mujer puede publicar sus ideas libremente y sin censura <\/strong>previa<\/em>\u201d. Cuando no hay libertad, no hay democracia.<\/p>\n<p>Como ciudadana francesa, tengo la impresi\u00f3n que un partido como tal quiere solamente periodistas que relatan sus ideas y sus versiones; es decir el contrario de la definici\u00f3n de la libertad de expresi\u00f3n. Y lo que es el m\u00e1s absurdo es que esos pol\u00edticos se declaraban <em>Charlie<\/em> y defend\u00edan la libertad de expresi\u00f3n m\u00e1s que nunca, despu\u00e9s el atentado mortal contra la redacci\u00f3n del peri\u00f3dico <strong>Charlie Hebdo<\/strong> en enero pasado donde 12 personas fallecieron.<\/p>\n<p><img loading=\"lazy\" decoding=\"async\" class=\"size-medium wp-image-242 aligncenter\" src=\"http:\/\/www.efj.press\/camillesanchez\/wp-content\/uploads\/sites\/132\/2017\/01\/la-liberte-sera-toujours-plus-forte-dessin-du-monde-300x194.jpg\" alt=\"la-liberte-sera-toujours-plus-forte-dessin-du-monde\" width=\"300\" height=\"194\" srcset=\"http:\/\/www.efj.press\/camillesanchez\/wp-content\/uploads\/sites\/132\/2017\/01\/la-liberte-sera-toujours-plus-forte-dessin-du-monde-300x194.jpg 300w, http:\/\/www.efj.press\/camillesanchez\/wp-content\/uploads\/sites\/132\/2017\/01\/la-liberte-sera-toujours-plus-forte-dessin-du-monde-768x498.jpg 768w, http:\/\/www.efj.press\/camillesanchez\/wp-content\/uploads\/sites\/132\/2017\/01\/la-liberte-sera-toujours-plus-forte-dessin-du-monde.jpg 960w\" sizes=\"(max-width: 300px) 100vw, 300px\" \/><\/p>\n<p style=\"text-align: center\"><em>Source:\u00a0http:\/\/plantu.blog.lemonde.fr\/2015\/01\/09\/<\/em><\/p>\n","protected":false},"excerpt":{"rendered":"<p>El viernes pasado hubo en Paris, adem\u00e1s del desfile de sindicatos y de trabajadores para el d\u00eda del trabajo, el desfile del Frente Nacional, el partido franc\u00e9s de extrema derecha. Muchas personas estaban aqu\u00ed: militantes, personalidades del partido pero tambi\u00e9n periodistas. Entre esos periodistas se encontraban un equipo del programa Le Petit Journal de la &hellip; <a href=\"http:\/\/www.efj.press\/camillesanchez\/erasmus-universite-carlos-iii-madrid\/agresion-de-periodistas-franceses-el-1-de-mayo\/\" class=\"more-link\">Continuer la lecture de <span class=\"screen-reader-text\">\u00ab\u00a0Agresi\u00f3n de periodistas franceses el 1 de mayo\u00a0\u00bb<\/span>  <span class=\"meta-nav\">&rarr;<\/span><\/a><\/p>\n","protected":false},"author":113,"featured_media":241,"parent":82,"menu_order":0,"comment_status":"closed","ping_status":"closed","template":"","meta":{"footnotes":""},"_links":{"self":[{"href":"http:\/\/www.efj.press\/camillesanchez\/wp-json\/wp\/v2\/pages\/237"}],"collection":[{"href":"http:\/\/www.efj.press\/camillesanchez\/wp-json\/wp\/v2\/pages"}],"about":[{"href":"http:\/\/www.efj.press\/camillesanchez\/wp-json\/wp\/v2\/types\/page"}],"author":[{"embeddable":true,"href":"http:\/\/www.efj.press\/camillesanchez\/wp-json\/wp\/v2\/users\/113"}],"replies":[{"embeddable":true,"href":"http:\/\/www.efj.press\/camillesanchez\/wp-json\/wp\/v2\/comments?post=237"}],"version-history":[{"count":1,"href":"http:\/\/www.efj.press\/camillesanchez\/wp-json\/wp\/v2\/pages\/237\/revisions"}],"predecessor-version":[{"id":243,"href":"http:\/\/www.efj.press\/camillesanchez\/wp-json\/wp\/v2\/pages\/237\/revisions\/243"}],"up":[{"embeddable":true,"href":"http:\/\/www.efj.press\/camillesanchez\/wp-json\/wp\/v2\/pages\/82"}],"wp:featuredmedia":[{"embeddable":true,"href":"http:\/\/www.efj.press\/camillesanchez\/wp-json\/wp\/v2\/media\/241"}],"wp:attachment":[{"href":"http:\/\/www.efj.press\/camillesanchez\/wp-json\/wp\/v2\/media?parent=237"}],"curies":[{"name":"wp","href":"https:\/\/api.w.org\/{rel}","templated":true}]}}