{"id":231,"date":"2017-01-29T16:44:26","date_gmt":"2017-01-29T15:44:26","guid":{"rendered":"http:\/\/www.efj.press\/camillesanchez\/?page_id=231"},"modified":"2017-01-29T16:45:17","modified_gmt":"2017-01-29T15:45:17","slug":"la-ley-del-aborto-en-el-congreso","status":"publish","type":"page","link":"http:\/\/www.efj.press\/camillesanchez\/erasmus-universite-carlos-iii-madrid\/la-ley-del-aborto-en-el-congreso\/","title":{"rendered":"\u00ab\u00a0La ley del aborto en el Congreso\u00a0\u00bb"},"content":{"rendered":"<p>Este martes, la reforma sobre la ley del aborto se entreg\u00f3 ayer al Congreso de los Diputados de Madrid.<\/p>\n<p>En esta sesi\u00f3n parlamentaria, los diputados deber\u00edan votar a favor o en contra de esa ley que prohibir\u00e1 el derecho de abortar a las menores de 16 y 17 a\u00f1os sin el consentimiento de los padres. El primer tr\u00e1mite parlamentario fue un suceso por el Partido Popular con 184 votos a favor y 136 en contra.<\/p>\n<p>En los votos favorables, se contabilizan los del PP, de Uni\u00f3n Democr\u00e1tica de Catalunya, Foro Asturias y UPN. Los otros votaron en contra y 4 diputados de Converg\u00e8ncia se abstuvieron. Esa reforma es criticada por algunos diputados del PP que piensan que no est\u00e1 suficiente. Una diputada del PP, Eva Duran, voto en contra de manera voluntaria. Hubo una confusi\u00f3n en los miembros del PSOE. En efecto, el l\u00edder del partido, Pedro Sanchez, ha votado a favor de la reforma. \u00bfPorque vot\u00f3 a favor mientras que est\u00e1 en contra? Se equivoc\u00f3 de bot\u00f3n.<\/p>\n<p><img loading=\"lazy\" decoding=\"async\" class=\" wp-image-233 aligncenter\" src=\"http:\/\/www.efj.press\/camillesanchez\/wp-content\/uploads\/sites\/132\/2017\/01\/Tweet-Pedro-Sanchez-300x142.jpg\" alt=\"tweet-pedro-sanchez\" width=\"380\" height=\"180\" srcset=\"http:\/\/www.efj.press\/camillesanchez\/wp-content\/uploads\/sites\/132\/2017\/01\/Tweet-Pedro-Sanchez-300x142.jpg 300w, http:\/\/www.efj.press\/camillesanchez\/wp-content\/uploads\/sites\/132\/2017\/01\/Tweet-Pedro-Sanchez.jpg 326w\" sizes=\"(max-width: 380px) 100vw, 380px\" \/><\/p>\n<p>Ese error fue muy criticada por mucha gente. La mayor\u00eda de la oposici\u00f3n acus\u00f3 al PP de aumentar el aborto clandestino de las mujeres y m\u00e1s precisamente lo de las chicas menores.<\/p>\n<p>&nbsp;<\/p>\n<p style=\"text-align: right\">Camille Sanchez, 04.2015<\/p>\n","protected":false},"excerpt":{"rendered":"<p>Este martes, la reforma sobre la ley del aborto se entreg\u00f3 ayer al Congreso de los Diputados de Madrid. En esta sesi\u00f3n parlamentaria, los diputados deber\u00edan votar a favor o en contra de esa ley que prohibir\u00e1 el derecho de abortar a las menores de 16 y 17 a\u00f1os sin el consentimiento de los padres. &hellip; <a href=\"http:\/\/www.efj.press\/camillesanchez\/erasmus-universite-carlos-iii-madrid\/la-ley-del-aborto-en-el-congreso\/\" class=\"more-link\">Continuer la lecture de <span class=\"screen-reader-text\">\u00ab\u00a0La ley del aborto en el Congreso\u00a0\u00bb<\/span>  <span class=\"meta-nav\">&rarr;<\/span><\/a><\/p>\n","protected":false},"author":113,"featured_media":232,"parent":82,"menu_order":0,"comment_status":"closed","ping_status":"closed","template":"","meta":{"footnotes":""},"_links":{"self":[{"href":"http:\/\/www.efj.press\/camillesanchez\/wp-json\/wp\/v2\/pages\/231"}],"collection":[{"href":"http:\/\/www.efj.press\/camillesanchez\/wp-json\/wp\/v2\/pages"}],"about":[{"href":"http:\/\/www.efj.press\/camillesanchez\/wp-json\/wp\/v2\/types\/page"}],"author":[{"embeddable":true,"href":"http:\/\/www.efj.press\/camillesanchez\/wp-json\/wp\/v2\/users\/113"}],"replies":[{"embeddable":true,"href":"http:\/\/www.efj.press\/camillesanchez\/wp-json\/wp\/v2\/comments?post=231"}],"version-history":[{"count":2,"href":"http:\/\/www.efj.press\/camillesanchez\/wp-json\/wp\/v2\/pages\/231\/revisions"}],"predecessor-version":[{"id":235,"href":"http:\/\/www.efj.press\/camillesanchez\/wp-json\/wp\/v2\/pages\/231\/revisions\/235"}],"up":[{"embeddable":true,"href":"http:\/\/www.efj.press\/camillesanchez\/wp-json\/wp\/v2\/pages\/82"}],"wp:featuredmedia":[{"embeddable":true,"href":"http:\/\/www.efj.press\/camillesanchez\/wp-json\/wp\/v2\/media\/232"}],"wp:attachment":[{"href":"http:\/\/www.efj.press\/camillesanchez\/wp-json\/wp\/v2\/media?parent=231"}],"curies":[{"name":"wp","href":"https:\/\/api.w.org\/{rel}","templated":true}]}}