{"id":226,"date":"2017-01-29T16:39:37","date_gmt":"2017-01-29T15:39:37","guid":{"rendered":"http:\/\/www.efj.press\/camillesanchez\/?page_id=226"},"modified":"2017-01-29T16:45:59","modified_gmt":"2017-01-29T15:45:59","slug":"nueva-campana-para-luchar-contra-la-violencia-de-genero-de-las-adolescentes","status":"publish","type":"page","link":"http:\/\/www.efj.press\/camillesanchez\/erasmus-universite-carlos-iii-madrid\/nueva-campana-para-luchar-contra-la-violencia-de-genero-de-las-adolescentes\/","title":{"rendered":"\u00ab\u00a0Nueva campa\u00f1a para luchar contra la violencia de g\u00e9nero de las adolescentes.\u00a0\u00bb"},"content":{"rendered":"<p>La secretaria de Estado de Servicios Sociales e Igualdad, Susana Camarero, ha presentado lunes una nueva campa\u00f1a llamada <em>Hay salida<\/em> contra esta violencia.<\/p>\n<p>Con el slogan <em>\u201cCu\u00e9ntalo\u201d<\/em>, estas campa\u00f1as tienen como objetivo prevenir del maltratado en la adolescencia y en la importancia de tener apoyo del entorno y sobre todo de la sociedad. El 25.1% de las chicas confiesan haber sufrido control a trav\u00e9s de las nuevas tecnol\u00f3gicas y m\u00e1s precisamente del m\u00f3vil, seg\u00fan estudios sobre la violencia de g\u00e9nero en la adolescencia.<\/p>\n<p>Por recuerdo, uno de los problemas m\u00e1s importantes de esta violencia viene de la falta de detecci\u00f3n por parte de las mujeres que la sufren.<\/p>\n<p>Recordamos que cada hora, 20 mujeres sufren del maltratamiento de su pareja. El tel\u00e9fono de emergencia es el 016.<\/p>\n<p>El Gobierno lanzar\u00e1 otra iniciativa en medios m\u00e1s dirigida a toda la poblaci\u00f3n, por un presupuesto total de 4.5 millones de euros.<\/p>\n<p>Van a estar difundidas en todos los medios de comunicaci\u00f3n (prensa, televisi\u00f3n, radio e internet).<\/p>\n<p>Puede ver el video <a href=\"https:\/\/www.youtube.com\/watch?v=aMLHg6D-4gU\">aqu\u00ed<\/a><\/p>\n<p>&nbsp;<\/p>\n<p style=\"text-align: right\">Camille Sanchez, 04.2015<\/p>\n","protected":false},"excerpt":{"rendered":"<p>La secretaria de Estado de Servicios Sociales e Igualdad, Susana Camarero, ha presentado lunes una nueva campa\u00f1a llamada Hay salida contra esta violencia. Con el slogan \u201cCu\u00e9ntalo\u201d, estas campa\u00f1as tienen como objetivo prevenir del maltratado en la adolescencia y en la importancia de tener apoyo del entorno y sobre todo de la sociedad. El 25.1% &hellip; <a href=\"http:\/\/www.efj.press\/camillesanchez\/erasmus-universite-carlos-iii-madrid\/nueva-campana-para-luchar-contra-la-violencia-de-genero-de-las-adolescentes\/\" class=\"more-link\">Continuer la lecture de <span class=\"screen-reader-text\">\u00ab\u00a0Nueva campa\u00f1a para luchar contra la violencia de g\u00e9nero de las adolescentes.\u00a0\u00bb<\/span>  <span class=\"meta-nav\">&rarr;<\/span><\/a><\/p>\n","protected":false},"author":113,"featured_media":227,"parent":82,"menu_order":0,"comment_status":"closed","ping_status":"closed","template":"","meta":{"footnotes":""},"_links":{"self":[{"href":"http:\/\/www.efj.press\/camillesanchez\/wp-json\/wp\/v2\/pages\/226"}],"collection":[{"href":"http:\/\/www.efj.press\/camillesanchez\/wp-json\/wp\/v2\/pages"}],"about":[{"href":"http:\/\/www.efj.press\/camillesanchez\/wp-json\/wp\/v2\/types\/page"}],"author":[{"embeddable":true,"href":"http:\/\/www.efj.press\/camillesanchez\/wp-json\/wp\/v2\/users\/113"}],"replies":[{"embeddable":true,"href":"http:\/\/www.efj.press\/camillesanchez\/wp-json\/wp\/v2\/comments?post=226"}],"version-history":[{"count":2,"href":"http:\/\/www.efj.press\/camillesanchez\/wp-json\/wp\/v2\/pages\/226\/revisions"}],"predecessor-version":[{"id":236,"href":"http:\/\/www.efj.press\/camillesanchez\/wp-json\/wp\/v2\/pages\/226\/revisions\/236"}],"up":[{"embeddable":true,"href":"http:\/\/www.efj.press\/camillesanchez\/wp-json\/wp\/v2\/pages\/82"}],"wp:featuredmedia":[{"embeddable":true,"href":"http:\/\/www.efj.press\/camillesanchez\/wp-json\/wp\/v2\/media\/227"}],"wp:attachment":[{"href":"http:\/\/www.efj.press\/camillesanchez\/wp-json\/wp\/v2\/media?parent=226"}],"curies":[{"name":"wp","href":"https:\/\/api.w.org\/{rel}","templated":true}]}}