{"id":221,"date":"2017-01-29T16:33:17","date_gmt":"2017-01-29T15:33:17","guid":{"rendered":"http:\/\/www.efj.press\/camillesanchez\/?page_id=221"},"modified":"2017-01-29T16:40:45","modified_gmt":"2017-01-29T15:40:45","slug":"violencia-de-genero","status":"publish","type":"page","link":"http:\/\/www.efj.press\/camillesanchez\/erasmus-universite-carlos-iii-madrid\/violencia-de-genero\/","title":{"rendered":"\u00ab\u00a0Violencia de g\u00e9nero\u00a0\u00bb"},"content":{"rendered":"<p>Ayer, un hombre ha matado a su mujer en la calle en M\u00e1laga y despu\u00e9s se suicid\u00f3. Este no es el primer caso de violencia de g\u00e9nero. Seg\u00fan Naciones Unidas, cada 18 segundos una mujer es maltratada en el mundo.<\/p>\n<p>En Espa\u00f1a, cada hora, 20 mujeres v\u00edctimas llamar\u00e1n al servicio 016 para pedir ayudar. Se produce un asesinato de una mujer cada 5 d\u00edas<\/p>\n<p>En efecto, un 12% de las espa\u00f1olas mayores de 16 a\u00f1os o m\u00e1s ha sufrido violencia f\u00edsica o sexual. El dato es de la Macroencuesta de Violencia contra la Mujer 2015 que ha realizado el Centro de Investigaciones Sociol\u00f3gicas (CIS) para el Ministro de Sanidad, se\u00f1ala que 7 de cada 10 mujeres que ha sido mal tratada deja la relaci\u00f3n con su agresor.<\/p>\n<p>La delegada del gobierno para la violencia de g\u00e9nero, Blanca Hern\u00e1ndez declaro que el n\u00famero de mujeres que saldr\u00edan de la violencia de g\u00e9nero ha aumentado desde un 72.48% de la encuesta de 2011 a un 77.6%.<\/p>\n<p>Seg\u00fan esta encuesta, el 64% de los hijos de las victimas sufri\u00f3 tambi\u00e9n de esta violencia.<\/p>\n<p>Solo denuncia una de cada 4 mujeres, un 77% no lo hace porque considera que lo que pasa tuvo poca importancia, por miedo, o por verg\u00fcenza.<\/p>\n<p>En algunos casos, las victimas piden ayuda a su familia o a la polic\u00eda. Los destinatarios de esas confesiones en la familia pueden ser una amiga o la madre.<\/p>\n<p>Seg\u00fan Alfonso Alonso, el Ministro de Sanidad, servicios sociales e igualdad, \u201ces que va a muchas veces no solamente a dificultades psicol\u00f3gicas de todo tipo sino que sea candidatos a repetir la violencia en un futuro.\u201d<\/p>\n<p>Esta encuesta intenta servir adem\u00e1s para que 12 de cada 100 v\u00edctimas confesas el maltrato por primera vez, a un miembro de la familia, la polic\u00eda o tambi\u00e9n psic\u00f3logos. Por eso, pueden llamar al 016 que es un tel\u00e9fono gratuito.<\/p>\n<p style=\"text-align: center\"><img loading=\"lazy\" decoding=\"async\" class=\"alignnone size-medium wp-image-223\" src=\"http:\/\/www.efj.press\/camillesanchez\/wp-content\/uploads\/sites\/132\/2017\/01\/ONU-condena-Espana-negligencia-violencia_EDIIMA20140804_0066_5-300x210.jpg\" alt=\"onu-condena-espana-negligencia-violencia_ediima20140804_0066_5\" width=\"300\" height=\"210\" srcset=\"http:\/\/www.efj.press\/camillesanchez\/wp-content\/uploads\/sites\/132\/2017\/01\/ONU-condena-Espana-negligencia-violencia_EDIIMA20140804_0066_5-300x210.jpg 300w, http:\/\/www.efj.press\/camillesanchez\/wp-content\/uploads\/sites\/132\/2017\/01\/ONU-condena-Espana-negligencia-violencia_EDIIMA20140804_0066_5.jpg 643w\" sizes=\"(max-width: 300px) 100vw, 300px\" \/><\/p>\n<p style=\"text-align: center\"><em>Source image:\u00a0http:\/\/archivo.unionguanajuato.mx\/<\/em><\/p>\n<p>Pero no debemos olvidar que hombres y ni\u00f1os est\u00e1n tambi\u00e9n victimas de esas violencias. Se habla m\u00e1s de las mujeres porque est\u00e1n demasiadas numerosas pero hay muchos hombres tambi\u00e9n. En efecto, en 2011 y seg\u00fan los datos del Instituto Nacional de Estad\u00edstica casi un 25% de las denuncias de violencia domestica correspond\u00eda a hombres maltratados por sus parejas. Pero es una violencia m\u00e1s invisible y silenciosa. Como est\u00e1n pocos, la sociedad no tiene conciencia de esto no como si fuera una violencia de g\u00e9nero.<\/p>\n<p>&nbsp;<\/p>\n<p style=\"text-align: right\">Camille Sanchez, 04.2015<\/p>\n","protected":false},"excerpt":{"rendered":"<p>Ayer, un hombre ha matado a su mujer en la calle en M\u00e1laga y despu\u00e9s se suicid\u00f3. Este no es el primer caso de violencia de g\u00e9nero. Seg\u00fan Naciones Unidas, cada 18 segundos una mujer es maltratada en el mundo. En Espa\u00f1a, cada hora, 20 mujeres v\u00edctimas llamar\u00e1n al servicio 016 para pedir ayudar. Se &hellip; <a href=\"http:\/\/www.efj.press\/camillesanchez\/erasmus-universite-carlos-iii-madrid\/violencia-de-genero\/\" class=\"more-link\">Continuer la lecture de <span class=\"screen-reader-text\">\u00ab\u00a0Violencia de g\u00e9nero\u00a0\u00bb<\/span>  <span class=\"meta-nav\">&rarr;<\/span><\/a><\/p>\n","protected":false},"author":113,"featured_media":222,"parent":82,"menu_order":0,"comment_status":"closed","ping_status":"closed","template":"","meta":{"footnotes":""},"_links":{"self":[{"href":"http:\/\/www.efj.press\/camillesanchez\/wp-json\/wp\/v2\/pages\/221"}],"collection":[{"href":"http:\/\/www.efj.press\/camillesanchez\/wp-json\/wp\/v2\/pages"}],"about":[{"href":"http:\/\/www.efj.press\/camillesanchez\/wp-json\/wp\/v2\/types\/page"}],"author":[{"embeddable":true,"href":"http:\/\/www.efj.press\/camillesanchez\/wp-json\/wp\/v2\/users\/113"}],"replies":[{"embeddable":true,"href":"http:\/\/www.efj.press\/camillesanchez\/wp-json\/wp\/v2\/comments?post=221"}],"version-history":[{"count":2,"href":"http:\/\/www.efj.press\/camillesanchez\/wp-json\/wp\/v2\/pages\/221\/revisions"}],"predecessor-version":[{"id":230,"href":"http:\/\/www.efj.press\/camillesanchez\/wp-json\/wp\/v2\/pages\/221\/revisions\/230"}],"up":[{"embeddable":true,"href":"http:\/\/www.efj.press\/camillesanchez\/wp-json\/wp\/v2\/pages\/82"}],"wp:featuredmedia":[{"embeddable":true,"href":"http:\/\/www.efj.press\/camillesanchez\/wp-json\/wp\/v2\/media\/222"}],"wp:attachment":[{"href":"http:\/\/www.efj.press\/camillesanchez\/wp-json\/wp\/v2\/media?parent=221"}],"curies":[{"name":"wp","href":"https:\/\/api.w.org\/{rel}","templated":true}]}}