{"id":213,"date":"2017-01-29T16:25:18","date_gmt":"2017-01-29T15:25:18","guid":{"rendered":"http:\/\/www.efj.press\/camillesanchez\/?page_id=213"},"modified":"2017-01-29T16:40:05","modified_gmt":"2017-01-29T15:40:05","slug":"cuando-se-independizan-los-jovenes-espanoles","status":"publish","type":"page","link":"http:\/\/www.efj.press\/camillesanchez\/erasmus-universite-carlos-iii-madrid\/cuando-se-independizan-los-jovenes-espanoles\/","title":{"rendered":"\u00ab\u00a0\u00bfCu\u00e1ndo se independizan los j\u00f3venes espa\u00f1oles?\u00a0\u00bb"},"content":{"rendered":"<p>El 8 de abril, la agencia comunitaria de estad\u00edsticas, Eurostat, ha publicado una encuesta para ver a qu\u00e9 edad los j\u00f3venes europeos se independizan. Entonces, \u00bfCu\u00e1ndo se van los j\u00f3venes espa\u00f1oles del hogar familiar?<\/p>\n<p>Seg\u00fan los datos de 2013, lo hacen a los 27.9 a\u00f1os. No son los que se va, lo m\u00e1s tarde. En efecto, los croatas viven con sus padres hasta los 31.9 a\u00f1os. Siguen los eslovacos (30.7 a\u00f1os) y los malteses (30.1 a\u00f1os). Y \u00bfCu\u00e1les son los que se van m\u00e1s temprano? Son los suecos (19.6 a\u00f1os). Nuestros vecinos, los franceses y los portugueses, se van respectivamente a los 23.6 a\u00f1os y los 29 a\u00f1os.<\/p>\n<p>Esa encuesta nos ha demostrado que algunos j\u00f3venes pueden marcharse de casa suficientemente pronto cuando otros contin\u00faan m\u00e1s tiempo. Pero tambi\u00e9n que las chicas se emancipan alrededor de 2 a\u00f1os antes los chicos.<\/p>\n<p>Esta independencia depende de varios elementos como el contexto econ\u00f3mico y pol\u00edtico del pa\u00eds, la falta de dinero y de ayudas de las viviendas, pero tambi\u00e9n la precariedad laboral.<\/p>\n<p style=\"text-align: right\">Camille Sanchez, 04.2015<\/p>\n","protected":false},"excerpt":{"rendered":"<p>El 8 de abril, la agencia comunitaria de estad\u00edsticas, Eurostat, ha publicado una encuesta para ver a qu\u00e9 edad los j\u00f3venes europeos se independizan. Entonces, \u00bfCu\u00e1ndo se van los j\u00f3venes espa\u00f1oles del hogar familiar? Seg\u00fan los datos de 2013, lo hacen a los 27.9 a\u00f1os. No son los que se va, lo m\u00e1s tarde. En &hellip; <a href=\"http:\/\/www.efj.press\/camillesanchez\/erasmus-universite-carlos-iii-madrid\/cuando-se-independizan-los-jovenes-espanoles\/\" class=\"more-link\">Continuer la lecture de <span class=\"screen-reader-text\">\u00ab\u00a0\u00bfCu\u00e1ndo se independizan los j\u00f3venes espa\u00f1oles?\u00a0\u00bb<\/span>  <span class=\"meta-nav\">&rarr;<\/span><\/a><\/p>\n","protected":false},"author":113,"featured_media":214,"parent":82,"menu_order":0,"comment_status":"closed","ping_status":"closed","template":"","meta":{"footnotes":""},"_links":{"self":[{"href":"http:\/\/www.efj.press\/camillesanchez\/wp-json\/wp\/v2\/pages\/213"}],"collection":[{"href":"http:\/\/www.efj.press\/camillesanchez\/wp-json\/wp\/v2\/pages"}],"about":[{"href":"http:\/\/www.efj.press\/camillesanchez\/wp-json\/wp\/v2\/types\/page"}],"author":[{"embeddable":true,"href":"http:\/\/www.efj.press\/camillesanchez\/wp-json\/wp\/v2\/users\/113"}],"replies":[{"embeddable":true,"href":"http:\/\/www.efj.press\/camillesanchez\/wp-json\/wp\/v2\/comments?post=213"}],"version-history":[{"count":4,"href":"http:\/\/www.efj.press\/camillesanchez\/wp-json\/wp\/v2\/pages\/213\/revisions"}],"predecessor-version":[{"id":229,"href":"http:\/\/www.efj.press\/camillesanchez\/wp-json\/wp\/v2\/pages\/213\/revisions\/229"}],"up":[{"embeddable":true,"href":"http:\/\/www.efj.press\/camillesanchez\/wp-json\/wp\/v2\/pages\/82"}],"wp:featuredmedia":[{"embeddable":true,"href":"http:\/\/www.efj.press\/camillesanchez\/wp-json\/wp\/v2\/media\/214"}],"wp:attachment":[{"href":"http:\/\/www.efj.press\/camillesanchez\/wp-json\/wp\/v2\/media?parent=213"}],"curies":[{"name":"wp","href":"https:\/\/api.w.org\/{rel}","templated":true}]}}