{"id":210,"date":"2017-01-29T16:20:42","date_gmt":"2017-01-29T15:20:42","guid":{"rendered":"http:\/\/www.efj.press\/camillesanchez\/?page_id=210"},"modified":"2017-01-29T16:27:12","modified_gmt":"2017-01-29T15:27:12","slug":"la-accion-humanitaria-de-zara","status":"publish","type":"page","link":"http:\/\/www.efj.press\/camillesanchez\/erasmus-universite-carlos-iii-madrid\/la-accion-humanitaria-de-zara\/","title":{"rendered":"\u00ab\u00a0La acci\u00f3n humanitaria de Zara\u00a0\u00bb"},"content":{"rendered":"<p>Esta semana el gigante espa\u00f1ol ha anunciado su donaci\u00f3n de prendas a refugiados sirianos. Esta acci\u00f3n es como un <em>\u201cmea culpa\u201d<\/em> despu\u00e9s el esc\u00e1ndalo sobre la lana de conejos angora, que proviene de China.<\/p>\n<p>Estos animales recibieron malos tratamientos. Despu\u00e9s ser acusado, a trav\u00e9s de un video sobre el horror infligido a los animales, por las ONG (Organizaciones No Gubernamentales) como <em>PETA (People for the Ethical Treatment of Animals)<\/em>, y los defensores de las causas animales, el grupo hab\u00eda decidido retirar de sus tiendas chaquetas y puntos que fueron fabricados con esta lana.<\/p>\n<p>Ha dado algunas 20.000 ropas de sus \u00faltimas temporadas a sirianos que est\u00e1n refugiados al L\u00edbano. La asociaci\u00f3n <em>Life for Relief and Development<\/em> recibir\u00e1 las ropas y las organizaciones humanitarias locales entregar\u00e1n las ropas a m\u00e1s de 3.8 millones de personas necesitadas. En efecto, tras cuatro a\u00f1os de guerra civil siria, L\u00edbano acoge m\u00e1s de 1.16 millones de refugiados. Muchas ONG y organismos internacionales hab\u00edan alertado sobre la extrema necesidad que sufren estos refugiados.<\/p>\n<p>Adem\u00e1s, el grupo Inditex ha anunciado tambi\u00e9n la renuncia a la fabricaci\u00f3n de prendas de angora.<\/p>\n<p>&nbsp;<\/p>\n<p style=\"text-align: right\">Camille Sanchez, 02.2015<\/p>\n","protected":false},"excerpt":{"rendered":"<p>Esta semana el gigante espa\u00f1ol ha anunciado su donaci\u00f3n de prendas a refugiados sirianos. Esta acci\u00f3n es como un \u201cmea culpa\u201d despu\u00e9s el esc\u00e1ndalo sobre la lana de conejos angora, que proviene de China. Estos animales recibieron malos tratamientos. Despu\u00e9s ser acusado, a trav\u00e9s de un video sobre el horror infligido a los animales, por &hellip; <a href=\"http:\/\/www.efj.press\/camillesanchez\/erasmus-universite-carlos-iii-madrid\/la-accion-humanitaria-de-zara\/\" class=\"more-link\">Continuer la lecture de <span class=\"screen-reader-text\">\u00ab\u00a0La acci\u00f3n humanitaria de Zara\u00a0\u00bb<\/span>  <span class=\"meta-nav\">&rarr;<\/span><\/a><\/p>\n","protected":false},"author":113,"featured_media":198,"parent":82,"menu_order":0,"comment_status":"closed","ping_status":"closed","template":"","meta":{"footnotes":""},"_links":{"self":[{"href":"http:\/\/www.efj.press\/camillesanchez\/wp-json\/wp\/v2\/pages\/210"}],"collection":[{"href":"http:\/\/www.efj.press\/camillesanchez\/wp-json\/wp\/v2\/pages"}],"about":[{"href":"http:\/\/www.efj.press\/camillesanchez\/wp-json\/wp\/v2\/types\/page"}],"author":[{"embeddable":true,"href":"http:\/\/www.efj.press\/camillesanchez\/wp-json\/wp\/v2\/users\/113"}],"replies":[{"embeddable":true,"href":"http:\/\/www.efj.press\/camillesanchez\/wp-json\/wp\/v2\/comments?post=210"}],"version-history":[{"count":2,"href":"http:\/\/www.efj.press\/camillesanchez\/wp-json\/wp\/v2\/pages\/210\/revisions"}],"predecessor-version":[{"id":217,"href":"http:\/\/www.efj.press\/camillesanchez\/wp-json\/wp\/v2\/pages\/210\/revisions\/217"}],"up":[{"embeddable":true,"href":"http:\/\/www.efj.press\/camillesanchez\/wp-json\/wp\/v2\/pages\/82"}],"wp:featuredmedia":[{"embeddable":true,"href":"http:\/\/www.efj.press\/camillesanchez\/wp-json\/wp\/v2\/media\/198"}],"wp:attachment":[{"href":"http:\/\/www.efj.press\/camillesanchez\/wp-json\/wp\/v2\/media?parent=210"}],"curies":[{"name":"wp","href":"https:\/\/api.w.org\/{rel}","templated":true}]}}