{"id":204,"date":"2017-01-29T16:18:58","date_gmt":"2017-01-29T15:18:58","guid":{"rendered":"http:\/\/www.efj.press\/camillesanchez\/?page_id=204"},"modified":"2017-01-29T16:27:46","modified_gmt":"2017-01-29T15:27:46","slug":"sanidad-y-educacion-no-a-la-privatizacion","status":"publish","type":"page","link":"http:\/\/www.efj.press\/camillesanchez\/erasmus-universite-carlos-iii-madrid\/sanidad-y-educacion-no-a-la-privatizacion\/","title":{"rendered":"\u201cSanidad y educaci\u00f3n, no a la privatizaci\u00f3n\u201d"},"content":{"rendered":"<p>\u201cPresupuestos militares para escuelas y hospitales\u201d, esos fueron los gritos y las pancartas que se encontraban durante la huelga de ayer. En esta marcha, tuvimos la oportunidad de encontrar a una estudiante que quer\u00eda reivindicar su rechazo al proyecto, ahora m\u00e1s conocido como el 3+2.<\/p>\n<p><img loading=\"lazy\" decoding=\"async\" class=\"size-medium wp-image-206 aligncenter\" src=\"http:\/\/www.efj.press\/camillesanchez\/wp-content\/uploads\/sites\/132\/2017\/01\/IMG_9854-300x169.jpg\" alt=\"img_9854\" width=\"300\" height=\"169\" srcset=\"http:\/\/www.efj.press\/camillesanchez\/wp-content\/uploads\/sites\/132\/2017\/01\/IMG_9854-300x169.jpg 300w, http:\/\/www.efj.press\/camillesanchez\/wp-content\/uploads\/sites\/132\/2017\/01\/IMG_9854-768x431.jpg 768w, http:\/\/www.efj.press\/camillesanchez\/wp-content\/uploads\/sites\/132\/2017\/01\/IMG_9854-1024x575.jpg 1024w, http:\/\/www.efj.press\/camillesanchez\/wp-content\/uploads\/sites\/132\/2017\/01\/IMG_9854.jpg 1280w\" sizes=\"(max-width: 300px) 100vw, 300px\" \/>\u00a0\u00a0<strong><em>\u00a1Hola, Buenas tardes! \u00bfPuedes presentarte para nuestros lectores por favor?<\/em><\/strong><\/p>\n<p>\u00a1Hola, Buenos d\u00edas! Me llamo Mar\u00eda Sol\u00e9 Serradell. Tengo 21 a\u00f1os y vengo de Gerona. Estoy en grado de Humanidades en la Universidad Pompeu Fabra (UPF) de Barcelona y actualmente en el programa SICUE, en la Universidad Carlos III (UC3M) de Madrid.<\/p>\n<p><strong><em>\u00a0\u00bfPorque haces parte de la huelga de hoy?<\/em><\/strong><\/p>\n<p>Porque estoy totalmente en contra de que el Gobierno apruebe esta reforma, porque esto va a perjudicar a mucha gente incluy\u00e9ndome a m\u00ed y a mi hermano en unos a\u00f1os, adem\u00e1s de amigos y conocidos cercanos que se encuentran en situaciones a\u00fan m\u00e1s precarias que la m\u00eda.<\/p>\n<p><strong><em>\u00bfQu\u00e9 ser\u00e1 injusto para ti si esta reforma est\u00e1 aprobada por el Gobierno?<\/em><\/strong><\/p>\n<p>Que un alto porcentaje de la gente que quiere ir a la Universidad y formarse para su futuro profesional, a pesar de tener las ganas y aptitudes necesarias para hacerlo, no podr\u00e1. Es muy injusto que se aplique una medida tan elitista que lo \u00fanico que va a conseguir es que la formaci\u00f3n educativa de los espa\u00f1oles se reduzca notablemente, y que solo aquellas familias bien estantes (como en la \u00e9poca franquista) puedan mandar a sus hijos a la Universidad. Me parece vergonzoso y retrogrado.<\/p>\n<p><strong><em>Me puedes decir, a t\u00edtulo indicativo, \u00bfcu\u00e1l es el precio de tu universidad y si tienes acceso a una beca o no?<\/em><\/strong><\/p>\n<p>Actualmente pago unos 1500 para cursar mi Carrera, y soy consciente que es de las m\u00e1s baratas dentro de la Universidad p\u00fablica. Y no he recibido ning\u00fan tipo de ayuda ni beca aunque me es necesaria, ya que no se toman en cuenta muchos aspectos a la hora de concederlas.<\/p>\n<p><strong><em>\u00bfConoces a personas que est\u00e1n a favor de este proyecto? \u00bfY cu\u00e1les son sus argumentos?<\/em><\/strong><\/p>\n<p>Sinceramente, no conozco a nadie que est\u00e9 a favor de esta reforma, y no creo que existan argumentos, al menos que no sean puramente ego\u00edstas, que justifiquen esta medida.<\/p>\n<p><strong><em>Si hay otras manifestaciones, \u00bfPiensas que vas a participar otra vez, hasta la retirada del proyecto?<\/em><\/strong><\/p>\n<p>Por supuesto, todas las que sean necesarias. De momento es la \u00fanica forma que tenemos de hacer algo al respecto.<\/p>\n<p><strong><em>Durante los d\u00edas 10, 11 y 12 de marzo se realiz\u00f3 en la Comunidad de Madrid un refer\u00e9ndum sobre dicha reforma. Los resultados hablan por s\u00ed solos: casi el 98% de los alumnos han mostrado su rechazo al decreto Ley. \u00bfPiensas que es suficiente para que el Gobierno retira el proyecto?<\/em><\/strong><\/p>\n<p>Pienso que <strong>deber\u00eda<\/strong> ser suficiente, pero es evidente que el actual Gobierno no presta atenci\u00f3n a la voz del pueblo.<\/p>\n<p><strong><em>\u00bfQu\u00e9 propones si esta reforma est\u00e1 aprobada?<\/em><\/strong><\/p>\n<p>Ahora mismo no ser\u00eda capaz de hacer una propuesta concreta, pero me parece importante no renunciar a nuestros derechos y no dejar que impongan reformas por encima de la voluntad y las posibilidades de los ciudadanos, y en este caso a los estudiantes. De modo que, mi propuesta, aunque suene ut\u00f3pica, ser\u00eda la de no aceptar\u00eda.<\/p>\n<p><strong><em>\u00bfQu\u00e9 quieres decir a los estudiantes que est\u00e1n de acuerdo contigo? \u00bfY a los que no est\u00e1n? \u00bfY al Gobierno?<\/em><\/strong><\/p>\n<p>Simplemente que si nos unimos y seguimos luchando podemos conseguirlo, por nosotros mismos, nuestras familias, amigos y todos los futuros estudiantes que al fin y al cabo son el futuro de Espa\u00f1a.<\/p>\n<p>A aquellos que no lo est\u00e1n solo les pedir\u00eda que si a ellos personalmente no les afecta la causa, al menos fueran capaces de empatizar y solidarizarse.<\/p>\n<p>Y al Gobierno, le dir\u00eda simplemente lo que dec\u00edan todas las pancartas y los gritos en la manifestaci\u00f3n, ya que parece ser la \u00fanica v\u00eda de comunicaci\u00f3n para que al menos se enteren de lo que estamos pidiendo.<\/p>\n<p><img loading=\"lazy\" decoding=\"async\" class=\"size-medium wp-image-205 aligncenter\" src=\"http:\/\/www.efj.press\/camillesanchez\/wp-content\/uploads\/sites\/132\/2017\/01\/IMG_9856-300x169.jpg\" alt=\"img_9856\" width=\"300\" height=\"169\" srcset=\"http:\/\/www.efj.press\/camillesanchez\/wp-content\/uploads\/sites\/132\/2017\/01\/IMG_9856-300x169.jpg 300w, http:\/\/www.efj.press\/camillesanchez\/wp-content\/uploads\/sites\/132\/2017\/01\/IMG_9856-768x431.jpg 768w, http:\/\/www.efj.press\/camillesanchez\/wp-content\/uploads\/sites\/132\/2017\/01\/IMG_9856-1024x575.jpg 1024w, http:\/\/www.efj.press\/camillesanchez\/wp-content\/uploads\/sites\/132\/2017\/01\/IMG_9856.jpg 1280w\" sizes=\"(max-width: 300px) 100vw, 300px\" \/><\/p>\n<p><img loading=\"lazy\" decoding=\"async\" class=\"size-medium wp-image-207 aligncenter\" src=\"http:\/\/www.efj.press\/camillesanchez\/wp-content\/uploads\/sites\/132\/2017\/01\/IMG_9855-300x169.jpg\" alt=\"img_9855\" width=\"300\" height=\"169\" srcset=\"http:\/\/www.efj.press\/camillesanchez\/wp-content\/uploads\/sites\/132\/2017\/01\/IMG_9855-300x169.jpg 300w, http:\/\/www.efj.press\/camillesanchez\/wp-content\/uploads\/sites\/132\/2017\/01\/IMG_9855-768x431.jpg 768w, http:\/\/www.efj.press\/camillesanchez\/wp-content\/uploads\/sites\/132\/2017\/01\/IMG_9855-1024x575.jpg 1024w, http:\/\/www.efj.press\/camillesanchez\/wp-content\/uploads\/sites\/132\/2017\/01\/IMG_9855.jpg 1280w\" sizes=\"(max-width: 300px) 100vw, 300px\" \/><\/p>\n<p>Photos prises durant la manifestation qui s&rsquo;est d\u00e9roul\u00e9e \u00e0 Madrid, le 24 Mars 2015.<\/p>\n<p>&nbsp;<\/p>\n<p style=\"text-align: right\">Camille Sanchez, 03.2015<\/p>\n","protected":false},"excerpt":{"rendered":"<p>\u201cPresupuestos militares para escuelas y hospitales\u201d, esos fueron los gritos y las pancartas que se encontraban durante la huelga de ayer. En esta marcha, tuvimos la oportunidad de encontrar a una estudiante que quer\u00eda reivindicar su rechazo al proyecto, ahora m\u00e1s conocido como el 3+2. \u00a0\u00a0\u00a1Hola, Buenas tardes! \u00bfPuedes presentarte para nuestros lectores por favor? &hellip; <a href=\"http:\/\/www.efj.press\/camillesanchez\/erasmus-universite-carlos-iii-madrid\/sanidad-y-educacion-no-a-la-privatizacion\/\" class=\"more-link\">Continuer la lecture de <span class=\"screen-reader-text\">\u201cSanidad y educaci\u00f3n, no a la privatizaci\u00f3n\u201d<\/span>  <span class=\"meta-nav\">&rarr;<\/span><\/a><\/p>\n","protected":false},"author":113,"featured_media":208,"parent":82,"menu_order":0,"comment_status":"closed","ping_status":"closed","template":"","meta":{"footnotes":""},"_links":{"self":[{"href":"http:\/\/www.efj.press\/camillesanchez\/wp-json\/wp\/v2\/pages\/204"}],"collection":[{"href":"http:\/\/www.efj.press\/camillesanchez\/wp-json\/wp\/v2\/pages"}],"about":[{"href":"http:\/\/www.efj.press\/camillesanchez\/wp-json\/wp\/v2\/types\/page"}],"author":[{"embeddable":true,"href":"http:\/\/www.efj.press\/camillesanchez\/wp-json\/wp\/v2\/users\/113"}],"replies":[{"embeddable":true,"href":"http:\/\/www.efj.press\/camillesanchez\/wp-json\/wp\/v2\/comments?post=204"}],"version-history":[{"count":3,"href":"http:\/\/www.efj.press\/camillesanchez\/wp-json\/wp\/v2\/pages\/204\/revisions"}],"predecessor-version":[{"id":219,"href":"http:\/\/www.efj.press\/camillesanchez\/wp-json\/wp\/v2\/pages\/204\/revisions\/219"}],"up":[{"embeddable":true,"href":"http:\/\/www.efj.press\/camillesanchez\/wp-json\/wp\/v2\/pages\/82"}],"wp:featuredmedia":[{"embeddable":true,"href":"http:\/\/www.efj.press\/camillesanchez\/wp-json\/wp\/v2\/media\/208"}],"wp:attachment":[{"href":"http:\/\/www.efj.press\/camillesanchez\/wp-json\/wp\/v2\/media?parent=204"}],"curies":[{"name":"wp","href":"https:\/\/api.w.org\/{rel}","templated":true}]}}