{"id":324,"date":"2016-06-15T22:38:10","date_gmt":"2016-06-15T21:38:10","guid":{"rendered":"http:\/\/www.efj.press\/camillemonier\/?page_id=324"},"modified":"2016-06-15T23:40:50","modified_gmt":"2016-06-15T22:40:50","slug":"optimisation-google","status":"publish","type":"page","link":"http:\/\/www.efj.press\/camillemonier\/optimisation-google\/","title":{"rendered":"Optimisation Google"},"content":{"rendered":"<p>Google est un outil tr\u00e8s pratique, que l\u2019on utilise tous les jours. Il est m\u00eame devenu un \u00ab\u00a0r\u00e9flexe de recherche\u00a0\u00bb.<\/p>\n<p>Cependant, nombre d\u2019entre nous ne savons pas encore l\u2019utiliser au maximum de ses capacit\u00e9s et de fa\u00e7on totalement performante.<\/p>\n<p>Le Power Point ci-dessous vous explique, en d\u00e9tail, le syst\u00e8me de recherche avanc\u00e9e de Google. Cela vous permettra de gagner du temps lors de vos recherches et de les rendre plus performantes.<\/p>\n<p><iframe loading=\"lazy\" src=\"https:\/\/www.slideshare.net\/slideshow\/embed_code\/key\/fHoPbbNyXDfIM3\" width=\"427\" height=\"356\" frameborder=\"0\" marginwidth=\"0\" marginheight=\"0\" scrolling=\"no\" style=\"border:1px solid #CCC; border-width:1px; margin-bottom:5px; max-width: 100%;\" allowfullscreen> <\/iframe> <\/p>\n<div style=\"margin-bottom:5px\"> <strong> <a href=\"https:\/\/www.slideshare.net\/CamilleMonier1\/systme-de-recherche-avance-de-google-63113617\" title=\"Syst\u00e8me de recherche avanc\u00e9e de google\" target=\"_blank\">Syst\u00e8me de recherche avanc\u00e9e de google<\/a> <\/strong> from <strong><a href=\"http:\/\/www.slideshare.net\/CamilleMonier1\" target=\"_blank\">Camille Monier<\/a><\/strong> <\/div>\n","protected":false},"excerpt":{"rendered":"<p>Google est un outil tr\u00e8s pratique, que l\u2019on utilise tous les jours. Il est m\u00eame devenu un \u00ab\u00a0r\u00e9flexe de recherche\u00a0\u00bb. Cependant, nombre d\u2019entre nous ne savons pas encore l\u2019utiliser au maximum de ses capacit\u00e9s et de fa\u00e7on totalement performante. Le Power Point ci-dessous vous explique, en d\u00e9tail, le syst\u00e8me de recherche avanc\u00e9e de Google. Cela &hellip; <a href=\"http:\/\/www.efj.press\/camillemonier\/optimisation-google\/\" class=\"more-link\">Continuer la lecture de <span class=\"screen-reader-text\">Optimisation Google<\/span>  <span class=\"meta-nav\">&rarr;<\/span><\/a><\/p>\n","protected":false},"author":22,"featured_media":0,"parent":0,"menu_order":7,"comment_status":"closed","ping_status":"closed","template":"","meta":{"footnotes":""},"_links":{"self":[{"href":"http:\/\/www.efj.press\/camillemonier\/wp-json\/wp\/v2\/pages\/324"}],"collection":[{"href":"http:\/\/www.efj.press\/camillemonier\/wp-json\/wp\/v2\/pages"}],"about":[{"href":"http:\/\/www.efj.press\/camillemonier\/wp-json\/wp\/v2\/types\/page"}],"author":[{"embeddable":true,"href":"http:\/\/www.efj.press\/camillemonier\/wp-json\/wp\/v2\/users\/22"}],"replies":[{"embeddable":true,"href":"http:\/\/www.efj.press\/camillemonier\/wp-json\/wp\/v2\/comments?post=324"}],"version-history":[{"count":4,"href":"http:\/\/www.efj.press\/camillemonier\/wp-json\/wp\/v2\/pages\/324\/revisions"}],"predecessor-version":[{"id":329,"href":"http:\/\/www.efj.press\/camillemonier\/wp-json\/wp\/v2\/pages\/324\/revisions\/329"}],"wp:attachment":[{"href":"http:\/\/www.efj.press\/camillemonier\/wp-json\/wp\/v2\/media?parent=324"}],"curies":[{"name":"wp","href":"https:\/\/api.w.org\/{rel}","templated":true}]}}