{"id":29,"date":"2015-12-03T13:01:25","date_gmt":"2015-12-03T12:01:25","guid":{"rendered":"http:\/\/www.efj.press\/camillemonier\/?page_id=29"},"modified":"2015-12-16T14:57:21","modified_gmt":"2015-12-16T13:57:21","slug":"mon-enquete","status":"publish","type":"page","link":"http:\/\/www.efj.press\/camillemonier\/enquete\/mon-enquete\/","title":{"rendered":"Mon enqu\u00eate"},"content":{"rendered":"<p><span style=\"font-family: Arial, sans-serif;\"><span style=\"font-size: small;\">\u00ab\u00a0Choc toxique : j&rsquo;ai perdu une jambe \u00e0 cause d&rsquo;un tampon \u00a0\u00bb titrait le web magazine<em> <a href=\"https:\/\/www.vice.com\/fr\/read\/meet-the-model-who-lost-her-leg-to-toxic-shock-syndrome-611\">Vice<\/a><\/em> en juin dernier. Cette maladie, le mannequin Lauren Wasser en a fait une force. Trois ans apr\u00e8s l&rsquo;incident elle fait parler d&rsquo;elle et raconte son combat.<\/span><\/span><\/p>\n<p><span style=\"font-family: Arial, sans-serif;\"><span style=\"font-size: small;\">Cette histoire m&rsquo;a interpell\u00e9. Perdre une jambe \u00e0 cause d&rsquo;un tampon ? C&rsquo;est plut\u00f4t surprenant ! Je n&rsquo;y croyais pas vraiment et pensais que le tampon n&rsquo;en \u00e9tait pas la seule cause. M\u00eame si le syndrome du choc toxique n&rsquo;est pas directement li\u00e9 au tampon mais plut\u00f4t \u00e0 une mauvaise utilisation de celui ci, comment se fait-il que les composants ne soient pas mentionn\u00e9s sur les bo\u00eetes ? Certes, la l\u00e9gislation europ\u00e9enne n&rsquo;oblige pas les fabricants \u00e0 les mentionner. Mais de nombreuses femmes &#8211; notamment \u00e0 travers une p\u00e9tition qui circule sur internet &#8211; ont demand\u00e9 \u00e0 ce que ce soit le cas mais les industriels restent muets.<\/span><\/span><\/p>\n<p><span style=\"font-family: Arial, sans-serif;\"><span style=\"font-size: small;\">Une femme porte environ 11 500 tampons dans sa vie, chacune d&rsquo;entre elle est donc dans le droit de savoir de quoi ils sont constitu\u00e9s.<\/span><\/span><\/p>\n<p><span style=\"font-family: Arial, sans-serif;\"><span style=\"font-size: small;\">J&rsquo;ai men\u00e9 mon enqu\u00eate afin de savoir de quoi les tampons sont constitu\u00e9s.<\/span><\/span><\/p>\n<p><iframe loading=\"lazy\" src=\"https:\/\/www.youtube.com\/embed\/VCqxx3FpQxw\" width=\"560\" height=\"315\" frameborder=\"0\" allowfullscreen=\"allowfullscreen\"><\/iframe><\/p>\n","protected":false},"excerpt":{"rendered":"<p>\u00ab\u00a0Choc toxique : j&rsquo;ai perdu une jambe \u00e0 cause d&rsquo;un tampon \u00a0\u00bb titrait le web magazine Vice en juin dernier. Cette maladie, le mannequin Lauren Wasser en a fait une force. Trois ans apr\u00e8s l&rsquo;incident elle fait parler d&rsquo;elle et raconte son combat. Cette histoire m&rsquo;a interpell\u00e9. Perdre une jambe \u00e0 cause d&rsquo;un tampon ? &hellip; <a href=\"http:\/\/www.efj.press\/camillemonier\/enquete\/mon-enquete\/\" class=\"more-link\">Continuer la lecture de <span class=\"screen-reader-text\">Mon enqu\u00eate<\/span>  <span class=\"meta-nav\">&rarr;<\/span><\/a><\/p>\n","protected":false},"author":22,"featured_media":0,"parent":2,"menu_order":2,"comment_status":"closed","ping_status":"closed","template":"","meta":{"footnotes":""},"_links":{"self":[{"href":"http:\/\/www.efj.press\/camillemonier\/wp-json\/wp\/v2\/pages\/29"}],"collection":[{"href":"http:\/\/www.efj.press\/camillemonier\/wp-json\/wp\/v2\/pages"}],"about":[{"href":"http:\/\/www.efj.press\/camillemonier\/wp-json\/wp\/v2\/types\/page"}],"author":[{"embeddable":true,"href":"http:\/\/www.efj.press\/camillemonier\/wp-json\/wp\/v2\/users\/22"}],"replies":[{"embeddable":true,"href":"http:\/\/www.efj.press\/camillemonier\/wp-json\/wp\/v2\/comments?post=29"}],"version-history":[{"count":4,"href":"http:\/\/www.efj.press\/camillemonier\/wp-json\/wp\/v2\/pages\/29\/revisions"}],"predecessor-version":[{"id":48,"href":"http:\/\/www.efj.press\/camillemonier\/wp-json\/wp\/v2\/pages\/29\/revisions\/48"}],"up":[{"embeddable":true,"href":"http:\/\/www.efj.press\/camillemonier\/wp-json\/wp\/v2\/pages\/2"}],"wp:attachment":[{"href":"http:\/\/www.efj.press\/camillemonier\/wp-json\/wp\/v2\/media?parent=29"}],"curies":[{"name":"wp","href":"https:\/\/api.w.org\/{rel}","templated":true}]}}