{"id":285,"date":"2016-06-15T23:39:51","date_gmt":"2016-06-15T22:39:51","guid":{"rendered":"http:\/\/www.efj.press\/camillemonier\/?page_id=285"},"modified":"2016-06-15T23:39:51","modified_gmt":"2016-06-15T22:39:51","slug":"we-love-comedy-mag","status":"publish","type":"page","link":"http:\/\/www.efj.press\/camillemonier\/we-love-comedy-mag\/","title":{"rendered":"We Love Comedy Mag"},"content":{"rendered":"<p>Le <a href=\"http:\/\/www.panameartcafe.com\/\">Paname Art Caf\u00e9<\/a> a vu le jour sous l&rsquo;impulsion de\u00a0 Tejjy Gauthier, directeur artistique \u00a0et Karim Kachour. Le Paname offre un large choix d&rsquo;animation : bar, restaurant, one man show, projection de film, exposition ou encore d\u00e9fil\u00e9. \u00a0C&rsquo;est au Paname qu&rsquo;est n\u00e9e l&rsquo;id\u00e9e du <a href=\"http:\/\/www.welovecomedy.fr\/\">We Love Comedy Mag<\/a>. Cr\u00e9\u00e9 en 2015, il compte 6 r\u00e9dacteurs et traite de l&rsquo;actualit\u00e9 humoristique : compte rendu de spectacle, Interviews d&rsquo;humoriste, vid\u00e9os.<\/p>\n<p>Le We Love Comdey Magazine se d\u00e9finit comme tel \u00ab\u00a0Un peu de joie et de bonne humeur dans ce monde de fou, \u00e7a ne fait pas de mal ! Pour ce, plongez vous au c\u0153ur de l&rsquo;actualit\u00e9 humoristique avec le WE LOVE COMEDY MAG ! Les membres de sa r\u00e9daction compl\u00e8tement d\u00e9jant\u00e9e, vous tiennent \u00e0 la page : les derniers spectacles \u00e0 aller voir, les nouvelles perles de la com\u00e9die, mais aussi des interviews et pour ou contre des humoristes. Bref, c&rsquo;est la cr\u00e8me de la cr\u00e8me de la com\u00e9die.\u00a0\u00bb<\/p>\n<p>Les articles concernant l&rsquo;humour et que vous trouverez dans ce blog ont \u00e9t\u00e9 \u00e9crit pour le We Love Comedy Mag.<\/p>\n","protected":false},"excerpt":{"rendered":"<p>Le Paname Art Caf\u00e9 a vu le jour sous l&rsquo;impulsion de\u00a0 Tejjy Gauthier, directeur artistique \u00a0et Karim Kachour. Le Paname offre un large choix d&rsquo;animation : bar, restaurant, one man show, projection de film, exposition ou encore d\u00e9fil\u00e9. \u00a0C&rsquo;est au Paname qu&rsquo;est n\u00e9e l&rsquo;id\u00e9e du We Love Comedy Mag. Cr\u00e9\u00e9 en 2015, il compte 6 &hellip; <a href=\"http:\/\/www.efj.press\/camillemonier\/we-love-comedy-mag\/\" class=\"more-link\">Continuer la lecture de <span class=\"screen-reader-text\">We Love Comedy Mag<\/span>  <span class=\"meta-nav\">&rarr;<\/span><\/a><\/p>\n","protected":false},"author":22,"featured_media":332,"parent":0,"menu_order":6,"comment_status":"closed","ping_status":"closed","template":"","meta":{"footnotes":""},"_links":{"self":[{"href":"http:\/\/www.efj.press\/camillemonier\/wp-json\/wp\/v2\/pages\/285"}],"collection":[{"href":"http:\/\/www.efj.press\/camillemonier\/wp-json\/wp\/v2\/pages"}],"about":[{"href":"http:\/\/www.efj.press\/camillemonier\/wp-json\/wp\/v2\/types\/page"}],"author":[{"embeddable":true,"href":"http:\/\/www.efj.press\/camillemonier\/wp-json\/wp\/v2\/users\/22"}],"replies":[{"embeddable":true,"href":"http:\/\/www.efj.press\/camillemonier\/wp-json\/wp\/v2\/comments?post=285"}],"version-history":[{"count":3,"href":"http:\/\/www.efj.press\/camillemonier\/wp-json\/wp\/v2\/pages\/285\/revisions"}],"predecessor-version":[{"id":291,"href":"http:\/\/www.efj.press\/camillemonier\/wp-json\/wp\/v2\/pages\/285\/revisions\/291"}],"wp:featuredmedia":[{"embeddable":true,"href":"http:\/\/www.efj.press\/camillemonier\/wp-json\/wp\/v2\/media\/332"}],"wp:attachment":[{"href":"http:\/\/www.efj.press\/camillemonier\/wp-json\/wp\/v2\/media?parent=285"}],"curies":[{"name":"wp","href":"https:\/\/api.w.org\/{rel}","templated":true}]}}