{"id":18,"date":"2015-12-02T16:03:01","date_gmt":"2015-12-02T15:03:01","guid":{"rendered":"http:\/\/www.efj.press\/camillemonier\/?page_id=18"},"modified":"2015-12-03T13:09:25","modified_gmt":"2015-12-03T12:09:25","slug":"bibliographie","status":"publish","type":"page","link":"http:\/\/www.efj.press\/camillemonier\/enquete\/bibliographie\/","title":{"rendered":"Bibliographie"},"content":{"rendered":"<p><span style=\"font-family: Arial, sans-serif;\"><span style=\"font-size: small;\">Le tableau ci-dessous r\u00e9pertorie les personnes et organismes majeurs que j&rsquo;ai contact\u00e9 pour r\u00e9aliser mon enqu\u00eate.<\/span><\/span><\/p>\n<table border=\"0\" frame=\"VOID\" rules=\"NONE\" cellspacing=\"0\">\n<colgroup>\n<col width=\"175\" \/>\n<col width=\"170\" \/>\n<col width=\"171\" \/><\/colgroup>\n<tbody>\n<tr>\n<td align=\"JUSTIFY\" valign=\"MIDDLE\" bgcolor=\"#00CCCC\" width=\"175\" height=\"40\"><b><span style=\"font-size: medium;\">Personnes contact\u00e9es<\/span><\/b><\/td>\n<td align=\"JUSTIFY\" valign=\"MIDDLE\" bgcolor=\"#00CCCC\" width=\"170\"><b><span style=\"font-size: medium;\">Fonction<\/span><\/b><\/td>\n<td align=\"JUSTIFY\" valign=\"MIDDLE\" bgcolor=\"#00CCCC\" width=\"171\"><b><span style=\"font-size: medium;\">Moyens<\/span><\/b><\/td>\n<\/tr>\n<tr>\n<td align=\"JUSTIFY\" valign=\"MIDDLE\" height=\"50\">Lauren Wasser<\/td>\n<td align=\"JUSTIFY\" valign=\"MIDDLE\">Mannequin emput\u00e9e d&rsquo;une jambe \u00e0 cause d&rsquo;un tampon<\/td>\n<td align=\"JUSTIFY\" valign=\"MIDDLE\">Twitter<\/td>\n<\/tr>\n<tr>\n<td align=\"JUSTIFY\" valign=\"MIDDLE\" height=\"34\">Dr Thierry Harvey<\/td>\n<td align=\"JUSTIFY\" valign=\"MIDDLE\">gyn\u00e9cologue<\/td>\n<td align=\"JUSTIFY\" valign=\"MIDDLE\">T\u00e9l\u00e9phone, ITW \u00e0 la maternit\u00e9 des Diaconesses<\/td>\n<\/tr>\n<tr>\n<td align=\"JUSTIFY\" valign=\"MIDDLE\" height=\"50\">Alexandra Scranton<\/td>\n<td align=\"JUSTIFY\" valign=\"MIDDLE\">Directrice des recherches \u00e0 Women&rsquo;s voices for the earth<\/td>\n<td align=\"JUSTIFY\" valign=\"MIDDLE\">Mail, skype<\/td>\n<\/tr>\n<tr>\n<td align=\"JUSTIFY\" valign=\"MIDDLE\" height=\"50\">M\u00e9lanie Doerflinger<\/td>\n<td align=\"JUSTIFY\" valign=\"MIDDLE\">Auteure de la p\u00e9tition pour que les marques d\u00e9voilent les composants<\/td>\n<td align=\"JUSTIFY\" valign=\"MIDDLE\">Mail, t\u00e9l\u00e9phone<\/td>\n<\/tr>\n<tr>\n<td align=\"JUSTIFY\" valign=\"MIDDLE\" height=\"50\">60 millions de consommateurs<\/td>\n<td align=\"JUSTIFY\" valign=\"MIDDLE\">Analyse des consommations de la population fran\u00e7aise<\/td>\n<td align=\"JUSTIFY\" valign=\"MIDDLE\">T\u00e9l\u00e9phone, site internet<\/td>\n<\/tr>\n<tr>\n<td align=\"JUSTIFY\" valign=\"MIDDLE\" height=\"34\">Bernard Tailliez<\/td>\n<td align=\"JUSTIFY\" valign=\"MIDDLE\">Chercheur au laboratoire Analytika<\/td>\n<td align=\"JUSTIFY\" valign=\"MIDDLE\">T\u00e9l\u00e9phone<\/td>\n<\/tr>\n<tr>\n<td align=\"JUSTIFY\" valign=\"MIDDLE\" bgcolor=\"#00CCCC\" height=\"18\"><b>Centres m\u00e9dicaux<\/b><\/td>\n<td align=\"JUSTIFY\" valign=\"MIDDLE\" bgcolor=\"#00CCCC\"><\/td>\n<td align=\"JUSTIFY\" valign=\"MIDDLE\" bgcolor=\"#00CCCC\"><\/td>\n<\/tr>\n<tr>\n<td align=\"JUSTIFY\" valign=\"MIDDLE\" height=\"34\">Institut Pasteur<\/td>\n<td align=\"JUSTIFY\" valign=\"MIDDLE\">Recherches, unit\u00e9 des staphilocoques<\/td>\n<td align=\"JUSTIFY\" valign=\"MIDDLE\">T\u00e9l\u00e9phone<\/td>\n<\/tr>\n<tr>\n<td align=\"JUSTIFY\" valign=\"MIDDLE\" height=\"34\">Centre national de r\u00e9f\u00e9rence des staphylocoques<\/td>\n<td align=\"JUSTIFY\" valign=\"MIDDLE\">Recherches, unit\u00e9 des staphilocoques<\/td>\n<td align=\"JUSTIFY\" valign=\"MIDDLE\">T\u00e9l\u00e9phone, mail<\/td>\n<\/tr>\n<tr>\n<td align=\"JUSTIFY\" valign=\"MIDDLE\" height=\"34\">Centre anti poison<\/td>\n<td align=\"JUSTIFY\" valign=\"MIDDLE\">Recherches, maladies infectieuses<\/td>\n<td align=\"JUSTIFY\" valign=\"MIDDLE\">Mail<\/td>\n<\/tr>\n<tr>\n<td align=\"JUSTIFY\" valign=\"MIDDLE\" height=\"34\">Organisation mondiale de la sant\u00e9<\/td>\n<td align=\"JUSTIFY\" valign=\"MIDDLE\">Recherches dans le domaine m\u00e9dical<\/td>\n<td align=\"JUSTIFY\" valign=\"MIDDLE\">Mail (anglais)<\/td>\n<\/tr>\n<tr>\n<td align=\"JUSTIFY\" valign=\"MIDDLE\" height=\"50\">Centre des maladies infectieuses St Louis \u00e0 Paris<\/td>\n<td align=\"JUSTIFY\" valign=\"MIDDLE\">Recherches, maladies infectieuses<\/td>\n<td align=\"JUSTIFY\" valign=\"MIDDLE\">T\u00e9l\u00e9phone<\/td>\n<\/tr>\n<tr>\n<td align=\"LEFT\" bgcolor=\"#00CCCC\" height=\"17\"><b>Associations pour les femmes<\/b><\/td>\n<td align=\"JUSTIFY\" valign=\"MIDDLE\" bgcolor=\"#00CCCC\"><\/td>\n<td align=\"JUSTIFY\" valign=\"MIDDLE\" bgcolor=\"#00CCCC\"><\/td>\n<\/tr>\n<tr>\n<td align=\"JUSTIFY\" valign=\"MIDDLE\" height=\"50\">Associations pour le d\u00e9veloppement de la sant\u00e9 des femmes<\/td>\n<td align=\"JUSTIFY\" valign=\"MIDDLE\">Lutte pour la sant\u00e9 des femmes<\/td>\n<td align=\"JUSTIFY\" valign=\"MIDDLE\">Mail, t\u00e9l\u00e9phone<\/td>\n<\/tr>\n<tr>\n<td align=\"JUSTIFY\" valign=\"MIDDLE\" height=\"34\">Ad\u00e9quations<\/td>\n<td align=\"JUSTIFY\" valign=\"MIDDLE\">Lutte pour la sant\u00e9 des femmes<\/td>\n<td align=\"JUSTIFY\" valign=\"MIDDLE\">T\u00e9l\u00e9phone<\/td>\n<\/tr>\n<tr>\n<td align=\"JUSTIFY\" valign=\"MIDDLE\" height=\"34\">Actions pour la sant\u00e9 des femmes<\/td>\n<td align=\"JUSTIFY\" valign=\"MIDDLE\">Lutte pour la sant\u00e9 des femmes<\/td>\n<td align=\"JUSTIFY\" valign=\"MIDDLE\">Mail<\/td>\n<\/tr>\n<tr>\n<td align=\"JUSTIFY\" valign=\"MIDDLE\" bgcolor=\"#00CCCC\" height=\"18\"><b>Fabriquants<\/b><\/td>\n<td align=\"JUSTIFY\" valign=\"MIDDLE\" bgcolor=\"#00CCCC\"><\/td>\n<td align=\"JUSTIFY\" valign=\"MIDDLE\" bgcolor=\"#00CCCC\"><\/td>\n<\/tr>\n<tr>\n<td align=\"JUSTIFY\" valign=\"MIDDLE\" height=\"34\">Tampax (Procter &amp; Gamble)<\/td>\n<td align=\"JUSTIFY\" valign=\"MIDDLE\">Les plus gros fabriquants de tampon en France<\/td>\n<td align=\"JUSTIFY\" valign=\"MIDDLE\">Mail<\/td>\n<\/tr>\n<tr>\n<td align=\"JUSTIFY\" valign=\"MIDDLE\" height=\"18\">Nett (Johnson &amp; Johnson)<\/td>\n<td align=\"JUSTIFY\" valign=\"MIDDLE\"><\/td>\n<td align=\"JUSTIFY\" valign=\"MIDDLE\">Mail<\/td>\n<\/tr>\n<\/tbody>\n<\/table>\n","protected":false},"excerpt":{"rendered":"<p>Le tableau ci-dessous r\u00e9pertorie les personnes et organismes majeurs que j&rsquo;ai contact\u00e9 pour r\u00e9aliser mon enqu\u00eate. Personnes contact\u00e9es Fonction Moyens Lauren Wasser Mannequin emput\u00e9e d&rsquo;une jambe \u00e0 cause d&rsquo;un tampon Twitter Dr Thierry Harvey gyn\u00e9cologue T\u00e9l\u00e9phone, ITW \u00e0 la maternit\u00e9 des Diaconesses Alexandra Scranton Directrice des recherches \u00e0 Women&rsquo;s voices for the earth Mail, skype &hellip; <a href=\"http:\/\/www.efj.press\/camillemonier\/enquete\/bibliographie\/\" class=\"more-link\">Continuer la lecture de <span class=\"screen-reader-text\">Bibliographie<\/span>  <span class=\"meta-nav\">&rarr;<\/span><\/a><\/p>\n","protected":false},"author":22,"featured_media":0,"parent":2,"menu_order":3,"comment_status":"closed","ping_status":"closed","template":"","meta":{"footnotes":""},"_links":{"self":[{"href":"http:\/\/www.efj.press\/camillemonier\/wp-json\/wp\/v2\/pages\/18"}],"collection":[{"href":"http:\/\/www.efj.press\/camillemonier\/wp-json\/wp\/v2\/pages"}],"about":[{"href":"http:\/\/www.efj.press\/camillemonier\/wp-json\/wp\/v2\/types\/page"}],"author":[{"embeddable":true,"href":"http:\/\/www.efj.press\/camillemonier\/wp-json\/wp\/v2\/users\/22"}],"replies":[{"embeddable":true,"href":"http:\/\/www.efj.press\/camillemonier\/wp-json\/wp\/v2\/comments?post=18"}],"version-history":[{"count":3,"href":"http:\/\/www.efj.press\/camillemonier\/wp-json\/wp\/v2\/pages\/18\/revisions"}],"predecessor-version":[{"id":35,"href":"http:\/\/www.efj.press\/camillemonier\/wp-json\/wp\/v2\/pages\/18\/revisions\/35"}],"up":[{"embeddable":true,"href":"http:\/\/www.efj.press\/camillemonier\/wp-json\/wp\/v2\/pages\/2"}],"wp:attachment":[{"href":"http:\/\/www.efj.press\/camillemonier\/wp-json\/wp\/v2\/media?parent=18"}],"curies":[{"name":"wp","href":"https:\/\/api.w.org\/{rel}","templated":true}]}}