{"id":158,"date":"2016-05-13T10:53:09","date_gmt":"2016-05-13T09:53:09","guid":{"rendered":"http:\/\/www.efj.press\/camillemonier\/?page_id=158"},"modified":"2016-05-30T09:44:20","modified_gmt":"2016-05-30T08:44:20","slug":"accueil","status":"publish","type":"page","link":"http:\/\/www.efj.press\/camillemonier\/","title":{"rendered":"Accueil"},"content":{"rendered":"<p style=\"text-align: center;\">Tout est question d&rsquo;\u00e9quilibre.<\/p>\n<p style=\"text-align: center;\">\u00catre au bon endroit, au bon moment, la cam\u00e9ra en place, pr\u00eat \u00e0 d\u00e9gainer l&rsquo;objectif. Donner le meilleur de soi m\u00eame, avoir de la conviction et rester humble. Voyager, s&rsquo;ouvrir au monde et partager tout ce qui peut nourrir un homme.<\/p>\n<p>&nbsp;<\/p>\n","protected":false},"excerpt":{"rendered":"<p>Tout est question d&rsquo;\u00e9quilibre. \u00catre au bon endroit, au bon moment, la cam\u00e9ra en place, pr\u00eat \u00e0 d\u00e9gainer l&rsquo;objectif. Donner le meilleur de soi m\u00eame, avoir de la conviction et rester humble. Voyager, s&rsquo;ouvrir au monde et partager tout ce qui peut nourrir un homme. &nbsp;<\/p>\n","protected":false},"author":22,"featured_media":184,"parent":0,"menu_order":0,"comment_status":"closed","ping_status":"closed","template":"","meta":{"footnotes":""},"_links":{"self":[{"href":"http:\/\/www.efj.press\/camillemonier\/wp-json\/wp\/v2\/pages\/158"}],"collection":[{"href":"http:\/\/www.efj.press\/camillemonier\/wp-json\/wp\/v2\/pages"}],"about":[{"href":"http:\/\/www.efj.press\/camillemonier\/wp-json\/wp\/v2\/types\/page"}],"author":[{"embeddable":true,"href":"http:\/\/www.efj.press\/camillemonier\/wp-json\/wp\/v2\/users\/22"}],"replies":[{"embeddable":true,"href":"http:\/\/www.efj.press\/camillemonier\/wp-json\/wp\/v2\/comments?post=158"}],"version-history":[{"count":7,"href":"http:\/\/www.efj.press\/camillemonier\/wp-json\/wp\/v2\/pages\/158\/revisions"}],"predecessor-version":[{"id":248,"href":"http:\/\/www.efj.press\/camillemonier\/wp-json\/wp\/v2\/pages\/158\/revisions\/248"}],"wp:featuredmedia":[{"embeddable":true,"href":"http:\/\/www.efj.press\/camillemonier\/wp-json\/wp\/v2\/media\/184"}],"wp:attachment":[{"href":"http:\/\/www.efj.press\/camillemonier\/wp-json\/wp\/v2\/media?parent=158"}],"curies":[{"name":"wp","href":"https:\/\/api.w.org\/{rel}","templated":true}]}}