{"id":140,"date":"2016-04-13T16:04:46","date_gmt":"2016-04-13T15:04:46","guid":{"rendered":"http:\/\/www.efj.press\/camillemonier\/?page_id=140"},"modified":"2016-06-15T22:32:22","modified_gmt":"2016-06-15T21:32:22","slug":"unesco-eeducation","status":"publish","type":"page","link":"http:\/\/www.efj.press\/camillemonier\/reportages\/unesco-eeducation\/","title":{"rendered":"UNESCO, la E Education"},"content":{"rendered":"<p>L\u2019UNESCO se met \u00e0 la page et encourage la &lsquo;E Education&rsquo;. Autrement dit, la mise en \u0153uvre des nouvelles technologies au service de l&rsquo;\u00e9ducation. L&rsquo;agence des Nations Unies a organis\u00e9, d\u00e9but 2016, la &lsquo;Mobile Learning Week&rsquo; \u00e0 son si\u00e8ge de Paris avec des t\u00e9moignages \u00a0d&rsquo;ONG, de dirigeants d&rsquo;entreprises priv\u00e9es et d&rsquo;experts de l&rsquo;\u00e9ducation pour \u00e9changer et partager leurs exp\u00e9riences et projets. Une rencontre unique pour l\u2019Afrique, dont l\u2019\u00e9ducation est plac\u00e9e au c\u0153ur des discussions.<\/p>\n<p><iframe loading=\"lazy\" width=\"474\" height=\"267\" src=\"https:\/\/www.youtube.com\/embed\/rf1pH7yk2UY?feature=oembed\" frameborder=\"0\" allowfullscreen><\/iframe><\/p>\n","protected":false},"excerpt":{"rendered":"<p>L\u2019UNESCO se met \u00e0 la page et encourage la &lsquo;E Education&rsquo;. Autrement dit, la mise en \u0153uvre des nouvelles technologies au service de l&rsquo;\u00e9ducation. L&rsquo;agence des Nations Unies a organis\u00e9, d\u00e9but 2016, la &lsquo;Mobile Learning Week&rsquo; \u00e0 son si\u00e8ge de Paris avec des t\u00e9moignages \u00a0d&rsquo;ONG, de dirigeants d&rsquo;entreprises priv\u00e9es et d&rsquo;experts de l&rsquo;\u00e9ducation pour \u00e9changer &hellip; <a href=\"http:\/\/www.efj.press\/camillemonier\/reportages\/unesco-eeducation\/\" class=\"more-link\">Continuer la lecture de <span class=\"screen-reader-text\">UNESCO, la E Education<\/span>  <span class=\"meta-nav\">&rarr;<\/span><\/a><\/p>\n","protected":false},"author":22,"featured_media":0,"parent":109,"menu_order":1,"comment_status":"closed","ping_status":"closed","template":"","meta":{"footnotes":""},"_links":{"self":[{"href":"http:\/\/www.efj.press\/camillemonier\/wp-json\/wp\/v2\/pages\/140"}],"collection":[{"href":"http:\/\/www.efj.press\/camillemonier\/wp-json\/wp\/v2\/pages"}],"about":[{"href":"http:\/\/www.efj.press\/camillemonier\/wp-json\/wp\/v2\/types\/page"}],"author":[{"embeddable":true,"href":"http:\/\/www.efj.press\/camillemonier\/wp-json\/wp\/v2\/users\/22"}],"replies":[{"embeddable":true,"href":"http:\/\/www.efj.press\/camillemonier\/wp-json\/wp\/v2\/comments?post=140"}],"version-history":[{"count":4,"href":"http:\/\/www.efj.press\/camillemonier\/wp-json\/wp\/v2\/pages\/140\/revisions"}],"predecessor-version":[{"id":321,"href":"http:\/\/www.efj.press\/camillemonier\/wp-json\/wp\/v2\/pages\/140\/revisions\/321"}],"up":[{"embeddable":true,"href":"http:\/\/www.efj.press\/camillemonier\/wp-json\/wp\/v2\/pages\/109"}],"wp:attachment":[{"href":"http:\/\/www.efj.press\/camillemonier\/wp-json\/wp\/v2\/media?parent=140"}],"curies":[{"name":"wp","href":"https:\/\/api.w.org\/{rel}","templated":true}]}}