{"id":115,"date":"2016-04-13T11:57:44","date_gmt":"2016-04-13T10:57:44","guid":{"rendered":"http:\/\/www.efj.press\/camillemonier\/?page_id=115"},"modified":"2016-06-15T22:15:09","modified_gmt":"2016-06-15T21:15:09","slug":"el-nino-phenomene-devastateur","status":"publish","type":"page","link":"http:\/\/www.efj.press\/camillemonier\/reportages\/el-nino-phenomene-devastateur\/","title":{"rendered":"El Nino, ph\u00e9nom\u00e8ne d\u00e9vastateur"},"content":{"rendered":"<p>Le spectre de la faim plane sur l\u2019Afrique Australe et Orientale, apr\u00e8s les graves s\u00e9cheresses qui ont d\u00e9cim\u00e9 les r\u00e9coltes; sur le march\u00e9 des c\u00e9r\u00e9ales les prix flambent, des plans d\u2019urgence se mettent en place pour \u00e9viter une catastrophe humanitaire.<\/p>\n<p><iframe loading=\"lazy\" width=\"474\" height=\"267\" src=\"https:\/\/www.youtube.com\/embed\/mrs4as_bybA?feature=oembed\" frameborder=\"0\" allowfullscreen><\/iframe><\/p>\n","protected":false},"excerpt":{"rendered":"<p>Le spectre de la faim plane sur l\u2019Afrique Australe et Orientale, apr\u00e8s les graves s\u00e9cheresses qui ont d\u00e9cim\u00e9 les r\u00e9coltes; sur le march\u00e9 des c\u00e9r\u00e9ales les prix flambent, des plans d\u2019urgence se mettent en place pour \u00e9viter une catastrophe humanitaire.<\/p>\n","protected":false},"author":22,"featured_media":0,"parent":109,"menu_order":0,"comment_status":"closed","ping_status":"closed","template":"","meta":{"footnotes":""},"_links":{"self":[{"href":"http:\/\/www.efj.press\/camillemonier\/wp-json\/wp\/v2\/pages\/115"}],"collection":[{"href":"http:\/\/www.efj.press\/camillemonier\/wp-json\/wp\/v2\/pages"}],"about":[{"href":"http:\/\/www.efj.press\/camillemonier\/wp-json\/wp\/v2\/types\/page"}],"author":[{"embeddable":true,"href":"http:\/\/www.efj.press\/camillemonier\/wp-json\/wp\/v2\/users\/22"}],"replies":[{"embeddable":true,"href":"http:\/\/www.efj.press\/camillemonier\/wp-json\/wp\/v2\/comments?post=115"}],"version-history":[{"count":2,"href":"http:\/\/www.efj.press\/camillemonier\/wp-json\/wp\/v2\/pages\/115\/revisions"}],"predecessor-version":[{"id":314,"href":"http:\/\/www.efj.press\/camillemonier\/wp-json\/wp\/v2\/pages\/115\/revisions\/314"}],"up":[{"embeddable":true,"href":"http:\/\/www.efj.press\/camillemonier\/wp-json\/wp\/v2\/pages\/109"}],"wp:attachment":[{"href":"http:\/\/www.efj.press\/camillemonier\/wp-json\/wp\/v2\/media?parent=115"}],"curies":[{"name":"wp","href":"https:\/\/api.w.org\/{rel}","templated":true}]}}