{"id":36,"date":"2016-11-16T15:15:04","date_gmt":"2016-11-16T14:15:04","guid":{"rendered":"http:\/\/www.efj.press\/camillecarrara\/?page_id=36"},"modified":"2017-01-26T17:29:31","modified_gmt":"2017-01-26T16:29:31","slug":"cv","status":"publish","type":"page","link":"http:\/\/www.efj.press\/camillecarrara\/presentation\/cv\/","title":{"rendered":"CURRICULUM VITAE"},"content":{"rendered":"<p style=\"text-align: center\"><strong><span style=\"text-decoration: underline\">Camille Carrara<\/span><\/strong><\/p>\n<p style=\"text-align: center\">Etudiante en journalisme (EFJ) . 11 rue du bois du bray 77127 \u00a0 \u00a0 \u00a0 \u00a0 Lieusaint . Camille.carrara@gmail.com . 06.50.79.41.46<\/p>\n<hr \/>\n<p><strong>Formation\u00a0<\/strong><\/p>\n<p><strong>2016 :\u00a0<\/strong>EFJ Paris (groupe EDH) Ecole du nouveau journalisme &#8211; \u00a0 \u00a0 \u00a0 \u00a0 \u00a0 \u00a0 \u00a0Levallois Perret<\/p>\n<p>Durant mon ann\u00e9e j&rsquo;ai travaill\u00e9 sur la culture g\u00e9n\u00e9ral de l&rsquo;information, les techniques de base r\u00e9dactionnelles. \u00a0De plus, je me suis initi\u00e9 aux outils du journalisme num\u00e9rique, \u00e0 l&rsquo;introduction de la diffusion num\u00e9rique de l&rsquo;information, des Workshop cr\u00e9atifs et op\u00e9rationnel.<\/p>\n<p>Comp\u00e9tences maitris\u00e9es en fin d&rsquo;ann\u00e9e :<\/p>\n<ul>\n<li>Traitement \u00ab\u00a0Desk\u00a0\u00bb de l&rsquo;information : publication d&rsquo;articles courts, suivi de l&rsquo;actualit\u00e9 en temps r\u00e9el.<\/li>\n<li>MoJo (Vid\u00e9o et r\u00e9seaux sociaux ) : tournage, montage et diffusion sur le Net avec un smartphone.<\/li>\n<li>Journalisme Web pour tous les m\u00e9dias<\/li>\n<li>Direct sur les r\u00e9seaux sociaux<\/li>\n<\/ul>\n<hr \/>\n<p><strong>Dipl\u00f4mes<\/strong><\/p>\n<p><strong>2016 :\u00a0<\/strong>Obtention du Brevet europ\u00e9en de premiers secours (BEPS)<\/p>\n<p><strong>2016 :\u00a0<\/strong>Obtention du BAFA<\/p>\n<p><strong>2013-2016 :\u00a0<\/strong>Lyc\u00e9e Robert doisneau &#8211; Corbeil-Essonnes<\/p>\n<p>Obtention d&rsquo;un BAC Economique et Social, Option Sciences Politique.<\/p>\n<hr \/>\n<p><strong>Exp\u00e9riences\u00a0<\/strong><\/p>\n<p><strong>Aout 2016 :\u00a0<\/strong>Animatrice de colonie de vacances CCAS &#8211; Treignac<\/p>\n<ul>\n<li>Animation, encadrement (Th\u00e9matique : Sport, Equitation avec des enfants de 12 \u00e0 14 ans)<\/li>\n<\/ul>\n<p>Encadrer cette colonie d&rsquo;adolescent m&rsquo;a permis d&rsquo;acqu\u00e9rir une certaine maturit\u00e9 ainsi que de travailler mon autorit\u00e9. J&rsquo;ai pu mettre en application ma cr\u00e9ativit\u00e9 et appris \u00e0 apprivoiser le stress et la fatigue.<\/p>\n<p><strong>Juillet 2016 :\u00a0<\/strong>Animatrice en centre de loisir \u00a0&#8211; Soisy-Sur-Seine<\/p>\n<ul>\n<li>Animatin, encadrement (Th\u00e9matique : Dieux grec avec des enfants de 3 \u00e0 10 ans)<\/li>\n<\/ul>\n<p>Travailler en centre de loisir avec des enfants principalement de bas \u00e2ges m&rsquo;a permis de prendre sur moi ainsi que de travailler ma patience. De plus, travailler avec de jeunes enfants m&rsquo;a oblig\u00e9 \u00e0 innover et cr\u00e9er de nouvelle activit\u00e9s en permanence.<\/p>\n<hr \/>\n<p><strong>Comp\u00e9tences\u00a0<\/strong><\/p>\n<ul>\n<li>Anglais\u00a0<em>Niveau B1<\/em><\/li>\n<li>Espagnol\u00a0<em>Niveau B2<\/em><\/li>\n<li>Informatique B2i\u00a0<em>(Word, Excel, Internet, Access, PowerPoint, Outlook)<\/em><\/li>\n<li>Montage\u00a0<em>(Final Cut, Pinacle Studio, Quick, Imovie, Vid\u00e9o shop)<\/em><\/li>\n<li>R\u00e9seaux sociaux\u00a0<em>(Facebook, SnapChat, Twitter, Instagram)<\/em><\/li>\n<\/ul>\n<hr \/>\n<p><strong>Loisirs<\/strong><\/p>\n<p>Lecture, Voyage, m\u00e9dias.<\/p>\n<p>&nbsp;<\/p>\n<p>Permis B<\/p>\n","protected":false},"excerpt":{"rendered":"<p>Camille Carrara Etudiante en journalisme (EFJ) . 11 rue du bois du bray 77127 \u00a0 \u00a0 \u00a0 \u00a0 Lieusaint . Camille.carrara@gmail.com . 06.50.79.41.46 Formation\u00a0 2016 :\u00a0EFJ Paris (groupe EDH) Ecole du nouveau journalisme &#8211; \u00a0 \u00a0 \u00a0 \u00a0 \u00a0 \u00a0 \u00a0Levallois Perret Durant mon ann\u00e9e j&rsquo;ai travaill\u00e9 sur la culture g\u00e9n\u00e9ral de l&rsquo;information, les techniques &hellip; <a href=\"http:\/\/www.efj.press\/camillecarrara\/presentation\/cv\/\" class=\"more-link\">Continuer la lecture de <span class=\"screen-reader-text\">CURRICULUM VITAE<\/span>  <span class=\"meta-nav\">&rarr;<\/span><\/a><\/p>\n","protected":false},"author":122,"featured_media":0,"parent":12,"menu_order":0,"comment_status":"open","ping_status":"closed","template":"","meta":{"footnotes":""},"_links":{"self":[{"href":"http:\/\/www.efj.press\/camillecarrara\/wp-json\/wp\/v2\/pages\/36"}],"collection":[{"href":"http:\/\/www.efj.press\/camillecarrara\/wp-json\/wp\/v2\/pages"}],"about":[{"href":"http:\/\/www.efj.press\/camillecarrara\/wp-json\/wp\/v2\/types\/page"}],"author":[{"embeddable":true,"href":"http:\/\/www.efj.press\/camillecarrara\/wp-json\/wp\/v2\/users\/122"}],"replies":[{"embeddable":true,"href":"http:\/\/www.efj.press\/camillecarrara\/wp-json\/wp\/v2\/comments?post=36"}],"version-history":[{"count":17,"href":"http:\/\/www.efj.press\/camillecarrara\/wp-json\/wp\/v2\/pages\/36\/revisions"}],"predecessor-version":[{"id":198,"href":"http:\/\/www.efj.press\/camillecarrara\/wp-json\/wp\/v2\/pages\/36\/revisions\/198"}],"up":[{"embeddable":true,"href":"http:\/\/www.efj.press\/camillecarrara\/wp-json\/wp\/v2\/pages\/12"}],"wp:attachment":[{"href":"http:\/\/www.efj.press\/camillecarrara\/wp-json\/wp\/v2\/media?parent=36"}],"curies":[{"name":"wp","href":"https:\/\/api.w.org\/{rel}","templated":true}]}}