{"id":187,"date":"2017-01-14T13:42:31","date_gmt":"2017-01-14T12:42:31","guid":{"rendered":"http:\/\/www.efj.press\/camillecarrara\/?page_id=187"},"modified":"2017-01-14T13:42:40","modified_gmt":"2017-01-14T12:42:40","slug":"portrait-la-peter-pan-feminin","status":"publish","type":"page","link":"http:\/\/www.efj.press\/camillecarrara\/articles\/portrait-la-peter-pan-feminin\/","title":{"rendered":"Portrait : La Peter Pan f\u00e9minin\u00a0!"},"content":{"rendered":"<h1 style=\"text-align: center\">La Peter Pan f\u00e9minin\u00a0!<\/h1>\n<p><img loading=\"lazy\" decoding=\"async\" class=\"size-medium wp-image-182 aligncenter\" src=\"http:\/\/www.efj.press\/camillecarrara\/wp-content\/uploads\/sites\/141\/2017\/01\/Favre_120-300x300.jpg\" alt=\"favre_120\" width=\"300\" height=\"300\" srcset=\"http:\/\/www.efj.press\/camillecarrara\/wp-content\/uploads\/sites\/141\/2017\/01\/Favre_120-300x300.jpg 300w, http:\/\/www.efj.press\/camillecarrara\/wp-content\/uploads\/sites\/141\/2017\/01\/Favre_120-150x150.jpg 150w, http:\/\/www.efj.press\/camillecarrara\/wp-content\/uploads\/sites\/141\/2017\/01\/Favre_120.jpg 594w\" sizes=\"(max-width: 300px) 100vw, 300px\" \/><\/p>\n<p style=\"text-align: left\"><em>\u00ab\u00a0La premi\u00e8re nuit du monde\u00a0\u00bb, voici le doux nom de sa derni\u00e8re exposition. Val\u00e9rie Fabre artiste peintre me re\u00e7oit dans son atelier. Cette artiste s\u2019est install\u00e9e en Allemagne depuis plusieurs ann\u00e9es o\u00f9 elle a r\u00e9ussi \u00e0 d\u00e9velopper son art f\u00e9\u00e9rique bien plus qu\u2019\u00e0 Paris. Apr\u00e8s plus de 20 ans d\u2019expression est-elle arriv\u00e9e au bout du tunnel\u00a0? Quel est le sens de sa qu\u00eate\u00a0?<\/em><\/p>\n<p>\u00a0\u00a0\u00a0\u00a0\u00a0\u00a0\u00a0\u00a0\u00a0\u00a0\u00a0 Une grande pi\u00e8ce blanche presque vide, semblable \u00e0 aux chambres d\u2019h\u00f4pital. Des t\u00e2ches de peintures au sol, un grand tableau de soldat aux couleurs \u00e9crasantes. Des pinceaux, de la gouache par-ci par l\u00e0. Enfonc\u00e9 dans son fauteuil de cuir noir, celle qui n\u2019a jamais aim\u00e9e suivre la mode \u00e0 un regard per\u00e7ant. On croirait qu\u2019elle est aveugle. Ses binocles dor\u00e9s, ses dents du bonheur et son teint ros\u00e9 refl\u00e8te l\u2019image d\u2019une petite fille. Pourtant, Val\u00e9rie a 55 ans, apr\u00e8s avoir grandi en Suisse. Elle fait ses \u00e9tudes \u00e0 Paris et aujourd\u2019hui vit \u00e0 Berlin. Ensorcel\u00e9 de peinture et d\u2019\u00e9motion \u00e0 revendre. Elle commencera sa carri\u00e8re \u00e0 Paris qu\u2019elle quittera dans les ann\u00e9es 80. Celle qui se sent \u00ab<em>\u00a0d\u2019abord comme une grande europ\u00e9enne et une exil\u00e9e depuis toujours\u00a0<\/em>\u00bb se sent nulle part et partout \u00e0 la fois. Elle a d\u00e9cid\u00e9 de s\u2019installer \u00e0 Berlin, car c\u2019est \u00ab\u00a0un endroit o\u00f9 la peinture est un m\u00e9dium extr\u00eamement pratiqu\u00e9 de mani\u00e8re libre\u00a0\u00bb. Depuis bient\u00f4t 10 ans, elle enseigne son savoir \u00e0 l\u2019Universit\u00e9 des arts de Berlin.<\/p>\n<p><img loading=\"lazy\" decoding=\"async\" class=\"wp-image-183 aligncenter\" src=\"http:\/\/www.efj.press\/camillecarrara\/wp-content\/uploads\/sites\/141\/2017\/01\/2009-06-22-lapines_columbias2-300x123.jpg\" alt=\"2009-06-22-lapines_columbias2\" width=\"471\" height=\"193\" srcset=\"http:\/\/www.efj.press\/camillecarrara\/wp-content\/uploads\/sites\/141\/2017\/01\/2009-06-22-lapines_columbias2-300x123.jpg 300w, http:\/\/www.efj.press\/camillecarrara\/wp-content\/uploads\/sites\/141\/2017\/01\/2009-06-22-lapines_columbias2-768x315.jpg 768w, http:\/\/www.efj.press\/camillecarrara\/wp-content\/uploads\/sites\/141\/2017\/01\/2009-06-22-lapines_columbias2-1024x420.jpg 1024w, http:\/\/www.efj.press\/camillecarrara\/wp-content\/uploads\/sites\/141\/2017\/01\/2009-06-22-lapines_columbias2.jpg 1174w\" sizes=\"(max-width: 471px) 100vw, 471px\" \/><\/p>\n<p>Peter Pan au f\u00e9minin, cette r\u00eaveuse peint un monde presque enfantin. Entre imaginaire mythologique et conte de f\u00e9e, elle appr\u00e9cie raconter des histoires. Par exemple, lors de sa s\u00e9rie d\u2019\u0153uvre abordant le troisi\u00e8me fr\u00e8re Grimm. Ses travaux sur les \u00ab\u00a0for\u00eat(s)\u00a0\u00bb, la \u00ab\u00a0fragilit\u00e9 des fleurs\u00a0\u00bb ou \u00ab\u00a0lapine univers\u00a0\u00bb cache une petite fille meurtrie. Qui est-elle\u00a0? Des tableaux cauchemardesques de suicides, de cannibalismes la suivent depuis des ann\u00e9es. Ces tableaux refl\u00e8tent une image sombre du personnage de Val\u00e9rie. Les faits divers qui l\u2019inspire la touche-t-elle plus qu\u2019elle le pr\u00e9tend\u00a0? Depuis 2003 les suicides \u00ab\u00a0<em>je l\u2019ai fait \u00e0 tout moment<\/em>\u00a0\u00bb. Ses folies de peindre l\u2019horreur, imprime d\u2019elle une image n\u00e9vros\u00e9e.<\/p>\n<p><img loading=\"lazy\" decoding=\"async\" class=\"wp-image-184 aligncenter\" src=\"http:\/\/www.efj.press\/camillecarrara\/wp-content\/uploads\/sites\/141\/2017\/01\/VF_triptich_Voli_re-300x135.jpg\" alt=\"vf_triptich_voli_re\" width=\"460\" height=\"207\" srcset=\"http:\/\/www.efj.press\/camillecarrara\/wp-content\/uploads\/sites\/141\/2017\/01\/VF_triptich_Voli_re-300x135.jpg 300w, http:\/\/www.efj.press\/camillecarrara\/wp-content\/uploads\/sites\/141\/2017\/01\/VF_triptich_Voli_re.jpg 709w\" sizes=\"(max-width: 460px) 100vw, 460px\" \/><\/p>\n<p>Color\u00e9, gribouill\u00e9, coulante ou irr\u00e9aliste ses \u0153uvres sont en proies aux doutes. Val\u00e9rie grandit, pourtant moins s\u00fbre d\u2019elle, moins battante avec le temps. Acquis un doute constructeur, une certaine s\u00e9r\u00e9nit\u00e9. L\u2019incertitude la guide dans \u00ab\u00a0l<em>\u2019aventure sombre qui s\u2019appelle la vie\u00a0<\/em>\u00bb, petit \u00e0 petit ses souvenirs s\u2019assombrissent comme ses peurs. Elle se laisse guider.<\/p>\n<h3><strong>\u00ab\u00a0C\u2019est pour \u00e7a que le cin\u00e9ma est si important dans mon parcours de peintre\u00a0\u00bb.<\/strong><\/h3>\n<p>A-t-elle peur du temps qui passe trop vite\u00a0? Obs\u00e9d\u00e9e du temps \u00ab\u00a0du probl\u00e8me de la dur\u00e9e\u00a0\u00bb comme Peter Pan. Elle l\u2019analyse la dur\u00e9e et transgresse son rapport au temps sur ses peintures. Puiser l\u2019\u00e9nergie du temps, \u00ab\u00a0de la dur\u00e9e\u00a0\u00bb du cin\u00e9ma ou du th\u00e9\u00e2tre la transporte. Cette passionn\u00e9e de cin\u00e9ma et de th\u00e9\u00e2tre dramaturge adore s\u2019en inspirer. Perdu entre ses r\u00eaveries de gamine et ses peurs d\u2019adulte, elle jette son d\u00e9volu sur les toiles. La notion de spectacle, de th\u00e9\u00e2tralit\u00e9 figurative est importante pour elle. \u00ab\u00a0<em>J\u2019aimerais proposer avec mon travail un acc\u00e8s \u00e0 un monde imaginaire\u00a0<\/em>\u00bb. Elle aime faire passer des messages \u00e0 travers ces toiles, en r\u00e9alisant aussi des tableaux narratifs. \u00ab<em>\u00a0Je vis des moments sublimes<\/em>\u00a0\u00bb Val\u00e9rie vit ses peintures en les travaillant. Elle se cr\u00e9e son univers. Comme les enfants \u00e0 travers les dessins, \u00e0 travers la peinture, elle se cr\u00e9e un monde imaginaire.<\/p>\n<p>Le travail de cette femme enfant lui aura valu de nombreux prix et r\u00e9compenses. Le prix de peinture du salon Montrouge ou encore la bourse de s\u00e9jour \u00e0 la Villa Wardberta \u00e0 Munich. Val\u00e9rie exulte dans son domaine. Pourtant elle souhaite simplement faire vivre des \u00e9motions aux gens qui contemple ses \u0153uvres, comme quand l\u2019on regarde un film. Depuis les ann\u00e9es 90, elle se d\u00e9place aux quatre coins du monde pour raconter ses histoires et laisse m\u00eame acc\u00e8s \u00e0 ses brouillions, \u00e0 ses premiers essais rat\u00e9s. Bloqu\u00e9 dans un monde enfantin, \u00e0 travers ses peintures parfois paradoxale, Val\u00e9rie ne cherche-elle pas \u00e0 cacher ses blessures ?<\/p>\n<hr \/>\n<pre>Article : Camille Carrara<\/pre>\n","protected":false},"excerpt":{"rendered":"<p>La Peter Pan f\u00e9minin\u00a0! \u00ab\u00a0La premi\u00e8re nuit du monde\u00a0\u00bb, voici le doux nom de sa derni\u00e8re exposition. Val\u00e9rie Fabre artiste peintre me re\u00e7oit dans son atelier. Cette artiste s\u2019est install\u00e9e en Allemagne depuis plusieurs ann\u00e9es o\u00f9 elle a r\u00e9ussi \u00e0 d\u00e9velopper son art f\u00e9\u00e9rique bien plus qu\u2019\u00e0 Paris. Apr\u00e8s plus de 20 ans d\u2019expression est-elle &hellip; <a href=\"http:\/\/www.efj.press\/camillecarrara\/articles\/portrait-la-peter-pan-feminin\/\" class=\"more-link\">Continuer la lecture de <span class=\"screen-reader-text\">Portrait : La Peter Pan f\u00e9minin\u00a0!<\/span>  <span class=\"meta-nav\">&rarr;<\/span><\/a><\/p>\n","protected":false},"author":122,"featured_media":0,"parent":103,"menu_order":0,"comment_status":"closed","ping_status":"closed","template":"","meta":{"footnotes":""},"_links":{"self":[{"href":"http:\/\/www.efj.press\/camillecarrara\/wp-json\/wp\/v2\/pages\/187"}],"collection":[{"href":"http:\/\/www.efj.press\/camillecarrara\/wp-json\/wp\/v2\/pages"}],"about":[{"href":"http:\/\/www.efj.press\/camillecarrara\/wp-json\/wp\/v2\/types\/page"}],"author":[{"embeddable":true,"href":"http:\/\/www.efj.press\/camillecarrara\/wp-json\/wp\/v2\/users\/122"}],"replies":[{"embeddable":true,"href":"http:\/\/www.efj.press\/camillecarrara\/wp-json\/wp\/v2\/comments?post=187"}],"version-history":[{"count":1,"href":"http:\/\/www.efj.press\/camillecarrara\/wp-json\/wp\/v2\/pages\/187\/revisions"}],"predecessor-version":[{"id":189,"href":"http:\/\/www.efj.press\/camillecarrara\/wp-json\/wp\/v2\/pages\/187\/revisions\/189"}],"up":[{"embeddable":true,"href":"http:\/\/www.efj.press\/camillecarrara\/wp-json\/wp\/v2\/pages\/103"}],"wp:attachment":[{"href":"http:\/\/www.efj.press\/camillecarrara\/wp-json\/wp\/v2\/media?parent=187"}],"curies":[{"name":"wp","href":"https:\/\/api.w.org\/{rel}","templated":true}]}}