{"id":128,"date":"2016-12-06T13:46:39","date_gmt":"2016-12-06T12:46:39","guid":{"rendered":"http:\/\/www.efj.press\/camillecarrara\/?page_id=128"},"modified":"2016-12-06T13:52:01","modified_gmt":"2016-12-06T12:52:01","slug":"billet-dhumeur-les-journees-mondiales","status":"publish","type":"page","link":"http:\/\/www.efj.press\/camillecarrara\/articles\/billet-dhumeur-les-journees-mondiales\/","title":{"rendered":"Billet d&rsquo;humeur : Les journ\u00e9es mondiales\u00a0!"},"content":{"rendered":"<p>Vous avez d\u00e9j\u00e0 entendu parler de la journ\u00e9e mondiale contre la faim ou bien de l\u2019amiti\u00e9 ? D\u2019apr\u00e8s le site journ\u00e9e-mondiale.com il en existerais plus de 457. Toutes les plus amusantes les unes que les autres ou s\u00e9rieuses. Elles sont cr\u00e9\u00e9es par des organismes affili\u00e9 \u00e0 l\u2019ONU et l\u2019Unesco.<\/p>\n<h4><img loading=\"lazy\" decoding=\"async\" class=\"alignnone wp-image-130\" src=\"http:\/\/www.efj.press\/camillecarrara\/wp-content\/uploads\/sites\/141\/2016\/12\/giphy.gif\" alt=\"giphy\" width=\"440\" height=\"323\" \/><\/h4>\n<h4><strong>Vous en voulez une\u00a0? Aucun probl\u00e8me. <\/strong><\/h4>\n<p>Association, entreprise ou bien particulier faites vos propositions\u00a0! Tant que vous avez \u00a0\u00a0\u00a0\u00a0\u00a0\u00a0\u00abun sujet suffisamment int\u00e9ressant pour mobiliser les gens\u00bb assure Val\u00e9rie Richez-Lerouge fondatrice de la journ\u00e9e nationale du fromage. Dans ce four tout on peut trouver la journ\u00e9e mondiale des for\u00eats ou celle du crime contre l\u2019humanit\u00e9.<\/p>\n<h4><strong>Une utilit\u00e9\u00a0? Evidemment.<\/strong><\/h4>\n<p>Ces journ\u00e9es ont pour but de sensibiliser \u00e0 un sujet important, par exemple\u00a0: la Journ\u00e9e Mondiale de la Paix. Elles peuvent permettre \u00e0 la population mondiale d\u2019\u00e9voquer et de travailler sur des sujets importants et parfois oublier. La Journ\u00e9e Internationale de r\u00e9flexion sur le G\u00e9nocide de 1994 en fait partie.<\/p>\n<h4><img loading=\"lazy\" decoding=\"async\" class=\"alignnone wp-image-131\" src=\"http:\/\/www.efj.press\/camillecarrara\/wp-content\/uploads\/sites\/141\/2016\/12\/giphy-1.gif\" alt=\"giphy-1\" width=\"439\" height=\"372\" \/><\/h4>\n<h4><strong>Un sujet s\u00e9rieux\u00a0? Pas toujours.<\/strong><\/h4>\n<p>Sans doute en manque d\u2019id\u00e9es et de sujets int\u00e9ressants des journ\u00e9es \u00e0 th\u00e8me plus l\u00e9ger ont \u00e9t\u00e9 cr\u00e9\u00e9s. C\u2019est sur 355 jour c\u2019est beaucoup trop\u00a0! Des sujets d\u2019une importance noble il n\u2019y en a pas tant que \u00e7a. Dans la cat\u00e9gorie stupide et inutile on retrouve les journ\u00e9es mondiales\u00a0: de la plomberie, des secr\u00e9taires, du vent, ou bien m\u00eame des toilettes. Forcement on ne va pas se faire chier \u00e0 se creuser la t\u00eate trop longtemps. D\u2019autres sujets s\u00e9rieux en revanche ne sont pas d\u2019une grande utilit\u00e9, pas forc\u00e9ment compris. Dans la cat\u00e9gorie inaccessible les nomm\u00e9es sont\u00a0: Les journ\u00e9es mondiales de l\u2019h\u00e9mophilie, de la fibromyalgie ou encore celle de la dr\u00e9panocytose.<\/p>\n<h4><strong>Amusante\u00a0? Faut l\u2019avouer on les aime quand m\u00eame.<\/strong><\/h4>\n<p>Ne mentons pas, ces journ\u00e9es sans int\u00e9r\u00eats publics ont les appr\u00e9cies. On en mangerait \u00e0 toutes les sauces. La Journ\u00e9e Mondiale du Nutella, du Chocolat ou bien du Fromage sont des dates \u00e0 retenir.<\/p>\n<p><img loading=\"lazy\" decoding=\"async\" class=\"alignnone wp-image-133\" src=\"http:\/\/www.efj.press\/camillecarrara\/wp-content\/uploads\/sites\/141\/2016\/12\/giphy-4-300x161.gif\" alt=\"giphy-4\" width=\"432\" height=\"232\" \/><\/p>\n<pre>Billet d'humeur : Camille Carrara<\/pre>\n","protected":false},"excerpt":{"rendered":"<p>Vous avez d\u00e9j\u00e0 entendu parler de la journ\u00e9e mondiale contre la faim ou bien de l\u2019amiti\u00e9 ? D\u2019apr\u00e8s le site journ\u00e9e-mondiale.com il en existerais plus de 457. Toutes les plus amusantes les unes que les autres ou s\u00e9rieuses. Elles sont cr\u00e9\u00e9es par des organismes affili\u00e9 \u00e0 l\u2019ONU et l\u2019Unesco. Vous en voulez une\u00a0? Aucun probl\u00e8me. &hellip; <a href=\"http:\/\/www.efj.press\/camillecarrara\/articles\/billet-dhumeur-les-journees-mondiales\/\" class=\"more-link\">Continuer la lecture de <span class=\"screen-reader-text\">Billet d&rsquo;humeur : Les journ\u00e9es mondiales\u00a0!<\/span>  <span class=\"meta-nav\">&rarr;<\/span><\/a><\/p>\n","protected":false},"author":122,"featured_media":0,"parent":103,"menu_order":0,"comment_status":"closed","ping_status":"closed","template":"","meta":{"footnotes":""},"_links":{"self":[{"href":"http:\/\/www.efj.press\/camillecarrara\/wp-json\/wp\/v2\/pages\/128"}],"collection":[{"href":"http:\/\/www.efj.press\/camillecarrara\/wp-json\/wp\/v2\/pages"}],"about":[{"href":"http:\/\/www.efj.press\/camillecarrara\/wp-json\/wp\/v2\/types\/page"}],"author":[{"embeddable":true,"href":"http:\/\/www.efj.press\/camillecarrara\/wp-json\/wp\/v2\/users\/122"}],"replies":[{"embeddable":true,"href":"http:\/\/www.efj.press\/camillecarrara\/wp-json\/wp\/v2\/comments?post=128"}],"version-history":[{"count":4,"href":"http:\/\/www.efj.press\/camillecarrara\/wp-json\/wp\/v2\/pages\/128\/revisions"}],"predecessor-version":[{"id":135,"href":"http:\/\/www.efj.press\/camillecarrara\/wp-json\/wp\/v2\/pages\/128\/revisions\/135"}],"up":[{"embeddable":true,"href":"http:\/\/www.efj.press\/camillecarrara\/wp-json\/wp\/v2\/pages\/103"}],"wp:attachment":[{"href":"http:\/\/www.efj.press\/camillecarrara\/wp-json\/wp\/v2\/media?parent=128"}],"curies":[{"name":"wp","href":"https:\/\/api.w.org\/{rel}","templated":true}]}}