{"id":105,"date":"2016-11-30T14:57:14","date_gmt":"2016-11-30T13:57:14","guid":{"rendered":"http:\/\/www.efj.press\/camillecarrara\/?page_id=105"},"modified":"2016-11-30T14:58:59","modified_gmt":"2016-11-30T13:58:59","slug":"reportage-les-francais-genereux-assument-leur-egoisme","status":"publish","type":"page","link":"http:\/\/www.efj.press\/camillecarrara\/articles\/reportage-les-francais-genereux-assument-leur-egoisme\/","title":{"rendered":"REPORTAGE : LES FRAN\u00c7AIS G\u00c9N\u00c9REUX, ASSUMENT LEUR \u00c9GO\u00cfSME"},"content":{"rendered":"<p><strong><img loading=\"lazy\" decoding=\"async\" class=\" wp-image-108 aligncenter\" src=\"http:\/\/www.efj.press\/camillecarrara\/wp-content\/uploads\/sites\/141\/2016\/11\/michelangelo-71282_1280-300x188.jpg\" alt=\"michelangelo-71282_1280\" width=\"583\" height=\"365\" srcset=\"http:\/\/www.efj.press\/camillecarrara\/wp-content\/uploads\/sites\/141\/2016\/11\/michelangelo-71282_1280-300x188.jpg 300w, http:\/\/www.efj.press\/camillecarrara\/wp-content\/uploads\/sites\/141\/2016\/11\/michelangelo-71282_1280-768x482.jpg 768w, http:\/\/www.efj.press\/camillecarrara\/wp-content\/uploads\/sites\/141\/2016\/11\/michelangelo-71282_1280-1024x642.jpg 1024w, http:\/\/www.efj.press\/camillecarrara\/wp-content\/uploads\/sites\/141\/2016\/11\/michelangelo-71282_1280.jpg 1280w\" sizes=\"(max-width: 583px) 100vw, 583px\" \/><\/strong><\/p>\n<p><strong>\u00ab Je ne donne pas car je suis sans doute un peu \u00e9go\u00efste \u00bb, Christophe, 41 ans, chauffeur SNCF, l\u2019assume pleinement. Aujourd\u2019hui, en France, 40% des fran\u00e7ais refusent de donner \u00e0 des associations caritatives. Pourtant, les chiffres ne mentent pas, une augmentation des dons, a \u00e9t\u00e9 constat\u00e9e en 2015.<\/strong><\/p>\n<p>Selon une enqu\u00eate\u00a0publi\u00e9e ce lundi 21 novembre, les fran\u00e7ais accordent de plus en plus de temps et d\u2019argent pour les associations. Si certains secteurs restent en repli, tous, ont profit\u00e9 de cette nette augmentation. Les donateurs les plus g\u00e9n\u00e9reux r\u00e9sident en Ile \u2013 de \u2013 France avec 36% des dons r\u00e9colt\u00e9s. Si certains dons sont d\u00e9ductibles des imp\u00f4ts, le nombre de donateur n\u2019a pas pour autant augment\u00e9. On constate seulement une hausse du montant du don.<\/p>\n<blockquote>\n<h2>\u00abJe comprends que certains ne donnent pas.\u00bb Laurine, 17 ans, est en premi\u00e8re ann\u00e9e \u00e0 la Sorbonne.<\/h2>\n<\/blockquote>\n<p>\u00ab J\u2019ai d\u00e9j\u00e0 donn\u00e9 \u00e0 des associations et j\u2019y ai d\u00e9j\u00e0 particip\u00e9 par exemple au restos du c\u0153ur o\u00f9 j\u2019ai \u00e9t\u00e9 b\u00e9n\u00e9vole. Personnellement il y a des causes qui vont me tenir plus \u00e0 c\u0153ur que d\u2019autre comme par exemple la protection des animaux, la nature, l\u2019\u00e9cologie que je trouve importantes. D\u2019apr\u00e8s moi le Secours populaire et les restos du c\u0153ur sont des associations pour lesquelles on peut donner de l\u2019argent ou bien participer. En revanche, tout le monde n\u2019a pa le temps, l\u2019agent ou la confiance n\u00e9cessaire pour participer \u00e0 des associations. \u00bb<\/p>\n<blockquote>\n<h2><img loading=\"lazy\" decoding=\"async\" class=\" wp-image-106 aligncenter\" src=\"http:\/\/www.efj.press\/camillecarrara\/wp-content\/uploads\/sites\/141\/2016\/11\/homeless-man-833017_1280-copie-300x200.jpg\" alt=\"homeless-man-833017_1280-copie\" width=\"563\" height=\"375\" srcset=\"http:\/\/www.efj.press\/camillecarrara\/wp-content\/uploads\/sites\/141\/2016\/11\/homeless-man-833017_1280-copie-300x200.jpg 300w, http:\/\/www.efj.press\/camillecarrara\/wp-content\/uploads\/sites\/141\/2016\/11\/homeless-man-833017_1280-copie-768x511.jpg 768w, http:\/\/www.efj.press\/camillecarrara\/wp-content\/uploads\/sites\/141\/2016\/11\/homeless-man-833017_1280-copie-1024x682.jpg 1024w, http:\/\/www.efj.press\/camillecarrara\/wp-content\/uploads\/sites\/141\/2016\/11\/homeless-man-833017_1280-copie.jpg 1280w\" sizes=\"(max-width: 563px) 100vw, 563px\" \/><\/h2>\n<h2>\u00abJe donnerais \u00e0 celle qui m\u2019a aid\u00e9 quand j\u2019\u00e9tais dans la merde. \u00bbJacques-Laurent, 63 ans est SDF depuis 8 ans.<\/h2>\n<\/blockquote>\n<p>\u00ab Donner de l\u2019argent aux associations c\u2019est pas mal, j\u2019en sais quelque chose, elles m\u2019ont aid\u00e9 quand j\u2019\u00e9tais au plus mal. Mais avant de donner il faut bien se renseigner sur l\u2019association. Il faut simplement savoir \u00e0 quelle association on donne. Mais si \u00e7a ne sert qu\u2019\u00e0 \u00a0se lib\u00e9rer la t\u00eate ou se donner une tranquillit\u00e9 d\u2019esprit, ce n\u2019est pas suffisant. Il faut donner de son temps et de son coeur. D\u2019apr\u00e8s moi il faut donner des dons \u00e0 l\u2019association qui vous repr\u00e9sente le mieux. Pour le moment je profite des dons, mais Dans mon cas c\u2019est difficile de faire des dons en revanche, je profite des dons \u00bb<\/p>\n<blockquote>\n<h2>\u00abIl faut plus de transparence dans les dons.\u00bbCaroline, \u00a029 ans est commerciale dans le tabac.<\/h2>\n<\/blockquote>\n<p>\u00ab Pour \u00eatre franche non je ne fais pas de dons dans des associations, parce que je n\u2019en ai pas les moyens. Si aujourd\u2019hui j\u2019avais les moyens de donner, je donnerais \u00e0 une association pour la recherche contre le cancer parce que j\u2019ai r\u00e9cemment perdu un proche \u00e0 cause de cette maladie. Je pense qu\u2019il faut faire confiance aux associations, m\u00eame si l\u2019on n\u2019est jamais s\u00fbr \u00e0 100%. \u00bb<\/p>\n<p><img loading=\"lazy\" decoding=\"async\" class=\" wp-image-107 aligncenter\" src=\"http:\/\/www.efj.press\/camillecarrara\/wp-content\/uploads\/sites\/141\/2016\/11\/teddy-562960_1920-copie-300x243.jpg\" alt=\"teddy-562960_1920-copie\" width=\"493\" height=\"399\" srcset=\"http:\/\/www.efj.press\/camillecarrara\/wp-content\/uploads\/sites\/141\/2016\/11\/teddy-562960_1920-copie-300x243.jpg 300w, http:\/\/www.efj.press\/camillecarrara\/wp-content\/uploads\/sites\/141\/2016\/11\/teddy-562960_1920-copie-768x622.jpg 768w, http:\/\/www.efj.press\/camillecarrara\/wp-content\/uploads\/sites\/141\/2016\/11\/teddy-562960_1920-copie-1024x829.jpg 1024w, http:\/\/www.efj.press\/camillecarrara\/wp-content\/uploads\/sites\/141\/2016\/11\/teddy-562960_1920-copie.jpg 1920w\" sizes=\"(max-width: 493px) 100vw, 493px\" \/><\/p>\n<p>&nbsp;<\/p>\n<p>&nbsp;<\/p>\n<hr \/>\n<pre>Camille Carrara &amp; Jessica Mohammedi<\/pre>\n","protected":false},"excerpt":{"rendered":"<p>\u00ab Je ne donne pas car je suis sans doute un peu \u00e9go\u00efste \u00bb, Christophe, 41 ans, chauffeur SNCF, l\u2019assume pleinement. Aujourd\u2019hui, en France, 40% des fran\u00e7ais refusent de donner \u00e0 des associations caritatives. Pourtant, les chiffres ne mentent pas, une augmentation des dons, a \u00e9t\u00e9 constat\u00e9e en 2015. Selon une enqu\u00eate\u00a0publi\u00e9e ce lundi 21 &hellip; <a href=\"http:\/\/www.efj.press\/camillecarrara\/articles\/reportage-les-francais-genereux-assument-leur-egoisme\/\" class=\"more-link\">Continuer la lecture de <span class=\"screen-reader-text\">REPORTAGE : LES FRAN\u00c7AIS G\u00c9N\u00c9REUX, ASSUMENT LEUR \u00c9GO\u00cfSME<\/span>  <span class=\"meta-nav\">&rarr;<\/span><\/a><\/p>\n","protected":false},"author":122,"featured_media":0,"parent":103,"menu_order":0,"comment_status":"closed","ping_status":"closed","template":"","meta":{"footnotes":""},"_links":{"self":[{"href":"http:\/\/www.efj.press\/camillecarrara\/wp-json\/wp\/v2\/pages\/105"}],"collection":[{"href":"http:\/\/www.efj.press\/camillecarrara\/wp-json\/wp\/v2\/pages"}],"about":[{"href":"http:\/\/www.efj.press\/camillecarrara\/wp-json\/wp\/v2\/types\/page"}],"author":[{"embeddable":true,"href":"http:\/\/www.efj.press\/camillecarrara\/wp-json\/wp\/v2\/users\/122"}],"replies":[{"embeddable":true,"href":"http:\/\/www.efj.press\/camillecarrara\/wp-json\/wp\/v2\/comments?post=105"}],"version-history":[{"count":4,"href":"http:\/\/www.efj.press\/camillecarrara\/wp-json\/wp\/v2\/pages\/105\/revisions"}],"predecessor-version":[{"id":113,"href":"http:\/\/www.efj.press\/camillecarrara\/wp-json\/wp\/v2\/pages\/105\/revisions\/113"}],"up":[{"embeddable":true,"href":"http:\/\/www.efj.press\/camillecarrara\/wp-json\/wp\/v2\/pages\/103"}],"wp:attachment":[{"href":"http:\/\/www.efj.press\/camillecarrara\/wp-json\/wp\/v2\/media?parent=105"}],"curies":[{"name":"wp","href":"https:\/\/api.w.org\/{rel}","templated":true}]}}