{"id":86,"date":"2016-11-30T14:42:38","date_gmt":"2016-11-30T13:42:38","guid":{"rendered":"http:\/\/www.efj.press\/amandinenilles\/?page_id=86"},"modified":"2016-11-30T14:47:36","modified_gmt":"2016-11-30T13:47:36","slug":"contacts","status":"publish","type":"page","link":"http:\/\/www.efj.press\/amandinenilles\/contacts\/","title":{"rendered":"Contacts"},"content":{"rendered":"<p>Voici les diff\u00e9rents moyens de me contacter si vous \u00eates int\u00e9ress\u00e9 par mon travail ou plus simplement si vous voulez discuter :<\/p>\n<p><a href=\"https:\/\/twitter.com\/nillesamandine\"><img loading=\"lazy\" decoding=\"async\" class=\"wp-image-94 alignleft\" src=\"http:\/\/www.efj.press\/amandinenilles\/wp-content\/uploads\/sites\/156\/2016\/11\/twitter-300x156.png\" alt=\"twitter\" width=\"94\" height=\"49\" srcset=\"http:\/\/www.efj.press\/amandinenilles\/wp-content\/uploads\/sites\/156\/2016\/11\/twitter-300x156.png 300w, http:\/\/www.efj.press\/amandinenilles\/wp-content\/uploads\/sites\/156\/2016\/11\/twitter.png 311w\" sizes=\"(max-width: 94px) 100vw, 94px\" \/><\/a><\/p>\n<p><a href=\"https:\/\/www.facebook.com\/amandine.nilles\"><img loading=\"lazy\" decoding=\"async\" class=\"wp-image-93 alignleft\" src=\"http:\/\/www.efj.press\/amandinenilles\/wp-content\/uploads\/sites\/156\/2016\/11\/facebook-image-300x104.png\" alt=\"facebook-image\" width=\"135\" height=\"47\" srcset=\"http:\/\/www.efj.press\/amandinenilles\/wp-content\/uploads\/sites\/156\/2016\/11\/facebook-image-300x104.png 300w, http:\/\/www.efj.press\/amandinenilles\/wp-content\/uploads\/sites\/156\/2016\/11\/facebook-image-768x266.png 768w, http:\/\/www.efj.press\/amandinenilles\/wp-content\/uploads\/sites\/156\/2016\/11\/facebook-image.png 1000w\" sizes=\"(max-width: 135px) 100vw, 135px\" \/><\/a><\/p>\n<p><a href=\"https:\/\/medium.com\/@nillesamandine\"><img loading=\"lazy\" decoding=\"async\" class=\"wp-image-89 alignleft\" src=\"http:\/\/www.efj.press\/amandinenilles\/wp-content\/uploads\/sites\/156\/2016\/11\/logo-instagram-300x107.png\" alt=\"logo-instagram\" width=\"135\" height=\"48\" srcset=\"http:\/\/www.efj.press\/amandinenilles\/wp-content\/uploads\/sites\/156\/2016\/11\/logo-instagram-300x107.png 300w, http:\/\/www.efj.press\/amandinenilles\/wp-content\/uploads\/sites\/156\/2016\/11\/logo-instagram-768x274.png 768w, http:\/\/www.efj.press\/amandinenilles\/wp-content\/uploads\/sites\/156\/2016\/11\/logo-instagram-1024x366.png 1024w, http:\/\/www.efj.press\/amandinenilles\/wp-content\/uploads\/sites\/156\/2016\/11\/logo-instagram.png 1280w\" sizes=\"(max-width: 135px) 100vw, 135px\" \/><img loading=\"lazy\" decoding=\"async\" class=\"wp-image-90 alignleft\" src=\"http:\/\/www.efj.press\/amandinenilles\/wp-content\/uploads\/sites\/156\/2016\/11\/medium-logo-300x83.png\" alt=\"medium-logo\" width=\"142\" height=\"39\" srcset=\"http:\/\/www.efj.press\/amandinenilles\/wp-content\/uploads\/sites\/156\/2016\/11\/medium-logo-300x83.png 300w, http:\/\/www.efj.press\/amandinenilles\/wp-content\/uploads\/sites\/156\/2016\/11\/medium-logo-768x213.png 768w, http:\/\/www.efj.press\/amandinenilles\/wp-content\/uploads\/sites\/156\/2016\/11\/medium-logo.png 800w\" sizes=\"(max-width: 142px) 100vw, 142px\" \/><\/a><a href=\"https:\/\/medium.com\/@nillesamandine\">\u00a0<\/a><br \/>\n<a href=\"https:\/\/www.linkedin.com\/in\/amandine-nilles-b6b9ab133?trk=hp-identity-name\"><img loading=\"lazy\" decoding=\"async\" class=\" wp-image-92 alignleft\" src=\"http:\/\/www.efj.press\/amandinenilles\/wp-content\/uploads\/sites\/156\/2016\/11\/linkedin-image-300x115.png\" alt=\"linkedin-image\" width=\"130\" height=\"50\" srcset=\"http:\/\/www.efj.press\/amandinenilles\/wp-content\/uploads\/sites\/156\/2016\/11\/linkedin-image-300x115.png 300w, http:\/\/www.efj.press\/amandinenilles\/wp-content\/uploads\/sites\/156\/2016\/11\/linkedin-image.png 650w\" sizes=\"(max-width: 130px) 100vw, 130px\" \/><\/a><a href=\"https:\/\/www.youtube.com\/channel\/UCdG4Ej8BvGhIUbcJvBeMMNw\"><img loading=\"lazy\" decoding=\"async\" class=\"wp-image-91 alignleft\" src=\"http:\/\/www.efj.press\/amandinenilles\/wp-content\/uploads\/sites\/156\/2016\/11\/youtube-image-300x187.png\" alt=\"youtube-image\" width=\"109\" height=\"68\" srcset=\"http:\/\/www.efj.press\/amandinenilles\/wp-content\/uploads\/sites\/156\/2016\/11\/youtube-image-300x187.png 300w, http:\/\/www.efj.press\/amandinenilles\/wp-content\/uploads\/sites\/156\/2016\/11\/youtube-image-768x478.png 768w, http:\/\/www.efj.press\/amandinenilles\/wp-content\/uploads\/sites\/156\/2016\/11\/youtube-image.png 773w\" sizes=\"(max-width: 109px) 100vw, 109px\" \/><\/a><\/p>\n","protected":false},"excerpt":{"rendered":"<p>Voici les diff\u00e9rents moyens de me contacter si vous \u00eates int\u00e9ress\u00e9 par mon travail ou plus simplement si vous voulez discuter : \u00a0<\/p>\n","protected":false},"author":136,"featured_media":0,"parent":0,"menu_order":0,"comment_status":"closed","ping_status":"closed","template":"","meta":{"footnotes":""},"_links":{"self":[{"href":"http:\/\/www.efj.press\/amandinenilles\/wp-json\/wp\/v2\/pages\/86"}],"collection":[{"href":"http:\/\/www.efj.press\/amandinenilles\/wp-json\/wp\/v2\/pages"}],"about":[{"href":"http:\/\/www.efj.press\/amandinenilles\/wp-json\/wp\/v2\/types\/page"}],"author":[{"embeddable":true,"href":"http:\/\/www.efj.press\/amandinenilles\/wp-json\/wp\/v2\/users\/136"}],"replies":[{"embeddable":true,"href":"http:\/\/www.efj.press\/amandinenilles\/wp-json\/wp\/v2\/comments?post=86"}],"version-history":[{"count":4,"href":"http:\/\/www.efj.press\/amandinenilles\/wp-json\/wp\/v2\/pages\/86\/revisions"}],"predecessor-version":[{"id":99,"href":"http:\/\/www.efj.press\/amandinenilles\/wp-json\/wp\/v2\/pages\/86\/revisions\/99"}],"wp:attachment":[{"href":"http:\/\/www.efj.press\/amandinenilles\/wp-json\/wp\/v2\/media?parent=86"}],"curies":[{"name":"wp","href":"https:\/\/api.w.org\/{rel}","templated":true}]}}