{"id":233,"date":"2018-04-07T16:45:32","date_gmt":"2018-04-07T15:45:32","guid":{"rendered":"http:\/\/www.efj.press\/amandinenilles\/?page_id=233"},"modified":"2018-04-07T16:45:32","modified_gmt":"2018-04-07T15:45:32","slug":"lexcision-un-probleme-international-the-fgm-an-international-issue","status":"publish","type":"page","link":"http:\/\/www.efj.press\/amandinenilles\/lexcision-un-probleme-international-the-fgm-an-international-issue\/","title":{"rendered":"L&rsquo;excision, un probl\u00e8me international \/ The FGM an international issue"},"content":{"rendered":"<p>J&rsquo;enqu\u00eate actuellement sur l&rsquo;excision des femmes, un acte consid\u00e9r\u00e9 comme barbare et \u00e0 l&rsquo;encontre des Droits de l&rsquo;Homme par les Nations Unies.<\/p>\n<p>Lors de mon s\u00e9jour en Irlande, j&rsquo;ai pu comprendre comment ce pays europ\u00e9en et profond\u00e9ment catholique s&rsquo;organise pour aider les femmes ayant subies cette mutilation.<\/p>\n<p>Mon reportage vid\u00e9o est en anglais mais mon investigation \u00e9crite et en anglais et en fran\u00e7ais.<\/p>\n","protected":false},"excerpt":{"rendered":"<p>J&rsquo;enqu\u00eate actuellement sur l&rsquo;excision des femmes, un acte consid\u00e9r\u00e9 comme barbare et \u00e0 l&rsquo;encontre des Droits de l&rsquo;Homme par les Nations Unies. Lors de mon s\u00e9jour en Irlande, j&rsquo;ai pu comprendre comment ce pays europ\u00e9en et profond\u00e9ment catholique s&rsquo;organise pour aider les femmes ayant subies cette mutilation. Mon reportage vid\u00e9o est en anglais mais mon &hellip; <a href=\"http:\/\/www.efj.press\/amandinenilles\/lexcision-un-probleme-international-the-fgm-an-international-issue\/\" class=\"more-link\">Continuer la lecture de <span class=\"screen-reader-text\">L&rsquo;excision, un probl\u00e8me international \/ The FGM an international issue<\/span>  <span class=\"meta-nav\">&rarr;<\/span><\/a><\/p>\n","protected":false},"author":136,"featured_media":0,"parent":0,"menu_order":0,"comment_status":"closed","ping_status":"closed","template":"","meta":{"footnotes":""},"_links":{"self":[{"href":"http:\/\/www.efj.press\/amandinenilles\/wp-json\/wp\/v2\/pages\/233"}],"collection":[{"href":"http:\/\/www.efj.press\/amandinenilles\/wp-json\/wp\/v2\/pages"}],"about":[{"href":"http:\/\/www.efj.press\/amandinenilles\/wp-json\/wp\/v2\/types\/page"}],"author":[{"embeddable":true,"href":"http:\/\/www.efj.press\/amandinenilles\/wp-json\/wp\/v2\/users\/136"}],"replies":[{"embeddable":true,"href":"http:\/\/www.efj.press\/amandinenilles\/wp-json\/wp\/v2\/comments?post=233"}],"version-history":[{"count":2,"href":"http:\/\/www.efj.press\/amandinenilles\/wp-json\/wp\/v2\/pages\/233\/revisions"}],"predecessor-version":[{"id":235,"href":"http:\/\/www.efj.press\/amandinenilles\/wp-json\/wp\/v2\/pages\/233\/revisions\/235"}],"wp:attachment":[{"href":"http:\/\/www.efj.press\/amandinenilles\/wp-json\/wp\/v2\/media?parent=233"}],"curies":[{"name":"wp","href":"https:\/\/api.w.org\/{rel}","templated":true}]}}