{"id":201,"date":"2017-06-22T15:52:40","date_gmt":"2017-06-22T14:52:40","guid":{"rendered":"http:\/\/www.efj.press\/amandinenilles\/?page_id=201"},"modified":"2017-06-22T15:54:52","modified_gmt":"2017-06-22T14:54:52","slug":"eric-beal-lhomme-de-la-situation","status":"publish","type":"page","link":"http:\/\/www.efj.press\/amandinenilles\/stage\/eric-beal-lhomme-de-la-situation\/","title":{"rendered":"Eric B\u00e9al, l&rsquo;homme de la situation"},"content":{"rendered":"<p><em>Etre r\u00e9dacteur en chef et seul journaliste d&rsquo;un mensuel de 68 pages n&rsquo;est pas chose ais\u00e9e. Eric B\u00e9al l&rsquo;a fait durant\u00a0deux num\u00e9ros. Un d\u00e9fi difficile et\u00a0\u00e9reintant qu&rsquo;il a su surmonter avec brio.\u00a0<\/em><\/p>\n<p><iframe loading=\"lazy\" width=\"474\" height=\"267\" src=\"https:\/\/www.youtube.com\/embed\/4ndqnGrajP4?feature=oembed\" frameborder=\"0\" allowfullscreen><\/iframe><\/p>\n<p>Seul et pourtant bien accompagn\u00e9. Eric B\u00e9al, ancien pigiste pendant 10 ans puis journaliste chez Liaisons Sociales Magazine (LSM) s&rsquo;est retrouv\u00e9 propuls\u00e9 r\u00e9dacteur en chef en Janvier 2017. Auparavant, le magazine appartenait \u00e0 Wolters Kluwers, un groupe international. Aujourd&rsquo;hui, il est la propri\u00e9t\u00e9 d&rsquo;un groupe fran\u00e7ais, Info6tm. Ce changement a eu des r\u00e9percussions consid\u00e9rables. R\u00e9duction de l&rsquo;effectif r\u00e9dactionnel, budgets moindres et un actionnaire non int\u00e9ress\u00e9 par LSM. L&rsquo;\u00e9quipe r\u00e9dactionnelle est pass\u00e9e de 10 journaliste \u00e0 un seul. Le nouveau r\u00e9dacteur en chef a donc port\u00e9 sur ses \u00e9paules le mensuel et le site internet seul. Il comptait pourtant des coll\u00e8gues exp\u00e9riment\u00e9s sur les sujet RH et sociaux et anciens dans l&rsquo;entreprise. Fort heureusement il a pu compter sur une trentaine de pigistes r\u00e9guliers. Mais un autre d\u00e9fi est \u00e0 relever pour LSM dans les ann\u00e9es \u00e0 venir.<\/p>\n<p><strong>Un lectorat de moins en moins pr\u00e9sent\u00a0<\/strong><\/p>\n<p>Comme beaucoup de titre de presse \u00e9crite, le nombre de lecteurs chute. Le num\u00e9rique\u00a0s&rsquo;impose comme solution miracle \u00e0 cette perte. Liaisons Sociales Magazine dispose d&rsquo;un <a href=\"http:\/\/www.wk-rh.fr\">site<\/a> partag\u00e9 avec Entreprises et Carri\u00e8res. Le lecteur peut vite se perdre. L&rsquo;ouverture d&rsquo;un site autonome est n\u00e9cessaire \u00e0 court terme. De plus, leur pr\u00e9sence sur les r\u00e9seaux sociaux est plus que limit\u00e9e. Le compte <a href=\"https:\/\/twitter.com\/LSMredaction\">Twitter<\/a><a href=\"https:\/\/twitter.com\/LSMredaction\">\u00a0<\/a>ne compte que 2728 abonn\u00e9s. Aucun Community Manager n&rsquo;est pr\u00e9sent. Le lectorat est principalement jeune et utilise les r\u00e9seaux sociaux comme moyen de communiquer. Il est donc primordial que LSM ait plus de visibilit\u00e9 sur Twitter ou LinkedIn. Voici les d\u00e9fis \u00e0 relever pour LSM et Eric B\u00e9al \u00e0 court et long terme.<\/p>\n","protected":false},"excerpt":{"rendered":"<p>Etre r\u00e9dacteur en chef et seul journaliste d&rsquo;un mensuel de 68 pages n&rsquo;est pas chose ais\u00e9e. Eric B\u00e9al l&rsquo;a fait durant\u00a0deux num\u00e9ros. Un d\u00e9fi difficile et\u00a0\u00e9reintant qu&rsquo;il a su surmonter avec brio.\u00a0 Seul et pourtant bien accompagn\u00e9. Eric B\u00e9al, ancien pigiste pendant 10 ans puis journaliste chez Liaisons Sociales Magazine (LSM) s&rsquo;est retrouv\u00e9 propuls\u00e9 r\u00e9dacteur &hellip; <a href=\"http:\/\/www.efj.press\/amandinenilles\/stage\/eric-beal-lhomme-de-la-situation\/\" class=\"more-link\">Continuer la lecture de <span class=\"screen-reader-text\">Eric B\u00e9al, l&rsquo;homme de la situation<\/span>  <span class=\"meta-nav\">&rarr;<\/span><\/a><\/p>\n","protected":false},"author":136,"featured_media":0,"parent":168,"menu_order":0,"comment_status":"closed","ping_status":"closed","template":"","meta":{"footnotes":""},"_links":{"self":[{"href":"http:\/\/www.efj.press\/amandinenilles\/wp-json\/wp\/v2\/pages\/201"}],"collection":[{"href":"http:\/\/www.efj.press\/amandinenilles\/wp-json\/wp\/v2\/pages"}],"about":[{"href":"http:\/\/www.efj.press\/amandinenilles\/wp-json\/wp\/v2\/types\/page"}],"author":[{"embeddable":true,"href":"http:\/\/www.efj.press\/amandinenilles\/wp-json\/wp\/v2\/users\/136"}],"replies":[{"embeddable":true,"href":"http:\/\/www.efj.press\/amandinenilles\/wp-json\/wp\/v2\/comments?post=201"}],"version-history":[{"count":3,"href":"http:\/\/www.efj.press\/amandinenilles\/wp-json\/wp\/v2\/pages\/201\/revisions"}],"predecessor-version":[{"id":204,"href":"http:\/\/www.efj.press\/amandinenilles\/wp-json\/wp\/v2\/pages\/201\/revisions\/204"}],"up":[{"embeddable":true,"href":"http:\/\/www.efj.press\/amandinenilles\/wp-json\/wp\/v2\/pages\/168"}],"wp:attachment":[{"href":"http:\/\/www.efj.press\/amandinenilles\/wp-json\/wp\/v2\/media?parent=201"}],"curies":[{"name":"wp","href":"https:\/\/api.w.org\/{rel}","templated":true}]}}