{"id":2,"date":"2016-10-10T23:42:23","date_gmt":"2016-10-10T22:42:23","guid":{"rendered":"http:\/\/www.efj.press\/amandinenilles\/?page_id=2"},"modified":"2018-09-19T08:49:01","modified_gmt":"2018-09-19T07:49:01","slug":"page-d-exemple","status":"publish","type":"page","link":"http:\/\/www.efj.press\/amandinenilles\/","title":{"rendered":"ACCUEIL"},"content":{"rendered":"<p style=\"text-align: center\"><strong><em>Bienvenue sur mon site ! \u00a0<\/em> \u00a0<\/strong><\/p>\n<p><img loading=\"lazy\" decoding=\"async\" class=\"size-medium wp-image-26 aligncenter\" src=\"http:\/\/www.efj.press\/amandinenilles\/wp-content\/uploads\/sites\/156\/2016\/10\/29-300x300.jpg\" alt=\"29\" width=\"300\" height=\"300\" srcset=\"http:\/\/www.efj.press\/amandinenilles\/wp-content\/uploads\/sites\/156\/2016\/10\/29-300x300.jpg 300w, http:\/\/www.efj.press\/amandinenilles\/wp-content\/uploads\/sites\/156\/2016\/10\/29-150x150.jpg 150w, http:\/\/www.efj.press\/amandinenilles\/wp-content\/uploads\/sites\/156\/2016\/10\/29.jpg 640w\" sizes=\"(max-width: 300px) 100vw, 300px\" \/><\/p>\n<p style=\"text-align: left\">Actuellement \u00e9tudiante de 20 ans\u00a0en troisi\u00e8me et derni\u00e8re ann\u00e9e de journalisme \u00e0 l\u2019EFJ Paris, je vous fais partager mes passions ainsi que ma vision de l\u2019actualit\u00e9 ou encore des reportages MOJO (Mobile Journalisme) en tous genres. Si vous voulez en savoir plus vous pourrez retrouver <a href=\"http:\/\/www.efj.press\/amandinenilles\/cv\/\">mon CV <\/a>sur ce site. J\u2019esp\u00e8re que vous passerez un agr\u00e9able moment en lisant mes articles.<\/p>\n<div style=\"padding: 8px 0;font-family: Arial!important;font-size: 13px!important;line-height: 15px!important;text-align: center;border-top: 1px solid #dadada;margin: 0 30px\"><a style=\"color: #989898!important;text-decoration: none!important\" href=\"https:\/\/infogr.am\/61ce5c92-58ed-4691-aec9-99ad27f0e82c\" target=\"_blank\" rel=\"nofollow\">Untitled chart<\/a><br \/>\n<a style=\"color: #989898!important;text-decoration: none!important\" href=\"http:\/\/charts.infogr.am\/bar-chart?utm_source=embed_bottom&amp;utm_medium=seo&amp;utm_campaign=bar_chart\" target=\"_blank\" rel=\"nofollow\">Create bar charts<\/a><\/div>\n","protected":false},"excerpt":{"rendered":"<p>Bienvenue sur mon site ! \u00a0 \u00a0 Actuellement \u00e9tudiante de 20 ans\u00a0en troisi\u00e8me et derni\u00e8re ann\u00e9e de journalisme \u00e0 l\u2019EFJ Paris, je vous fais partager mes passions ainsi que ma vision de l\u2019actualit\u00e9 ou encore des reportages MOJO (Mobile Journalisme) en tous genres. Si vous voulez en savoir plus vous pourrez retrouver mon CV sur &hellip; <a href=\"http:\/\/www.efj.press\/amandinenilles\/\" class=\"more-link\">Continuer la lecture de <span class=\"screen-reader-text\">ACCUEIL<\/span>  <span class=\"meta-nav\">&rarr;<\/span><\/a><\/p>\n","protected":false},"author":136,"featured_media":0,"parent":0,"menu_order":0,"comment_status":"closed","ping_status":"open","template":"","meta":{"footnotes":""},"_links":{"self":[{"href":"http:\/\/www.efj.press\/amandinenilles\/wp-json\/wp\/v2\/pages\/2"}],"collection":[{"href":"http:\/\/www.efj.press\/amandinenilles\/wp-json\/wp\/v2\/pages"}],"about":[{"href":"http:\/\/www.efj.press\/amandinenilles\/wp-json\/wp\/v2\/types\/page"}],"author":[{"embeddable":true,"href":"http:\/\/www.efj.press\/amandinenilles\/wp-json\/wp\/v2\/users\/136"}],"replies":[{"embeddable":true,"href":"http:\/\/www.efj.press\/amandinenilles\/wp-json\/wp\/v2\/comments?post=2"}],"version-history":[{"count":9,"href":"http:\/\/www.efj.press\/amandinenilles\/wp-json\/wp\/v2\/pages\/2\/revisions"}],"predecessor-version":[{"id":251,"href":"http:\/\/www.efj.press\/amandinenilles\/wp-json\/wp\/v2\/pages\/2\/revisions\/251"}],"wp:attachment":[{"href":"http:\/\/www.efj.press\/amandinenilles\/wp-json\/wp\/v2\/media?parent=2"}],"curies":[{"name":"wp","href":"https:\/\/api.w.org\/{rel}","templated":true}]}}