{"id":180,"date":"2017-06-20T13:29:29","date_gmt":"2017-06-20T12:29:29","guid":{"rendered":"http:\/\/www.efj.press\/amandinenilles\/?page_id=180"},"modified":"2017-06-20T13:55:41","modified_gmt":"2017-06-20T12:55:41","slug":"stagiaire-mais-pas-que","status":"publish","type":"page","link":"http:\/\/www.efj.press\/amandinenilles\/stage\/stagiaire-mais-pas-que\/","title":{"rendered":"Stagiaire mais pas que&#8230;"},"content":{"rendered":"<p>&nbsp;<\/p>\n<p><iframe loading=\"lazy\" width=\"474\" height=\"356\" src=\"https:\/\/www.youtube.com\/embed\/tFaUWZWdQDU?feature=oembed\" frameborder=\"0\" allowfullscreen><\/iframe><\/p>\n<p><em>Deux mois et demi dans une r\u00e9daction pour apprendre le journalisme para\u00eet court. L&rsquo;exp\u00e9rience n&rsquo;est que meilleure. Avec Liaisons Sociales Magazine, j&rsquo;ai fait partie des journalistes.\u00a0<\/em><\/p>\n<p><img loading=\"lazy\" decoding=\"async\" class=\"size-medium wp-image-187 alignleft\" src=\"http:\/\/www.efj.press\/amandinenilles\/wp-content\/uploads\/sites\/156\/2017\/06\/Capture-d\u2019\u00e9cran-2017-06-20-\u00e0-14.36.38-300x144.png\" alt=\"capture-decran-2017-06-20-a-14-36-38\" width=\"300\" height=\"144\" srcset=\"http:\/\/www.efj.press\/amandinenilles\/wp-content\/uploads\/sites\/156\/2017\/06\/Capture-d\u2019\u00e9cran-2017-06-20-\u00e0-14.36.38-300x144.png 300w, http:\/\/www.efj.press\/amandinenilles\/wp-content\/uploads\/sites\/156\/2017\/06\/Capture-d\u2019\u00e9cran-2017-06-20-\u00e0-14.36.38-768x369.png 768w, http:\/\/www.efj.press\/amandinenilles\/wp-content\/uploads\/sites\/156\/2017\/06\/Capture-d\u2019\u00e9cran-2017-06-20-\u00e0-14.36.38-1024x491.png 1024w\" sizes=\"(max-width: 300px) 100vw, 300px\" \/>Trouver sa place dans une entreprise n&rsquo;est pas chose ais\u00e9e. La trouver lorsque l&rsquo;on est stagiaire en journalisme est souvent impossible. Par chance j&rsquo;ai tout de suite \u00e9t\u00e9 bien accueillie chez Liaisons Sociales Magazine (LSM), dans cette \u00e9quipe restreinte et chaleureuse. Je tombais \u00e0 point nomm\u00e9 \u00e9tant donn\u00e9 les effectifs r\u00e9duits. Deux journalistes et quelques pigistes pour un mensuel de 68 pages et un site web \u00e0 alimenter. J&rsquo;ai donc pris la place d&rsquo;un journaliste web d\u00e8s mon premier jour. Ce qui\u00a0implique\u00a0coups de t\u00e9l\u00e9phone \u00e0 r\u00e9p\u00e9tition, prise de rendez-vous et conf\u00e9rences de presse \u00e0 gogo.<\/p>\n<p><strong>Encha\u00eenement de conf\u00e9rences de presse<\/strong><\/p>\n<p><img loading=\"lazy\" decoding=\"async\" class=\"size-medium wp-image-188 alignleft\" src=\"http:\/\/www.efj.press\/amandinenilles\/wp-content\/uploads\/sites\/156\/2017\/06\/Capture-d\u2019\u00e9cran-2017-06-20-\u00e0-14.37.13-300x216.png\" alt=\"capture-decran-2017-06-20-a-14-37-13\" width=\"300\" height=\"216\" srcset=\"http:\/\/www.efj.press\/amandinenilles\/wp-content\/uploads\/sites\/156\/2017\/06\/Capture-d\u2019\u00e9cran-2017-06-20-\u00e0-14.37.13-300x216.png 300w, http:\/\/www.efj.press\/amandinenilles\/wp-content\/uploads\/sites\/156\/2017\/06\/Capture-d\u2019\u00e9cran-2017-06-20-\u00e0-14.37.13-768x553.png 768w, http:\/\/www.efj.press\/amandinenilles\/wp-content\/uploads\/sites\/156\/2017\/06\/Capture-d\u2019\u00e9cran-2017-06-20-\u00e0-14.37.13-1024x737.png 1024w, http:\/\/www.efj.press\/amandinenilles\/wp-content\/uploads\/sites\/156\/2017\/06\/Capture-d\u2019\u00e9cran-2017-06-20-\u00e0-14.37.13.png 1514w\" sizes=\"(max-width: 300px) 100vw, 300px\" \/>Pour la plupart\u00a0de mes articles, j&rsquo;ai assist\u00e9 \u00e0 des conf\u00e9rences de presse diverses. Pendant trois semaines mes articles web \u00e9taient bas\u00e9s sur le r\u00e9sultat d&rsquo;\u00e9tudes du <a href=\"http:\/\/www.wk-rh.fr\/actualites\/detail\/99789\/un-bilan-en-demi-teintes-pour-la-parite-en-entreprise-.html\">CESE<\/a> ou de <a href=\"http:\/\/www.wk-rh.fr\/actualites\/detail\/99838\/les-contraintes-de-travail-s-accentuent-.html\">l&rsquo;Observatoire des in\u00e9galit\u00e9s<\/a>. Mes missions principales \u00e9taient de\u00a0proposer\u00a0sujets et angles suite \u00e0 ces conf\u00e9rences. Puis de contacter les attach\u00e9s de presse ou les intervenants afin d&rsquo;avoir quelques pr\u00e9cisions sur la conf\u00e9rence. Le but de mon tuteur \u00e9tait de m&rsquo;obliger \u00e0 contacter le plus de personnes possible pour me confronter \u00e0 diff\u00e9rents interlocuteurs.<\/p>\n<p><strong>Libert\u00e9 et convivialit\u00e9<\/strong><\/p>\n<p>J&rsquo;ai eu une grande libert\u00e9 durant mon stage. Je choisissais les sujets qui me plaisaient le plus et que j&rsquo;\u00e9tais capable de traiter au maximum.\u00a0Les missions qui m&rsquo;\u00e9taient confi\u00e9es \u00e9taient agr\u00e9ables et simples. J&rsquo;ai appris ce qu&rsquo;\u00e9tait le journalisme de base. Celui que pratiquent toutes les r\u00e9dactions. Surtout les plus anciennes. Je ne regrette pas de ne pas avoir \u00e9t\u00e9 dans une grande r\u00e9daction prestigieuse comme Europe1 ou BFMTV. Je n&rsquo;aurais pas eu cette libert\u00e9 de proposer mes sujets et de pouvoir les traiter comme je le voulais. Les responsabilit\u00e9s que l&rsquo;on aurait confi\u00e9 n&rsquo;auraient pas \u00e9t\u00e9 les m\u00eame et la convivialit\u00e9 pas forc\u00e9ment au rendez-vous. Je vais garder contact avec la r\u00e9daction de Liaisons Sociales Magazine pour les former au MOJO ainsi qu&rsquo;au montage de base. Un r\u00e9el \u00e9change de connaissances a eu lieu durant cette courte mais enrichissante p\u00e9riode.<\/p>\n","protected":false},"excerpt":{"rendered":"<p>&nbsp; Deux mois et demi dans une r\u00e9daction pour apprendre le journalisme para\u00eet court. L&rsquo;exp\u00e9rience n&rsquo;est que meilleure. Avec Liaisons Sociales Magazine, j&rsquo;ai fait partie des journalistes.\u00a0 Trouver sa place dans une entreprise n&rsquo;est pas chose ais\u00e9e. La trouver lorsque l&rsquo;on est stagiaire en journalisme est souvent impossible. Par chance j&rsquo;ai tout de suite \u00e9t\u00e9 &hellip; <a href=\"http:\/\/www.efj.press\/amandinenilles\/stage\/stagiaire-mais-pas-que\/\" class=\"more-link\">Continuer la lecture de <span class=\"screen-reader-text\">Stagiaire mais pas que&#8230;<\/span>  <span class=\"meta-nav\">&rarr;<\/span><\/a><\/p>\n","protected":false},"author":136,"featured_media":0,"parent":168,"menu_order":0,"comment_status":"closed","ping_status":"closed","template":"","meta":{"footnotes":""},"_links":{"self":[{"href":"http:\/\/www.efj.press\/amandinenilles\/wp-json\/wp\/v2\/pages\/180"}],"collection":[{"href":"http:\/\/www.efj.press\/amandinenilles\/wp-json\/wp\/v2\/pages"}],"about":[{"href":"http:\/\/www.efj.press\/amandinenilles\/wp-json\/wp\/v2\/types\/page"}],"author":[{"embeddable":true,"href":"http:\/\/www.efj.press\/amandinenilles\/wp-json\/wp\/v2\/users\/136"}],"replies":[{"embeddable":true,"href":"http:\/\/www.efj.press\/amandinenilles\/wp-json\/wp\/v2\/comments?post=180"}],"version-history":[{"count":5,"href":"http:\/\/www.efj.press\/amandinenilles\/wp-json\/wp\/v2\/pages\/180\/revisions"}],"predecessor-version":[{"id":192,"href":"http:\/\/www.efj.press\/amandinenilles\/wp-json\/wp\/v2\/pages\/180\/revisions\/192"}],"up":[{"embeddable":true,"href":"http:\/\/www.efj.press\/amandinenilles\/wp-json\/wp\/v2\/pages\/168"}],"wp:attachment":[{"href":"http:\/\/www.efj.press\/amandinenilles\/wp-json\/wp\/v2\/media?parent=180"}],"curies":[{"name":"wp","href":"https:\/\/api.w.org\/{rel}","templated":true}]}}