{"id":176,"date":"2017-06-19T11:46:37","date_gmt":"2017-06-19T10:46:37","guid":{"rendered":"http:\/\/www.efj.press\/amandinenilles\/?page_id=176"},"modified":"2017-06-19T11:47:49","modified_gmt":"2017-06-19T10:47:49","slug":"quelques-liens-vers-mes-travaux","status":"publish","type":"page","link":"http:\/\/www.efj.press\/amandinenilles\/stage\/quelques-liens-vers-mes-travaux\/","title":{"rendered":"Quelques liens vers mes travaux"},"content":{"rendered":"<p>Lors de mon stage j&rsquo;ai publi\u00e9 plusieurs article sur le site web de Liaisons Sociales Magazine. Mes articles sont ax\u00e9s sur les syndicats et la gestion manag\u00e9riale. N\u00e9anmoins j&rsquo;ai \u00e9cris sur des sujets moins entrepreneuriaux comme les retraites.\u00a0J&rsquo;ai aussi eu la chance de r\u00e9aliser deux infographies pour le print d&rsquo;Entreprises et Carri\u00e8res, un hebdomadaire du m\u00eame groupe que notre mensuel.<\/p>\n<p>Mon premier article porte sur une nouvelle application de gestion manag\u00e9riale qu&rsquo;utilise le groupe Etam :<\/p>\n<p><a href=\"http:\/\/www.wk-rh.fr\/actualites\/detail\/99503\/le-hub-a-la-rescousse-des-managers-d-etam.html\">Le Hub \u00e0 la rescousse des managers d&rsquo;Etam<\/a><\/p>\n<p>Suite \u00e0 l&rsquo;\u00e9lection d&rsquo;Emmanuel Macron, j&rsquo;ai fais un tour d&rsquo;horizon des r\u00e9actions syndicales et patronales :<\/p>\n<p><a href=\"http:\/\/www.wk-rh.fr\/actualites\/detail\/99543\/emmanuel-macron-fait-reagir-les-acteurs-sociaux.html\">Emmanuel Macron fait r\u00e9agir les acteurs sociaux\u00a0<\/a><\/p>\n<p>Le DREES a publi\u00e9 son \u00e9tude annuelle sur la situation des retrait\u00e9s en France. Un constat alarmant en a \u00e9t\u00e9 fait :<\/p>\n<p><a href=\"http:\/\/www.wk-rh.fr\/actualites\/detail\/99605\/moins-de-nouveaux-retraites-chaque-annee.html\">Moins de nouveaux retrait\u00e9s chaque ann\u00e9e<\/a><\/p>\n<p>Les inspecteurs du Travail profitent de l&rsquo;\u00e9lection pr\u00e9sidentielle pour se faire entendre :<\/p>\n<p><a href=\"http:\/\/www.wk-rh.fr\/actualites\/detail\/99642\/les-inspecteurs-du-travail-manifestent-contre-les-reformes-en-cours.html\">Les inspecteurs du Travail manifestent contre les r\u00e9formes en cours\u00a0<\/a><\/p>\n<p>Toujours \u00e0 la suite de l&rsquo;\u00e9lection de Macron, la nomination de la nouvelle ministre du Travail a fait du bruit chez les syndicats des inspecteurs du Travail :<\/p>\n<p><a href=\"http:\/\/www.wk-rh.fr\/actualites\/detail\/99678\/la-ministre-du-travail-refuse-de-rencontrer-ses-troupes-.html\">La ministre du Travail refuse de rencontrer ses troupes<\/a><\/p>\n<p>Les conditions de travail tiennent \u00e0 coeur Liaisons Sociales Magazine. Les derni\u00e8res \u00e9tudes mettent en relief\u00a0des in\u00e9galit\u00e9s hommes-femmes toujours aussi importantes :<\/p>\n<p><a href=\"http:\/\/www.wk-rh.fr\/actualites\/detail\/99789\/un-bilan-en-demi-teintes-pour-la-parite-en-entreprise-.html\">Un bilan en demi-teintes pour la parit\u00e9 en entreprises<\/a><\/p>\n<p>Mais aussi des in\u00e9galit\u00e9s de travail spectaculaires entre cadres et ouvriers :<\/p>\n<p><a href=\"http:\/\/www.wk-rh.fr\/actualites\/detail\/99838\/les-contraintes-de-travail-s-accentuent-.html\">Les contraintes de travail s&rsquo;accentuent\u00a0<\/a><\/p>\n<p>Voici deux infographies que j&rsquo;ai r\u00e9alis\u00e9 sur les t\u00e2ches des recruteurs ainsi que leurs r\u00e9mun\u00e9rations :<\/p>\n<p><img loading=\"lazy\" decoding=\"async\" class=\"aligncenter size-medium wp-image-174\" src=\"http:\/\/www.efj.press\/amandinenilles\/wp-content\/uploads\/sites\/156\/2017\/06\/Capture-d\u2019\u00e9cran-2017-06-19-\u00e0-12.42.58-300x145.png\" alt=\"capture-decran-2017-06-19-a-12-42-58\" width=\"300\" height=\"145\" srcset=\"http:\/\/www.efj.press\/amandinenilles\/wp-content\/uploads\/sites\/156\/2017\/06\/Capture-d\u2019\u00e9cran-2017-06-19-\u00e0-12.42.58-300x145.png 300w, http:\/\/www.efj.press\/amandinenilles\/wp-content\/uploads\/sites\/156\/2017\/06\/Capture-d\u2019\u00e9cran-2017-06-19-\u00e0-12.42.58-768x372.png 768w, http:\/\/www.efj.press\/amandinenilles\/wp-content\/uploads\/sites\/156\/2017\/06\/Capture-d\u2019\u00e9cran-2017-06-19-\u00e0-12.42.58-1024x496.png 1024w, http:\/\/www.efj.press\/amandinenilles\/wp-content\/uploads\/sites\/156\/2017\/06\/Capture-d\u2019\u00e9cran-2017-06-19-\u00e0-12.42.58.png 2038w\" sizes=\"(max-width: 300px) 100vw, 300px\" \/><\/p>\n","protected":false},"excerpt":{"rendered":"<p>Lors de mon stage j&rsquo;ai publi\u00e9 plusieurs article sur le site web de Liaisons Sociales Magazine. Mes articles sont ax\u00e9s sur les syndicats et la gestion manag\u00e9riale. N\u00e9anmoins j&rsquo;ai \u00e9cris sur des sujets moins entrepreneuriaux comme les retraites.\u00a0J&rsquo;ai aussi eu la chance de r\u00e9aliser deux infographies pour le print d&rsquo;Entreprises et Carri\u00e8res, un hebdomadaire du &hellip; <a href=\"http:\/\/www.efj.press\/amandinenilles\/stage\/quelques-liens-vers-mes-travaux\/\" class=\"more-link\">Continuer la lecture de <span class=\"screen-reader-text\">Quelques liens vers mes travaux<\/span>  <span class=\"meta-nav\">&rarr;<\/span><\/a><\/p>\n","protected":false},"author":136,"featured_media":0,"parent":168,"menu_order":0,"comment_status":"closed","ping_status":"closed","template":"","meta":{"footnotes":""},"_links":{"self":[{"href":"http:\/\/www.efj.press\/amandinenilles\/wp-json\/wp\/v2\/pages\/176"}],"collection":[{"href":"http:\/\/www.efj.press\/amandinenilles\/wp-json\/wp\/v2\/pages"}],"about":[{"href":"http:\/\/www.efj.press\/amandinenilles\/wp-json\/wp\/v2\/types\/page"}],"author":[{"embeddable":true,"href":"http:\/\/www.efj.press\/amandinenilles\/wp-json\/wp\/v2\/users\/136"}],"replies":[{"embeddable":true,"href":"http:\/\/www.efj.press\/amandinenilles\/wp-json\/wp\/v2\/comments?post=176"}],"version-history":[{"count":1,"href":"http:\/\/www.efj.press\/amandinenilles\/wp-json\/wp\/v2\/pages\/176\/revisions"}],"predecessor-version":[{"id":177,"href":"http:\/\/www.efj.press\/amandinenilles\/wp-json\/wp\/v2\/pages\/176\/revisions\/177"}],"up":[{"embeddable":true,"href":"http:\/\/www.efj.press\/amandinenilles\/wp-json\/wp\/v2\/pages\/168"}],"wp:attachment":[{"href":"http:\/\/www.efj.press\/amandinenilles\/wp-json\/wp\/v2\/media?parent=176"}],"curies":[{"name":"wp","href":"https:\/\/api.w.org\/{rel}","templated":true}]}}