{"id":144,"date":"2017-01-17T14:20:34","date_gmt":"2017-01-17T13:20:34","guid":{"rendered":"http:\/\/www.efj.press\/amandinenilles\/?page_id=144"},"modified":"2017-01-26T15:03:12","modified_gmt":"2017-01-26T14:03:12","slug":"les-jeunes-ont-ils-encore-un-attrait-pour-lart-premiere-partie","status":"publish","type":"page","link":"http:\/\/www.efj.press\/amandinenilles\/travaux-et-projets\/les-jeunes-ont-ils-encore-un-attrait-pour-lart-premiere-partie\/","title":{"rendered":"Picasso, Giacometti vus par les jeunes"},"content":{"rendered":"<p><iframe loading=\"lazy\" width=\"474\" height=\"267\" src=\"https:\/\/www.youtube.com\/embed\/-7SaW-PhSgM?feature=oembed\" frameborder=\"0\" allowfullscreen><\/iframe><\/p>\n<p style=\"text-align: center\">Reportage r\u00e9alis\u00e9 dans le cadre du m\u00e9dia Casimojo dans la rubrique culture. Il a \u00e9t\u00e9 film\u00e9 au mus\u00e9e Picasso \u00e0 Paris.<\/p>\n<p style=\"text-align: center\"><em>Reportage r\u00e9alis\u00e9 \u00a0en MOJO.<\/em><\/p>\n<p>Vous pourrez retrouver toutes mes vid\u00e9os sur ma page <a href=\"https:\/\/www.youtube.com\/channel\/UCdG4Ej8BvGhIUbcJvBeMMNw\">youtube.\u00a0<\/a><\/p>\n","protected":false},"excerpt":{"rendered":"<p>Reportage r\u00e9alis\u00e9 dans le cadre du m\u00e9dia Casimojo dans la rubrique culture. Il a \u00e9t\u00e9 film\u00e9 au mus\u00e9e Picasso \u00e0 Paris. Reportage r\u00e9alis\u00e9 \u00a0en MOJO. Vous pourrez retrouver toutes mes vid\u00e9os sur ma page youtube.\u00a0<\/p>\n","protected":false},"author":136,"featured_media":0,"parent":106,"menu_order":0,"comment_status":"closed","ping_status":"closed","template":"","meta":{"footnotes":""},"_links":{"self":[{"href":"http:\/\/www.efj.press\/amandinenilles\/wp-json\/wp\/v2\/pages\/144"}],"collection":[{"href":"http:\/\/www.efj.press\/amandinenilles\/wp-json\/wp\/v2\/pages"}],"about":[{"href":"http:\/\/www.efj.press\/amandinenilles\/wp-json\/wp\/v2\/types\/page"}],"author":[{"embeddable":true,"href":"http:\/\/www.efj.press\/amandinenilles\/wp-json\/wp\/v2\/users\/136"}],"replies":[{"embeddable":true,"href":"http:\/\/www.efj.press\/amandinenilles\/wp-json\/wp\/v2\/comments?post=144"}],"version-history":[{"count":6,"href":"http:\/\/www.efj.press\/amandinenilles\/wp-json\/wp\/v2\/pages\/144\/revisions"}],"predecessor-version":[{"id":156,"href":"http:\/\/www.efj.press\/amandinenilles\/wp-json\/wp\/v2\/pages\/144\/revisions\/156"}],"up":[{"embeddable":true,"href":"http:\/\/www.efj.press\/amandinenilles\/wp-json\/wp\/v2\/pages\/106"}],"wp:attachment":[{"href":"http:\/\/www.efj.press\/amandinenilles\/wp-json\/wp\/v2\/media?parent=144"}],"curies":[{"name":"wp","href":"https:\/\/api.w.org\/{rel}","templated":true}]}}