{"id":119,"date":"2016-12-07T12:05:08","date_gmt":"2016-12-07T11:05:08","guid":{"rendered":"http:\/\/www.efj.press\/amandinenilles\/?page_id=119"},"modified":"2017-01-26T15:02:53","modified_gmt":"2017-01-26T14:02:53","slug":"marche-de-noel-fait-maison-ou-pas","status":"publish","type":"page","link":"http:\/\/www.efj.press\/amandinenilles\/travaux-et-projets\/marche-de-noel-fait-maison-ou-pas\/","title":{"rendered":"March\u00e9 de no\u00ebl : fait maison ou pas ?"},"content":{"rendered":"<p><iframe loading=\"lazy\" width=\"474\" height=\"267\" src=\"https:\/\/www.youtube.com\/embed\/Ogvq0oe3Lek?feature=oembed\" frameborder=\"0\" allowfullscreen><\/iframe><\/p>\n<p style=\"text-align: center\"><strong>Chaque ann\u00e9e, des milliers de touristes et fran\u00e7ais se pressent au march\u00e9 de no\u00ebl de Champs-Elys\u00e9es. Des quantit\u00e9s monstrueuses de sp\u00e9cialit\u00e9s culinaires sont englouties. Fait maison ou entourloupes commer\u00e7antes ?\u00a0<\/strong><\/p>\n<p style=\"text-align: center\"><em>Reportage r\u00e9alis\u00e9 en MOJO.<\/em><\/p>\n<p>Vous pourrez retrouver toutes mes vid\u00e9os sur ma page <a href=\"https:\/\/www.youtube.com\/channel\/UCdG4Ej8BvGhIUbcJvBeMMNw\">youtube.\u00a0<\/a><\/p>\n","protected":false},"excerpt":{"rendered":"<p>Chaque ann\u00e9e, des milliers de touristes et fran\u00e7ais se pressent au march\u00e9 de no\u00ebl de Champs-Elys\u00e9es. Des quantit\u00e9s monstrueuses de sp\u00e9cialit\u00e9s culinaires sont englouties. Fait maison ou entourloupes commer\u00e7antes ?\u00a0 Reportage r\u00e9alis\u00e9 en MOJO. Vous pourrez retrouver toutes mes vid\u00e9os sur ma page youtube.\u00a0<\/p>\n","protected":false},"author":136,"featured_media":0,"parent":106,"menu_order":0,"comment_status":"closed","ping_status":"closed","template":"","meta":{"footnotes":""},"_links":{"self":[{"href":"http:\/\/www.efj.press\/amandinenilles\/wp-json\/wp\/v2\/pages\/119"}],"collection":[{"href":"http:\/\/www.efj.press\/amandinenilles\/wp-json\/wp\/v2\/pages"}],"about":[{"href":"http:\/\/www.efj.press\/amandinenilles\/wp-json\/wp\/v2\/types\/page"}],"author":[{"embeddable":true,"href":"http:\/\/www.efj.press\/amandinenilles\/wp-json\/wp\/v2\/users\/136"}],"replies":[{"embeddable":true,"href":"http:\/\/www.efj.press\/amandinenilles\/wp-json\/wp\/v2\/comments?post=119"}],"version-history":[{"count":3,"href":"http:\/\/www.efj.press\/amandinenilles\/wp-json\/wp\/v2\/pages\/119\/revisions"}],"predecessor-version":[{"id":155,"href":"http:\/\/www.efj.press\/amandinenilles\/wp-json\/wp\/v2\/pages\/119\/revisions\/155"}],"up":[{"embeddable":true,"href":"http:\/\/www.efj.press\/amandinenilles\/wp-json\/wp\/v2\/pages\/106"}],"wp:attachment":[{"href":"http:\/\/www.efj.press\/amandinenilles\/wp-json\/wp\/v2\/media?parent=119"}],"curies":[{"name":"wp","href":"https:\/\/api.w.org\/{rel}","templated":true}]}}