{"id":106,"date":"2016-11-30T15:29:49","date_gmt":"2016-11-30T14:29:49","guid":{"rendered":"http:\/\/www.efj.press\/amandinenilles\/?page_id=106"},"modified":"2017-01-26T14:52:17","modified_gmt":"2017-01-26T13:52:17","slug":"travaux-et-projets","status":"publish","type":"page","link":"http:\/\/www.efj.press\/amandinenilles\/travaux-et-projets\/","title":{"rendered":"Travaux et Projets"},"content":{"rendered":"<p>Vous trouverez ici mes vid\u00e9os de MOJO, ainsi que mes projets vid\u00e9o plus longs ou encore des articles plurim\u00e9dia.<\/p>\n","protected":false},"excerpt":{"rendered":"<p>Vous trouverez ici mes vid\u00e9os de MOJO, ainsi que mes projets vid\u00e9o plus longs ou encore des articles plurim\u00e9dia.<\/p>\n","protected":false},"author":136,"featured_media":0,"parent":0,"menu_order":0,"comment_status":"closed","ping_status":"closed","template":"","meta":{"footnotes":""},"_links":{"self":[{"href":"http:\/\/www.efj.press\/amandinenilles\/wp-json\/wp\/v2\/pages\/106"}],"collection":[{"href":"http:\/\/www.efj.press\/amandinenilles\/wp-json\/wp\/v2\/pages"}],"about":[{"href":"http:\/\/www.efj.press\/amandinenilles\/wp-json\/wp\/v2\/types\/page"}],"author":[{"embeddable":true,"href":"http:\/\/www.efj.press\/amandinenilles\/wp-json\/wp\/v2\/users\/136"}],"replies":[{"embeddable":true,"href":"http:\/\/www.efj.press\/amandinenilles\/wp-json\/wp\/v2\/comments?post=106"}],"version-history":[{"count":2,"href":"http:\/\/www.efj.press\/amandinenilles\/wp-json\/wp\/v2\/pages\/106\/revisions"}],"predecessor-version":[{"id":149,"href":"http:\/\/www.efj.press\/amandinenilles\/wp-json\/wp\/v2\/pages\/106\/revisions\/149"}],"wp:attachment":[{"href":"http:\/\/www.efj.press\/amandinenilles\/wp-json\/wp\/v2\/media?parent=106"}],"curies":[{"name":"wp","href":"https:\/\/api.w.org\/{rel}","templated":true}]}}