{"id":69,"date":"2015-12-03T14:35:50","date_gmt":"2015-12-03T13:35:50","guid":{"rendered":"http:\/\/www.efj.press\/adelepillon\/?page_id=69"},"modified":"2015-12-03T16:15:47","modified_gmt":"2015-12-03T15:15:47","slug":"methodologie","status":"publish","type":"page","link":"http:\/\/www.efj.press\/adelepillon\/methodologie\/methodologie\/","title":{"rendered":"M\u00e9thodologie"},"content":{"rendered":"<p>&nbsp;<\/p>\n<h1>ITER<\/h1>\n<p><span style=\"font-weight: 400;\">Jean-Marc Manach avait\u00a0trouv\u00e9 une faille \u201cdans le syst\u00e8me <strong>extranet<\/strong> d\u2019Iter, un projet nucl\u00e9aire international\u201d<\/span><\/p>\n<p><a href=\"http:\/\/www.efj.press\/adelepillon\/wp-content\/uploads\/sites\/21\/2015\/12\/thju.png\"><img loading=\"lazy\" decoding=\"async\" class=\"alignnone wp-image-85 size-full\" src=\"http:\/\/www.efj.press\/adelepillon\/wp-content\/uploads\/sites\/21\/2015\/12\/thju.png\" alt=\"thju\" width=\"728\" height=\"501\" srcset=\"http:\/\/www.efj.press\/adelepillon\/wp-content\/uploads\/sites\/21\/2015\/12\/thju.png 728w, http:\/\/www.efj.press\/adelepillon\/wp-content\/uploads\/sites\/21\/2015\/12\/thju-300x206.png 300w\" sizes=\"(max-width: 728px) 100vw, 728px\" \/><\/a><\/p>\n<p>&nbsp;<\/p>\n<p><span style=\"font-weight: 400;\">C\u2019est le point de d\u00e9part de notre premier sujet de grande enqu\u00eate.<\/span><\/p>\n<p><span style=\"font-weight: 400;\">Devant la charge de travail cons\u00e9quente, il ne pouvait pas creuser le sujet seul. Il nous a donc propos\u00e9 de travailler \u00e0 ses c\u00f4t\u00e9s et ainsi voir ce qu\u2019on pouvait trouver. Nous partions donc \u00e0 l\u2019aveugle chercher une hypoth\u00e9tique aiguille dans une botte de foin. <\/span><\/p>\n<p><span style=\"font-weight: 400;\">Dans cette faille, nous avions acc\u00e8s \u00e0 : <\/span><\/p>\n<ul>\n<ul>\n<li style=\"font-weight: 400;\"><span style=\"font-weight: 400;\">une base de donn\u00e9es avec la liste de tous les participants au projet en 2009<\/span><\/li>\n<\/ul>\n<\/ul>\n<p><a href=\"http:\/\/www.efj.press\/adelepillon\/wp-content\/uploads\/sites\/21\/2015\/12\/Participant-m\u00e9thodo.png\"><img loading=\"lazy\" decoding=\"async\" class=\"alignnone wp-image-84 size-full\" src=\"http:\/\/www.efj.press\/adelepillon\/wp-content\/uploads\/sites\/21\/2015\/12\/Participant-m\u00e9thodo.png\" alt=\"Participant m\u00e9thodo\" width=\"475\" height=\"665\" srcset=\"http:\/\/www.efj.press\/adelepillon\/wp-content\/uploads\/sites\/21\/2015\/12\/Participant-m\u00e9thodo.png 475w, http:\/\/www.efj.press\/adelepillon\/wp-content\/uploads\/sites\/21\/2015\/12\/Participant-m\u00e9thodo-214x300.png 214w\" sizes=\"(max-width: 475px) 100vw, 475px\" \/><\/a><\/p>\n<ul>\n<ul>\n<li style=\"font-weight: 400;\"><span style=\"font-weight: 400;\">des centaines de documents d\u2019entreprise, <\/span><\/li>\n<li style=\"font-weight: 400;\"><span style=\"font-weight: 400;\">plans d\u00e9taill\u00e9s du r\u00e9acteur, <\/span><\/li>\n<li style=\"font-weight: 400;\"><span style=\"font-weight: 400;\">co\u00fbts des voyages\u2026 <\/span><\/li>\n<li style=\"font-weight: 400;\"><span style=\"font-weight: 400;\">Signatures de charte du travail, conditions de travail. <\/span><\/li>\n<li style=\"font-weight: 400;\"><span style=\"font-weight: 400;\">sons, vid\u00e9os (impossible \u00e0 lire)<\/span><\/li>\n<\/ul>\n<\/ul>\n<p>Le premier jour, notre \u00e9quipe \u00e9tait compos\u00e9e de onze journalistes. Nous nous sommes r\u00e9partis le travail : par groupe de deux ou trois, d\u2019une part il s\u2019agissait de se renseigner sur le projet ITER et ses enjeux, et \u00a0d\u2019autre part d\u2019effectuer des recherches par mots-cl\u00e9s.<\/p>\n<p><span style=\"font-weight: 400;\">Apr\u00e8s quelques jours de recherche, trois journalistes se sont perdus en route.<\/span><\/p>\n<p><iframe loading=\"lazy\" src=\"\/\/giphy.com\/embed\/RSdCETrepVFxm?html5=true\" width=\"480\" height=\"266\" frameBorder=\"0\" class=\"giphy-embed\" allowFullScreen><\/iframe><\/p>\n<p><a href=\"http:\/\/giphy.com\/gifs\/mad-men-crying-RSdCETrepVFxm\"><\/a><\/p>\n<p><span style=\"font-weight: 400;\">Au bout d\u2019une semaine de travail, nous avions compris l\u2019importance du projet faisant l\u2019objet de nombreuses publications. <\/span><\/p>\n<p><span style=\"font-weight: 400;\">Pour ce qui est des documents relatifs \u00e0 la \u201cfaille\u201d, nous nous sommes servis du logiciel \u201coverview\u201d\/lien sur lequel on peut t\u00e9l\u00e9charger des documents, puis effectuer des recherches par mots-cl\u00e9s sur l\u2019ensemble des pages. <\/span><\/p>\n<p><span style=\"font-weight: 400;\">Nous avons \u00e9galement tri\u00e9 les participants sur un tableau excel dans le but de savoir s\u2019ils faisaient l\u2019objet d\u2019une habilitation \u201csecret-d\u00e9fense\u201d, mais surtout s\u2019il existait des caract\u00e9ristiques qui pourraient attirer notre attention (domaine d\u2019activit\u00e9, liens avec d\u2019autres entreprises). <\/span><\/p>\n<p><span style=\"font-weight: 400;\">Nous avons identifi\u00e9 deux personnes sur lesquelles nous avons fait des recherches approfondies. Mais aucune de ces informations n\u2019\u00e9taient int\u00e9ressante pour notre enqu\u00eate. <\/span><\/p>\n<p><span style=\"font-weight: 400;\">Les op\u00e9rateurs boul\u00e9ens nous ont beaucoup aid\u00e9 au cours de ces recherches. (exemple \u2192 site:<\/span><a href=\"https:\/\/mioga.finances.gouv.fr\"><span style=\"font-weight: 400;\">mioga.finances.gouv.fr<\/span><\/a><span style=\"font-weight: 400;\"> intext : \u201cconfidential\u201d \u201chabilitation s\u00e9curit\u00e9\u201d flietype : pdf). <\/span><\/p>\n<p><span style=\"font-weight: 400;\">Nous avons identifi\u00e9 un certain nombre de questions sans r\u00e9ponse que nous avons ensuite envoy\u00e9es \u00e0 des ONG et \u00e0 un physicien. Les premi\u00e8res ne nous ont pas r\u00e9pondu alors que le physicien Pierre Peguin nous a expliqu\u00e9 qu\u2019il n\u2019avait pas le temps de se plonger dans le document qu\u2019il ne jugeait pas vraiment sensible.<\/span><\/p>\n<p><span style=\"font-weight: 400;\">Nous nous sommes alors focalis\u00e9s sur les habilitations \u201csecret-d\u00e9fense\u201d qui apparaissaient sur les fiches des participants au projet. Est-ce l\u00e9gal de divulguer ce genre d\u2019habilitation d\u2019Etat ? Cette question \u00e9tait la principale raison de notre enqu\u00eate, nous l\u2019avons jug\u00e9 trop mince pour continuer. <\/span><\/p>\n<p><span style=\"font-weight: 400;\">Au final, ce sont deux personnes habilit\u00e9es \u201csecret-d\u00e9fense\u201d qui ont retenu notre attention, sans pour autant trouver des informations exploitables.<\/span><span style=\"font-weight: 400;\">Le travail sur le projet Iter aura dur\u00e9 une semaine et demie. <\/span><\/p>\n<p>&nbsp;<\/p>\n<h1>March\u00e9s publics<\/h1>\n<p><span style=\"font-weight: 400;\">Apr\u00e8s \u00ab l\u2019\u00e9chec ITER \u00bb, Jean-Marc Manach nous a communiqu\u00e9 un nouveau sujet : la non publication des listes des march\u00e9s publics conclus au sein de la DGSE (Direction G\u00e9n\u00e9rale de la S\u00e9curit\u00e9 Ext\u00e9rieure).<\/span><\/p>\n<p><span style=\"font-weight: 400;\">Nous avons donc commenc\u00e9 \u00e0 rassembler toutes les informations n\u00e9cessaires : le cadre l\u00e9gislatif, les diff\u00e9rentes plateformes de publication concernant le minist\u00e8re de la D\u00e9fense et plus tard, toutes les administrations. <\/span><\/p>\n<p><span style=\"font-weight: 400;\">Nous avons cr\u00e9\u00e9 plusieurs feuilles spreadsheets dans lesquelles nous avons aspir\u00e9 les donn\u00e9es de<\/span><a href=\"http:\/\/data.gouv.fr\"> <span style=\"font-weight: 400;\">data.gouv.fr<\/span><\/a><span style=\"font-weight: 400;\">, nous avons aussi cr\u00e9\u00e9 des tableaux crois\u00e9s dynamiques.<\/span><\/p>\n<p><span style=\"font-weight: 400;\">Il a ensuite fallu r\u00e9pertorier toutes les entit\u00e9s pr\u00e9sentes sur les diff\u00e9rentes plateformes et inclure leurs donn\u00e9es, \u201c\u00e0 la mano\u201d, <\/span><span style=\"font-weight: 400;\">dans les spreadsheets.<\/span><\/p>\n<p><a href=\"http:\/\/www.efj.press\/adelepillon\/wp-content\/uploads\/sites\/21\/2015\/12\/Tableau-m\u00e9thodo.png\"><img loading=\"lazy\" decoding=\"async\" class=\"alignnone wp-image-70 size-full\" src=\"http:\/\/www.efj.press\/adelepillon\/wp-content\/uploads\/sites\/21\/2015\/12\/Tableau-m\u00e9thodo.png\" alt=\"Tableau m\u00e9thodo\" width=\"1265\" height=\"712\" srcset=\"http:\/\/www.efj.press\/adelepillon\/wp-content\/uploads\/sites\/21\/2015\/12\/Tableau-m\u00e9thodo.png 1265w, http:\/\/www.efj.press\/adelepillon\/wp-content\/uploads\/sites\/21\/2015\/12\/Tableau-m\u00e9thodo-300x169.png 300w, http:\/\/www.efj.press\/adelepillon\/wp-content\/uploads\/sites\/21\/2015\/12\/Tableau-m\u00e9thodo-1024x576.png 1024w\" sizes=\"(max-width: 1265px) 100vw, 1265px\" \/><\/a><\/p>\n<p><span style=\"font-weight: 400;\">Nous avons proc\u00e9d\u00e9 \u00e0 de nombreux calculs pour faire ressortir des chiffres cl\u00e9s. I<\/span><span style=\"font-weight: 400;\">l a fallu utiliser quelques formules sur le tableur telles que :<\/span><\/p>\n<p><a href=\"http:\/\/www.efj.press\/adelepillon\/wp-content\/uploads\/sites\/21\/2015\/12\/Formule-methodo-1.png\"><img loading=\"lazy\" decoding=\"async\" class=\"alignnone wp-image-71 size-full\" src=\"http:\/\/www.efj.press\/adelepillon\/wp-content\/uploads\/sites\/21\/2015\/12\/Formule-methodo-1.png\" alt=\"Formule methodo 1\" width=\"481\" height=\"58\" srcset=\"http:\/\/www.efj.press\/adelepillon\/wp-content\/uploads\/sites\/21\/2015\/12\/Formule-methodo-1.png 481w, http:\/\/www.efj.press\/adelepillon\/wp-content\/uploads\/sites\/21\/2015\/12\/Formule-methodo-1-300x36.png 300w\" sizes=\"(max-width: 481px) 100vw, 481px\" \/><\/a><\/p>\n<p><a href=\"http:\/\/www.efj.press\/adelepillon\/wp-content\/uploads\/sites\/21\/2015\/12\/Formule-m\u00e9thodo-2.png\"><img loading=\"lazy\" decoding=\"async\" class=\"alignnone wp-image-72 size-full\" src=\"http:\/\/www.efj.press\/adelepillon\/wp-content\/uploads\/sites\/21\/2015\/12\/Formule-m\u00e9thodo-2.png\" alt=\"Formule m\u00e9thodo 2\" width=\"309\" height=\"30\" srcset=\"http:\/\/www.efj.press\/adelepillon\/wp-content\/uploads\/sites\/21\/2015\/12\/Formule-m\u00e9thodo-2.png 309w, http:\/\/www.efj.press\/adelepillon\/wp-content\/uploads\/sites\/21\/2015\/12\/Formule-m\u00e9thodo-2-300x29.png 300w\" sizes=\"(max-width: 309px) 100vw, 309px\" \/><\/a><\/p>\n<p><span style=\"font-weight: 400;\">En cherchant les listes de march\u00e9s conclus des entit\u00e9s du minist\u00e8re de la D\u00e9fense, entre 2009 et 2014, sur les diff\u00e9rentes plateformes de publication, nous avons d\u00e9couvert que beaucoup ne les publiaient pas. Un travail de longue haleine, pendant lequel nous avons \u00e9t\u00e9 confront\u00e9s \u00e0 de nombreuses difficult\u00e9s, notamment concernant l\u2019utilisation des plateformes. Nous nous sommes aussi rendus compte que les donn\u00e9es n\u2019\u00e9taient pas toujours les m\u00eames en fonction des plateformes. <\/span><\/p>\n<p><span style=\"font-weight: 400;\">Les tableaux termin\u00e9s, nous avons contact\u00e9 les entit\u00e9s qui ne publiaient pas afin de conna\u00eetre leurs raisons.<br \/>\n<\/span><span style=\"font-weight: 400;\">Pour savoir si le probl\u00e8me \u00e9tait propre au minist\u00e8re de la D\u00e9fense, nous nous sommes pench\u00e9s sur le minist\u00e8re de l&rsquo;Agriculture apr\u00e8s avoir reproduit la m\u00eame d\u00e9marche qu\u2019avec les donn\u00e9es du minist\u00e8re de la D\u00e9fense. Par ailleurs, nous nous sommes pench\u00e9s sur le Conseil Constitutionnel, l\u2019Assembl\u00e9e Nationale ou encore l\u2019Elys\u00e9e.<br \/>\n<\/span><span style=\"font-weight: 400;\">Nous avons donc d\u00e9cid\u00e9 d\u2019angler notre enqu\u00eate autour de \u00ab l\u2019usine \u00e0 gaz \u00bb : les difficult\u00e9s que le citoyen pourrait rencontrer dans sa qu\u00eate de \u00ab transparence \u00bb.\u00a0<\/span><\/p>\n","protected":false},"excerpt":{"rendered":"<p>&nbsp; ITER Jean-Marc Manach avait\u00a0trouv\u00e9 une faille \u201cdans le syst\u00e8me extranet d\u2019Iter, un projet nucl\u00e9aire international\u201d &nbsp; C\u2019est le point de d\u00e9part de notre premier sujet de grande enqu\u00eate. Devant la charge de travail cons\u00e9quente, il ne pouvait pas creuser le sujet seul. Il nous a donc propos\u00e9 de travailler \u00e0 ses c\u00f4t\u00e9s et ainsi &hellip; <a href=\"http:\/\/www.efj.press\/adelepillon\/methodologie\/methodologie\/\" class=\"more-link\">Continuer la lecture de <span class=\"screen-reader-text\">M\u00e9thodologie<\/span>  <span class=\"meta-nav\">&rarr;<\/span><\/a><\/p>\n","protected":false},"author":23,"featured_media":0,"parent":75,"menu_order":0,"comment_status":"closed","ping_status":"closed","template":"","meta":{"footnotes":""},"_links":{"self":[{"href":"http:\/\/www.efj.press\/adelepillon\/wp-json\/wp\/v2\/pages\/69"}],"collection":[{"href":"http:\/\/www.efj.press\/adelepillon\/wp-json\/wp\/v2\/pages"}],"about":[{"href":"http:\/\/www.efj.press\/adelepillon\/wp-json\/wp\/v2\/types\/page"}],"author":[{"embeddable":true,"href":"http:\/\/www.efj.press\/adelepillon\/wp-json\/wp\/v2\/users\/23"}],"replies":[{"embeddable":true,"href":"http:\/\/www.efj.press\/adelepillon\/wp-json\/wp\/v2\/comments?post=69"}],"version-history":[{"count":6,"href":"http:\/\/www.efj.press\/adelepillon\/wp-json\/wp\/v2\/pages\/69\/revisions"}],"predecessor-version":[{"id":89,"href":"http:\/\/www.efj.press\/adelepillon\/wp-json\/wp\/v2\/pages\/69\/revisions\/89"}],"up":[{"embeddable":true,"href":"http:\/\/www.efj.press\/adelepillon\/wp-json\/wp\/v2\/pages\/75"}],"wp:attachment":[{"href":"http:\/\/www.efj.press\/adelepillon\/wp-json\/wp\/v2\/media?parent=69"}],"curies":[{"name":"wp","href":"https:\/\/api.w.org\/{rel}","templated":true}]}}