{"id":66,"date":"2015-12-03T10:52:46","date_gmt":"2015-12-03T09:52:46","guid":{"rendered":"http:\/\/www.efj.press\/adelepillon\/?page_id=66"},"modified":"2015-12-10T14:45:24","modified_gmt":"2015-12-10T13:45:24","slug":"glossaire","status":"publish","type":"page","link":"http:\/\/www.efj.press\/adelepillon\/methodologie\/glossaire\/","title":{"rendered":"Glossaire"},"content":{"rendered":"<p style=\"text-align: justify;\"><b>Transparence : <\/b><span style=\"font-weight: 400;\">Accessibilit\u00e9 des donn\u00e9es du domaine public<\/span><\/p>\n<p style=\"text-align: justify;\"><b>March\u00e9 public<\/b><span style=\"font-weight: 400;\"> : March\u00e9 pass\u00e9 par une entit\u00e9 de l\u2019Etat avec de l\u2019argent public.<\/span><\/p>\n<p style=\"text-align: justify;\"><b>Liste de march\u00e9s publics conclus<\/b><span style=\"font-weight: 400;\"> : Ensemble de march\u00e9s conclus par une entit\u00e9 d\u2019achat sur une ann\u00e9e<\/span><\/p>\n<p style=\"text-align: justify;\"><b>Entit\u00e9 d\u2019achat<\/b><span style=\"font-weight: 400;\"> : Administrations qui ont la possibilit\u00e9 de passer des march\u00e9s publics<\/span><\/p>\n<p style=\"text-align: justify;\"><b>Avis d\u2019attribution<\/b><span style=\"font-weight: 400;\"> : Notification \u00e0 l\u2019attention des perdants du march\u00e9.<\/span><\/p>\n<p style=\"text-align: justify;\"><b>BOAMP <\/b><span style=\"font-weight: 400;\">: \u00c9quivalent du Journal Officiel, mais pour les march\u00e9s publics.<\/span><\/p>\n<p style=\"text-align: justify;\"><b>Etalab<\/b><span style=\"font-weight: 400;\"> : Responsable de la d\u00e9mat\u00e9rialisation des donn\u00e9es de l\u2019Etat. Le but \u00e9tant d\u2019en faciliter l\u2019acc\u00e8s aux citoyens.<\/span><\/p>\n<p style=\"text-align: justify;\"><b>Data.gouv.fr<\/b><span style=\"font-weight: 400;\"> :\u00a0<\/span>site permettant l\u2019acc\u00e8s des citoyens \u00e0 ses donn\u00e9es, allant des donn\u00e9es de la RATP au prix de l\u2019eau en fonction des villes, en passant par les listes de march\u00e9s conclus.<\/p>\n","protected":false},"excerpt":{"rendered":"<p>Transparence : Accessibilit\u00e9 des donn\u00e9es du domaine public March\u00e9 public : March\u00e9 pass\u00e9 par une entit\u00e9 de l\u2019Etat avec de l\u2019argent public. Liste de march\u00e9s publics conclus : Ensemble de march\u00e9s conclus par une entit\u00e9 d\u2019achat sur une ann\u00e9e Entit\u00e9 d\u2019achat : Administrations qui ont la possibilit\u00e9 de passer des march\u00e9s publics Avis d\u2019attribution : &hellip; <a href=\"http:\/\/www.efj.press\/adelepillon\/methodologie\/glossaire\/\" class=\"more-link\">Continuer la lecture de <span class=\"screen-reader-text\">Glossaire<\/span>  <span class=\"meta-nav\">&rarr;<\/span><\/a><\/p>\n","protected":false},"author":23,"featured_media":0,"parent":75,"menu_order":0,"comment_status":"closed","ping_status":"closed","template":"","meta":{"footnotes":""},"_links":{"self":[{"href":"http:\/\/www.efj.press\/adelepillon\/wp-json\/wp\/v2\/pages\/66"}],"collection":[{"href":"http:\/\/www.efj.press\/adelepillon\/wp-json\/wp\/v2\/pages"}],"about":[{"href":"http:\/\/www.efj.press\/adelepillon\/wp-json\/wp\/v2\/types\/page"}],"author":[{"embeddable":true,"href":"http:\/\/www.efj.press\/adelepillon\/wp-json\/wp\/v2\/users\/23"}],"replies":[{"embeddable":true,"href":"http:\/\/www.efj.press\/adelepillon\/wp-json\/wp\/v2\/comments?post=66"}],"version-history":[{"count":3,"href":"http:\/\/www.efj.press\/adelepillon\/wp-json\/wp\/v2\/pages\/66\/revisions"}],"predecessor-version":[{"id":131,"href":"http:\/\/www.efj.press\/adelepillon\/wp-json\/wp\/v2\/pages\/66\/revisions\/131"}],"up":[{"embeddable":true,"href":"http:\/\/www.efj.press\/adelepillon\/wp-json\/wp\/v2\/pages\/75"}],"wp:attachment":[{"href":"http:\/\/www.efj.press\/adelepillon\/wp-json\/wp\/v2\/media?parent=66"}],"curies":[{"name":"wp","href":"https:\/\/api.w.org\/{rel}","templated":true}]}}